{"id":1484,"date":"2023-10-24T12:33:56","date_gmt":"2023-10-24T11:33:56","guid":{"rendered":"https:\/\/oiseauduparadis.ch\/?page_id=1484"},"modified":"2023-10-31T20:51:54","modified_gmt":"2023-10-31T19:51:54","slug":"contact","status":"publish","type":"page","link":"https:\/\/oiseauduparadis.ch\/de\/contact\/","title":{"rendered":"Contact"},"content":{"rendered":"\t\t<div data-elementor-type=\"wp-page\" data-elementor-id=\"1484\" class=\"elementor elementor-1484\" data-elementor-post-type=\"page\">\n\t\t\t\t<div class=\"elementor-element elementor-element-bedc6b8 e-flex e-con-boxed e-con e-parent\" data-id=\"bedc6b8\" data-element_type=\"container\" data-e-type=\"container\" data-settings=\"{&quot;background_background&quot;:&quot;classic&quot;}\">\n\t\t\t\t\t<div class=\"e-con-inner\">\n\t\t\t\t\t<\/div>\n\t\t\t\t<\/div>\n\t\t<div class=\"elementor-element elementor-element-846fdb2 e-flex e-con-boxed e-con e-parent\" data-id=\"846fdb2\" data-element_type=\"container\" data-e-type=\"container\">\n\t\t\t\t\t<div class=\"e-con-inner\">\n\t\t<div class=\"elementor-element elementor-element-6af2765 e-con-full e-flex e-con e-child\" data-id=\"6af2765\" data-element_type=\"container\" data-e-type=\"container\">\n\t\t<div class=\"elementor-element elementor-element-d60a55f e-flex e-con-boxed e-con e-child\" data-id=\"d60a55f\" data-element_type=\"container\" data-e-type=\"container\">\n\t\t\t\t\t<div class=\"e-con-inner\">\n\t\t\t\t<div class=\"elementor-element elementor-element-627815c elementor-widget elementor-widget-heading\" data-id=\"627815c\" data-element_type=\"widget\" data-e-type=\"widget\" data-widget_type=\"heading.default\">\n\t\t\t\t<div class=\"elementor-widget-container\">\n\t\t\t\t\t<h2 class=\"elementor-heading-title elementor-size-default\">Contact<\/h2>\t\t\t\t<\/div>\n\t\t\t\t<\/div>\n\t\t\t\t<div class=\"elementor-element elementor-element-981a90f elementor-widget elementor-widget-heading\" data-id=\"981a90f\" data-element_type=\"widget\" data-e-type=\"widget\" data-widget_type=\"heading.default\">\n\t\t\t\t<div class=\"elementor-widget-container\">\n\t\t\t\t\t<h2 class=\"elementor-heading-title elementor-size-default\">nos services<\/h2>\t\t\t\t<\/div>\n\t\t\t\t<\/div>\n\t\t\t\t<div class=\"elementor-element elementor-element-d062b30 elementor-widget elementor-widget-spacer\" data-id=\"d062b30\" data-element_type=\"widget\" data-e-type=\"widget\" data-widget_type=\"spacer.default\">\n\t\t\t\t<div class=\"elementor-widget-container\">\n\t\t\t\t\t\t\t<div class=\"elementor-spacer\">\n\t\t\t<div class=\"elementor-spacer-inner\"><\/div>\n\t\t<\/div>\n\t\t\t\t\t\t<\/div>\n\t\t\t\t<\/div>\n\t\t\t\t<div class=\"elementor-element elementor-element-ceef3e3 elementor-widget elementor-widget-text-editor\" data-id=\"ceef3e3\" data-element_type=\"widget\" data-e-type=\"widget\" data-widget_type=\"text-editor.default\">\n\t\t\t\t<div class=\"elementor-widget-container\">\n\t\t\t\t\t\t\t\t\t<p><span style=\"text-align: center;\">N&rsquo;h\u00e9sitez pas \u00e0 nous contacter pour toute demande d&rsquo;information, collaboration ou assistance. Notre \u00e9quipe d\u00e9vou\u00e9e est pr\u00eate \u00e0 vous aider et r\u00e9pondre \u00e0 vos besoins.<\/span><br><\/p>\t\t\t\t\t\t\t\t<\/div>\n\t\t\t\t<\/div>\n\t\t\t\t\t<\/div>\n\t\t\t\t<\/div>\n\t\t<div class=\"elementor-element elementor-element-76d2a2a e-flex e-con-boxed e-con e-child\" data-id=\"76d2a2a\" data-element_type=\"container\" data-e-type=\"container\">\n\t\t\t\t\t<div class=\"e-con-inner\">\n\t\t\t\t<div class=\"elementor-element elementor-element-5951ada elementor-view-default elementor-widget elementor-widget-icon\" data-id=\"5951ada\" data-element_type=\"widget\" data-e-type=\"widget\" data-widget_type=\"icon.default\">\n\t\t\t\t<div class=\"elementor-widget-container\">\n\t\t\t\t\t\t\t<div class=\"elementor-icon-wrapper\">\n\t\t\t<div class=\"elementor-icon\">\n\t\t\t<svg xmlns=\"http:\/\/www.w3.org\/2000\/svg\" id=\"Layer_1\" height=\"512\" viewBox=\"0 0 100 100\" width=\"512\"><path d=\"m73.4 59.4c-2.3-2.3-6.1-2.3-8.5 0l-4.3 4.3c-1.6 1.6-4.1 1.6-5.7 0l-18.6-18.6c-.8-.8-1.2-1.8-1.2-2.8s.4-2.1 1.2-2.8l4.3-4.3c2.3-2.3 2.3-6.1 0-8.5l-14.3-14.4c-1.1-1.1-2.6-1.8-4.2-1.8s-3.1.6-4.2 1.8l-.2.2c-5.7 5.6-8.8 13.2-8.8 21.2s3.1 15.6 8.8 21.2l27.4 27.4c5.9 5.8 13.5 8.8 21.2 8.8s15.4-2.9 21.2-8.8l.2-.2c2.3-2.3 2.3-6.1 0-8.5zm11.5 19.9-.2.2c-10.1 10.1-26.6 10.1-36.8 0l-27.4-27.4c-4.9-4.9-7.6-11.4-7.6-18.4s2.7-13.5 7.6-18.4l.2-.2c.4-.4.9-.6 1.4-.6s1 .2 1.4.6l14.3 14.3c.8.8.8 2 0 2.8l-4.3 4.3c-1.5 1.5-2.3 3.5-2.3 5.6s.8 4.2 2.4 5.7l18.6 18.6c3.1 3.1 8.2 3.1 11.3 0l4.3-4.3c.8-.8 2-.8 2.8 0l14.3 14.3c.7.9.7 2.1 0 2.9zm-22.8-45.4h4v4c0 3.9 3.1 7 7 7s7-3.1 7-7v-4h4c3.9 0 7-3.1 7-7s-3.1-7-7-7h-4v-4c0-3.9-3.1-7-7-7s-7 3.1-7 7v4h-4c-3.9 0-7 3.1-7 7s3.1 7 7 7zm0-10h6c1.1 0 2-.9 2-2v-6c0-1.7 1.3-3 3-3s3 1.3 3 3v6c0 1.1.9 2 2 2h6c1.7 0 3 1.3 3 3 0 1.6-1.3 3-3 3h-6c-1.1 0-2 .9-2 2v6c0 1.6-1.3 3-3 3s-3-1.4-3-3v-6c0-1.1-.9-2-2-2h-6c-1.7 0-3-1.4-3-3 0-1.7 1.4-3 3-3z\"><\/path><\/svg>\t\t\t<\/div>\n\t\t<\/div>\n\t\t\t\t\t\t<\/div>\n\t\t\t\t<\/div>\n\t\t\t\t<div class=\"elementor-element elementor-element-9af2c15 elementor-widget elementor-widget-heading\" data-id=\"9af2c15\" data-element_type=\"widget\" data-e-type=\"widget\" data-widget_type=\"heading.default\">\n\t\t\t\t<div class=\"elementor-widget-container\">\n\t\t\t\t\t<h3 class=\"elementor-heading-title elementor-size-default\">+41 (0)76 449 31 16<\/h3>\t\t\t\t<\/div>\n\t\t\t\t<\/div>\n\t\t\t\t\t<\/div>\n\t\t\t\t<\/div>\n\t\t<div class=\"elementor-element elementor-element-d05c47b e-flex e-con-boxed e-con e-child\" data-id=\"d05c47b\" data-element_type=\"container\" data-e-type=\"container\">\n\t\t\t\t\t<div class=\"e-con-inner\">\n\t\t\t\t<div class=\"elementor-element elementor-element-b555a81 elementor-view-default elementor-widget elementor-widget-icon\" data-id=\"b555a81\" data-element_type=\"widget\" data-e-type=\"widget\" data-widget_type=\"icon.default\">\n\t\t\t\t<div class=\"elementor-widget-container\">\n\t\t\t\t\t\t\t<div class=\"elementor-icon-wrapper\">\n\t\t\t<div class=\"elementor-icon\">\n\t\t\t<svg xmlns=\"http:\/\/www.w3.org\/2000\/svg\" id=\"Layer_1\" height=\"512\" viewBox=\"0 0 100 100\" width=\"512\"><path d=\"m87 24h-62c-4.4 0-8 3.6-8 8v3c0 1.1.9 2 2 2s2-.9 2-2v-3c0-.4.1-.8.2-1.2l22.4 19.2-22.4 19.2c-.1-.4-.2-.8-.2-1.2v-3c0-1.1-.9-2-2-2s-2 .9-2 2v3c0 4.4 3.6 8 8 8h62c4.4 0 8-3.6 8-8v-36c0-4.4-3.6-8-8-8zm-62.8 4.1c.2-.1.5-.1.8-.1h62c.3 0 .6 0 .8.1l-30.5 26.1c-.8.6-1.8.6-2.6 0zm62.8 43.9h-62c-.3 0-.6 0-.8-.1l22.5-19.3 5.4 4.7c1.1 1 2.5 1.5 3.9 1.5s2.8-.5 3.9-1.5l5.4-4.7 22.5 19.3c-.2.1-.5.1-.8.1zm4-4c0 .4-.1.8-.2 1.2l-22.4-19.2 22.4-19.2c.1.4.2.8.2 1.2zm-80-23c0-1.1.9-2 2-2h12c1.1 0 2 .9 2 2s-.9 2-2 2h-12c-1.1 0-2-.9-2-2zm14 12h-18c-1.1 0-2-.9-2-2s.9-2 2-2h18c1.1 0 2 .9 2 2s-.9 2-2 2z\"><\/path><\/svg>\t\t\t<\/div>\n\t\t<\/div>\n\t\t\t\t\t\t<\/div>\n\t\t\t\t<\/div>\n\t\t\t\t<div class=\"elementor-element elementor-element-c3b3c2d elementor-widget elementor-widget-heading\" data-id=\"c3b3c2d\" data-element_type=\"widget\" data-e-type=\"widget\" data-widget_type=\"heading.default\">\n\t\t\t\t<div class=\"elementor-widget-container\">\n\t\t\t\t\t<h3 class=\"elementor-heading-title elementor-size-default\">info@oiseauduparadis.ch<\/h3>\t\t\t\t<\/div>\n\t\t\t\t<\/div>\n\t\t\t\t\t<\/div>\n\t\t\t\t<\/div>\n\t\t<div class=\"elementor-element elementor-element-4f09da7 e-flex e-con-boxed e-con e-child\" data-id=\"4f09da7\" data-element_type=\"container\" data-e-type=\"container\">\n\t\t\t\t\t<div class=\"e-con-inner\">\n\t\t\t\t<div class=\"elementor-element elementor-element-3378468 elementor-view-default elementor-widget elementor-widget-icon\" data-id=\"3378468\" data-element_type=\"widget\" data-e-type=\"widget\" data-widget_type=\"icon.default\">\n\t\t\t\t<div class=\"elementor-widget-container\">\n\t\t\t\t\t\t\t<div class=\"elementor-icon-wrapper\">\n\t\t\t<div class=\"elementor-icon\">\n\t\t\t<svg xmlns=\"http:\/\/www.w3.org\/2000\/svg\" id=\"Layer_1\" height=\"512\" viewBox=\"0 0 100 100\" width=\"512\"><path d=\"m93 79h-4v-42c0-3.3-2.7-6-6-6h-10.1c.2-3.4-.4-6.8-1.8-10.1-3.4-8.2-11-13.5-19.9-13.9-.8 0-1.6 0-2.4 0-8.9.4-16.5 5.7-19.9 13.9-1.4 3.3-2 6.7-1.8 10.1h-10.1c-3.3 0-6 2.7-6 6v42h-4c-1.1 0-2 .9-2 2 0 6.6 5.4 12 12 12h66c6.6 0 12-5.4 12-12 0-1.1-.9-2-2-2zm-60.5-56.5c2.9-6.8 9-11.1 16.4-11.4h2.1c7.4.3 13.5 4.6 16.4 11.4 2.8 6.8 1.6 14.4-3.4 19.9l-14 15.6-14.1-15.7c-4.9-5.4-6.2-13-3.4-19.8zm25.1 33.1c7.8 1.2 12.4 4.1 12.4 6.4 0 2.9-7.6 7-20 7s-20-4.1-20-7c0-2.3 4.6-5.2 12.4-6.4l6.1 6.8c.4.4.9.7 1.5.7s1.1-.2 1.5-.7zm-42.6-18.6c0-1.1.9-2 2-2h10.7c.9 3.6 2.6 7.1 5.3 10l6.4 7.1c-7.5 1.6-13.4 5-13.4 9.9 0 7.1 12.4 11 24 11s24-3.9 24-11c0-4.9-5.9-8.3-13.3-9.9l6.4-7.1c2.6-2.9 4.4-6.4 5.3-10h10.6c1.1 0 2 .9 2 2v42h-70zm68 52h-66c-3.7 0-6.9-2.5-7.8-6h81.5c-.8 3.5-4 6-7.7 6zm-33-48c6.6 0 12-5.4 12-12s-5.4-12-12-12-12 5.4-12 12 5.4 12 12 12zm0-20c4.4 0 8 3.6 8 8s-3.6 8-8 8-8-3.6-8-8 3.6-8 8-8z\"><\/path><\/svg>\t\t\t<\/div>\n\t\t<\/div>\n\t\t\t\t\t\t<\/div>\n\t\t\t\t<\/div>\n\t\t\t\t<div class=\"elementor-element elementor-element-21fa02e elementor-widget elementor-widget-heading\" data-id=\"21fa02e\" data-element_type=\"widget\" data-e-type=\"widget\" data-widget_type=\"heading.default\">\n\t\t\t\t<div class=\"elementor-widget-container\">\n\t\t\t\t\t<h3 class=\"elementor-heading-title elementor-size-default\">Chermin de la chaux 35 - CH-1618 Ch\u00e2tel-St-Denis<\/h3>\t\t\t\t<\/div>\n\t\t\t\t<\/div>\n\t\t\t\t\t<\/div>\n\t\t\t\t<\/div>\n\t\t\t\t<\/div>\n\t\t<div class=\"elementor-element elementor-element-7a63c3b e-con-full e-flex e-con e-child\" data-id=\"7a63c3b\" data-element_type=\"container\" data-e-type=\"container\">\n\t\t\t\t<div class=\"elementor-element elementor-element-4d8c2a6 elementor-widget elementor-widget-wpforms\" data-id=\"4d8c2a6\" data-element_type=\"widget\" data-e-type=\"widget\" data-widget_type=\"wpforms.default\">\n\t\t\t\t<div class=\"elementor-widget-container\">\n\t\t\t\t\t<style id=\"wpforms-css-vars-elementor-widget-4d8c2a6\">\n\t\t\t\t.elementor-widget-wpforms.elementor-element-4d8c2a6 {\n\t\t\t\t--wpforms-button-background-color: #066aab;\n--wpforms-button-text-color: #C37D00;\n--wpforms-button-background-color-alt: #F1B62F00;\n--wpforms-button-size-font-size: 14px;\n--wpforms-button-size-height: 37px;\n--wpforms-button-size-padding-h: 15px;\n--wpforms-button-size-margin-top: 5px;\n\t\t\t}\n\t\t\t<\/style><div class=\"wpforms-container wpforms-container-full wpforms-render-modern\" id=\"wpforms-1825\"><form id=\"wpforms-form-1825\" class=\"wpforms-validate wpforms-form wpforms-ajax-form\" data-formid=\"1825\" method=\"post\" enctype=\"multipart\/form-data\" action=\"\/de\/wp-json\/wp\/v2\/pages\/1484\" data-token=\"cf1cd9ea5b8779f9b1d59ecca225989d\" data-token-time=\"1776170801\"><noscript class=\"wpforms-error-noscript\">Bitte aktivieren Sie JavaScript in Ihrem Browser, um dieses Formular fertigzustellen.<\/noscript><div id=\"wpforms-error-noscript\" style=\"display: none;\">Bitte aktivieren Sie JavaScript in Ihrem Browser, um dieses Formular fertigzustellen.<\/div><div class=\"wpforms-field-container\"><div id=\"wpforms-1825-field_0-container\" class=\"wpforms-field wpforms-field-name\" data-field-id=\"0\"><fieldset><legend class=\"wpforms-field-label wpforms-label-hide\" aria-hidden=\"false\">Nom <span class=\"wpforms-required-label\" aria-hidden=\"true\">*<\/span><\/legend><div class=\"wpforms-field-row wpforms-field-large\"><div class=\"wpforms-field-row-block wpforms-first wpforms-one-half\"><input type=\"text\" id=\"wpforms-1825-field_0\" class=\"wpforms-field-name-first wpforms-field-required\" name=\"wpforms[fields][0][first]\" placeholder=\"Pr\u00e9nom\" aria-errormessage=\"wpforms-1825-field_0-error\" required><label for=\"wpforms-1825-field_0\" class=\"wpforms-field-sublabel after wpforms-sublabel-hide\">Vorname<\/label><\/div><div class=\"wpforms-field-row-block wpforms-one-half\"><input type=\"text\" id=\"wpforms-1825-field_0-last\" class=\"wpforms-field-name-last wpforms-field-required\" name=\"wpforms[fields][0][last]\" placeholder=\"Nom\" aria-errormessage=\"wpforms-1825-field_0-last-error\" required><label for=\"wpforms-1825-field_0-last\" class=\"wpforms-field-sublabel after wpforms-sublabel-hide\">Nachname<\/label><\/div><\/div><\/fieldset><\/div><div id=\"wpforms-1825-field_1-container\" class=\"wpforms-field wpforms-field-email\" data-field-id=\"1\"><label class=\"wpforms-field-label wpforms-label-hide\" for=\"wpforms-1825-field_1\" aria-hidden=\"false\">E-mail <span class=\"wpforms-required-label\" aria-hidden=\"true\">*<\/span><\/label><input type=\"email\" id=\"wpforms-1825-field_1\" class=\"wpforms-field-large wpforms-field-required\" name=\"wpforms[fields][1]\" placeholder=\"E-mail\" spellcheck=\"false\" aria-errormessage=\"wpforms-1825-field_1-error\" required><\/div><div id=\"wpforms-1825-field_2-container\" class=\"wpforms-field wpforms-field-textarea\" data-field-id=\"2\"><label class=\"wpforms-field-label wpforms-label-hide\" for=\"wpforms-1825-field_2\" aria-hidden=\"false\">Commentaire ou message<\/label><textarea id=\"wpforms-1825-field_2\" class=\"wpforms-field-medium\" name=\"wpforms[fields][2]\" placeholder=\"Commentaire ou message\" aria-errormessage=\"wpforms-1825-field_2-error\" ><\/textarea><\/div><\/div><!-- .wpforms-field-container --><div class=\"wpforms-recaptcha-container wpforms-is-hcaptcha\" ><div class=\"h-captcha\" data-sitekey=\"c0b81e07-2697-4831-b2c1-04768f9b0685\"><\/div><input type=\"text\" name=\"g-recaptcha-hidden\" class=\"wpforms-recaptcha-hidden\" style=\"position:absolute!important;clip:rect(0,0,0,0)!important;height:1px!important;width:1px!important;border:0!important;overflow:hidden!important;padding:0!important;margin:0!important;\" data-rule-hcaptcha=\"1\"><\/div><div class=\"wpforms-submit-container\" ><input type=\"hidden\" name=\"wpforms[id]\" value=\"1825\"><input type=\"hidden\" name=\"page_title\" value=\"\"><input type=\"hidden\" name=\"page_url\" value=\"https:\/\/oiseauduparadis.ch\/de\/wp-json\/wp\/v2\/pages\/1484\"><input type=\"hidden\" name=\"url_referer\" value=\"\"><button type=\"submit\" name=\"wpforms[submit]\" id=\"wpforms-submit-1825\" class=\"wpforms-submit\" data-alt-text=\"Envoi...\" data-submit-text=\"Envoyer\" aria-live=\"assertive\" value=\"wpforms-submit\">Envoyer<\/button><img decoding=\"async\" src=\"https:\/\/oiseauduparadis.ch\/wp-content\/plugins\/wpforms-lite\/assets\/images\/submit-spin.svg\" class=\"wpforms-submit-spinner\" style=\"display: none;\" width=\"26\" height=\"26\" alt=\"Wird geladen\"><\/div><\/form><\/div>  <!-- .wpforms-container -->\t\t\t\t<\/div>\n\t\t\t\t<\/div>\n\t\t\t\t<\/div>\n\t\t\t\t\t<\/div>\n\t\t\t\t<\/div>\n\t\t<div class=\"elementor-element elementor-element-53e775a e-con-full e-flex e-con e-parent\" data-id=\"53e775a\" data-element_type=\"container\" data-e-type=\"container\">\n\t\t\t\t<div class=\"elementor-element elementor-element-284d549 elementor-widget elementor-widget-google_maps\" data-id=\"284d549\" data-element_type=\"widget\" data-e-type=\"widget\" data-widget_type=\"google_maps.default\">\n\t\t\t\t<div class=\"elementor-widget-container\">\n\t\t\t\t\t\t\t<div class=\"elementor-custom-embed\">\n\t\t\t<iframe loading=\"lazy\"\n\t\t\t\t\tsrc=\"https:\/\/maps.google.com\/maps?q=Chem.%20de%20la%20Chaux%2035%2C%201618%20Ch%C3%A2tel-Saint-Denis%2C%20Suisse&#038;t=m&#038;z=12&#038;output=embed&#038;iwloc=near\"\n\t\t\t\t\ttitle=\"Chem. de la Chaux 35, 1618 Ch\u00e2tel-Saint-Denis, Suisse\"\n\t\t\t\t\taria-label=\"Chem. de la Chaux 35, 1618 Ch\u00e2tel-Saint-Denis, Suisse\"\n\t\t\t><\/iframe>\n\t\t<\/div>\n\t\t\t\t\t\t<\/div>\n\t\t\t\t<\/div>\n\t\t\t\t<\/div>\n\t\t\t\t<\/div>\n\t\t","protected":false},"excerpt":{"rendered":"<p>Contact nos services N&rsquo;h\u00e9sitez pas \u00e0 nous contacter pour toute demande d&rsquo;information, collaboration ou assistance. Notre \u00e9quipe d\u00e9vou\u00e9e est pr\u00eate \u00e0 vous aider et r\u00e9pondre \u00e0 vos besoins. +41 (0)76 449 31 16 info@oiseauduparadis.ch Chermin de la chaux 35 &#8211; CH-1618 Ch\u00e2tel-St-Denis Veuillez activer JavaScript dans votre navigateur pour remplir ce formulaire.Veuillez activer JavaScript dans [&hellip;]<\/p>\n","protected":false},"author":14,"featured_media":0,"parent":0,"menu_order":0,"comment_status":"closed","ping_status":"closed","template":"elementor_header_footer","meta":{"footnotes":""},"class_list":["post-1484","page","type-page","status-publish","hentry"],"jetpack-related-posts":[{"id":1487,"url":"https:\/\/oiseauduparadis.ch\/de\/nos-produits\/","url_meta":{"origin":1484,"position":0},"title":"Nos produits","author":"Jessica Jaccard","date":"24 Oktober 2023","format":false,"excerpt":"D\u00e9couvrez nos produits L'objectif principal du Groupe L'Oiseau Du Paradis, a pour vocation de r\u00e9colter, s\u00e9lectionner, conditionner, fabriquer, d\u00e9nicher et distribuer des produits d'exception fait localement et artisanalement. Commander maintenant Des questions contactez-nous N'h\u00e9sitez pas \u00e0 nous contacter pour toute demande d'information, collaboration ou assistance. Notre \u00e9quipe d\u00e9vou\u00e9e est pr\u00eate\u2026","rel":"","context":"\u00c4hnlicher Beitrag","block_context":{"text":"\u00c4hnlicher Beitrag","link":""},"img":{"alt_text":"","src":"https:\/\/i0.wp.com\/oiseauduparadis.ch\/wp-content\/uploads\/2021\/01\/sucettes-1024x1024.jpg?resize=350%2C200&ssl=1","width":350,"height":200,"srcset":"https:\/\/i0.wp.com\/oiseauduparadis.ch\/wp-content\/uploads\/2021\/01\/sucettes-1024x1024.jpg?resize=350%2C200&ssl=1 1x, https:\/\/i0.wp.com\/oiseauduparadis.ch\/wp-content\/uploads\/2021\/01\/sucettes-1024x1024.jpg?resize=525%2C300&ssl=1 1.5x, https:\/\/i0.wp.com\/oiseauduparadis.ch\/wp-content\/uploads\/2021\/01\/sucettes-1024x1024.jpg?resize=700%2C400&ssl=1 2x"},"classes":[]},{"id":1474,"url":"https:\/\/oiseauduparadis.ch\/de\/","url_meta":{"origin":1484,"position":1},"title":"Le paradis des saveurs &#8211; depuis 2010","author":"Jessica Jaccard","date":"23 Oktober 2023","format":false,"excerpt":"Le paradis des saveurs depuis 2010 Bienvenue au Groupe L\u2019Oiseau du ParadisAu c\u0153ur de notre fondation familiale, nous cultivons une passion transmise de g\u00e9n\u00e9ration en g\u00e9n\u00e9ration. Apiculture, gastronomie et artisanat se conjuguent pour donner naissance \u00e0 des p\u00e2tisseries fines et \u00e0 des produits d\u2019exception issus de nos ruches.Notre engagement d\u00e9passe\u2026","rel":"","context":"\u00c4hnlicher Beitrag","block_context":{"text":"\u00c4hnlicher Beitrag","link":""},"img":{"alt_text":"","src":"https:\/\/i0.wp.com\/oiseauduparadis.ch\/wp-content\/uploads\/2023\/11\/hero-img-1-2.webp?resize=350%2C200&ssl=1","width":350,"height":200,"srcset":"https:\/\/i0.wp.com\/oiseauduparadis.ch\/wp-content\/uploads\/2023\/11\/hero-img-1-2.webp?resize=350%2C200&ssl=1 1x, https:\/\/i0.wp.com\/oiseauduparadis.ch\/wp-content\/uploads\/2023\/11\/hero-img-1-2.webp?resize=525%2C300&ssl=1 1.5x, https:\/\/i0.wp.com\/oiseauduparadis.ch\/wp-content\/uploads\/2023\/11\/hero-img-1-2.webp?resize=700%2C400&ssl=1 2x, https:\/\/i0.wp.com\/oiseauduparadis.ch\/wp-content\/uploads\/2023\/11\/hero-img-1-2.webp?resize=1050%2C600&ssl=1 3x, https:\/\/i0.wp.com\/oiseauduparadis.ch\/wp-content\/uploads\/2023\/11\/hero-img-1-2.webp?resize=1400%2C800&ssl=1 4x"},"classes":[]},{"id":21,"url":"https:\/\/oiseauduparadis.ch\/de\/ou-nous-trouver\/","url_meta":{"origin":1484,"position":2},"title":"March\u00e9s et points de vente","author":"Armand Gander","date":"22 August 2014","format":false,"excerpt":"Ambulant Retrouvez nous proche de chez vous, aux dates ci-dessous : Samedi 14 octobre de 8h \u00e0 17h March\u00e9 d'automne Grolley Samedi 28 octobre de 10h \u00e0 15h March\u00e9 Villageois Barboleuse - Gryon Samedi 4 novembre de 10h \u00e0 17h Porte ouverte du Restaurant Cr\u00eat-Pr\u00e8s-Semsales Samedi 25 et dimanche 26\u2026","rel":"","context":"\u00c4hnlicher Beitrag","block_context":{"text":"\u00c4hnlicher Beitrag","link":""},"img":{"alt_text":"","src":"https:\/\/i0.wp.com\/oiseauduparadis.ch\/wp-content\/uploads\/2014\/08\/cropped-abeille-marche-150x150.jpg?resize=350%2C200&ssl=1","width":350,"height":200},"classes":[]},{"id":4,"url":"https:\/\/oiseauduparadis.ch\/de\/accueil\/","url_meta":{"origin":1484,"position":3},"title":"Bienvenue\u00a0 Venez d\u00e9couvrir notre boutique\u2026","author":"Armand Gander","date":"15 Juli 2014","format":false,"excerpt":"Bienvenue\u00a0 Venez d\u00e9couvrir notre boutique en ligne qui regroupe tous les produits propos\u00e9 par Les Breuvages d'Armand pour vos envies de miel et d'hydromel ou alors\u00a0Les Gourmandises d'Armand pour les saveurs gourmandes et local. Un souci avec des nuisibles volant ou rampent alors contact\u00e9 SOS ABEILLES ET NUISIBLES ici Un\u2026","rel":"","context":"\u00c4hnlicher Beitrag","block_context":{"text":"\u00c4hnlicher Beitrag","link":""},"img":{"alt_text":"abeille-du-t\u00e9l\u00e9phone-d-39580291","src":"https:\/\/i0.wp.com\/oiseauduparadis.ch\/wp-content\/uploads\/2014\/07\/abeille-du-t%C3%A9l%C3%A9phone-d-39580291-150x150.jpg?resize=350%2C200&ssl=1","width":350,"height":200},"classes":[]},{"id":78,"url":"https:\/\/oiseauduparadis.ch\/de\/sos-abeilles\/","url_meta":{"origin":1484,"position":4},"title":"SOS ABEILLES ET NUISIBLES","author":"Armand Gander","date":"28 September 2014","format":false,"excerpt":"Service d'intervention 6\/7, \u00e0 toutes hauteurs. UNE URGENCE !!! UN NUM\u00c9RO : +41 76 449 31 16 D\u00e9barrass\u00e9 Dard Dard !!! Pourquoi nos clients nous choisissent plut\u00f4t que d\u2019autres ? Nous sommes sp\u00e9cialis\u00e9 dans l\u2019enl\u00e8vement des insectes volants et des volatiles, aussi bien au sol qu\u2019en grandes hauteurs et acc\u00e8s\u2026","rel":"","context":"\u00c4hnlicher Beitrag","block_context":{"text":"\u00c4hnlicher Beitrag","link":""},"img":{"alt_text":"","src":"https:\/\/i0.wp.com\/oiseauduparadis.ch\/wp-content\/uploads\/2016\/10\/heminopteres.jpg?resize=350%2C200&ssl=1","width":350,"height":200,"srcset":"https:\/\/i0.wp.com\/oiseauduparadis.ch\/wp-content\/uploads\/2016\/10\/heminopteres.jpg?resize=350%2C200&ssl=1 1x, https:\/\/i0.wp.com\/oiseauduparadis.ch\/wp-content\/uploads\/2016\/10\/heminopteres.jpg?resize=525%2C300&ssl=1 1.5x, https:\/\/i0.wp.com\/oiseauduparadis.ch\/wp-content\/uploads\/2016\/10\/heminopteres.jpg?resize=700%2C400&ssl=1 2x"},"classes":[]},{"id":728,"url":"https:\/\/oiseauduparadis.ch\/de\/boutique\/conditions-general-de-vente\/","url_meta":{"origin":1484,"position":5},"title":"CONDITIONS GENRALES DE VENTE valable d\u00e8s le 02.01.2024.","author":"Armand Gander","date":"16 Januar 2021","format":false,"excerpt":"Les conditions g\u00e9n\u00e9rales de vente (ci-apr\u00e8s \u00ab CGV \u00bb) s\u2019appliquent \u00e0 tous les actes juridiques conclus sur la boutique en ligne www.oiseauduparadis.ch (ci-apr\u00e8s d\u00e9sign\u00e9es individuellement \u00ab boutique en ligne \u00bb). La boutique en ligne est g\u00e9r\u00e9e par la soci\u00e9t\u00e9 Groupe L\u2019Oiseau Du Paradis. Groupe L\u2019Oiseau Du Paradis se r\u00e9serve le\u2026","rel":"","context":"\u00c4hnlicher Beitrag","block_context":{"text":"\u00c4hnlicher Beitrag","link":""},"img":{"alt_text":"","src":"","width":0,"height":0},"classes":[]}],"jetpack_sharing_enabled":true,"_links":{"self":[{"href":"https:\/\/oiseauduparadis.ch\/de\/wp-json\/wp\/v2\/pages\/1484","targetHints":{"allow":["GET"]}}],"collection":[{"href":"https:\/\/oiseauduparadis.ch\/de\/wp-json\/wp\/v2\/pages"}],"about":[{"href":"https:\/\/oiseauduparadis.ch\/de\/wp-json\/wp\/v2\/types\/page"}],"author":[{"embeddable":true,"href":"https:\/\/oiseauduparadis.ch\/de\/wp-json\/wp\/v2\/users\/14"}],"replies":[{"embeddable":true,"href":"https:\/\/oiseauduparadis.ch\/de\/wp-json\/wp\/v2\/comments?post=1484"}],"version-history":[{"count":66,"href":"https:\/\/oiseauduparadis.ch\/de\/wp-json\/wp\/v2\/pages\/1484\/revisions"}],"predecessor-version":[{"id":2210,"href":"https:\/\/oiseauduparadis.ch\/de\/wp-json\/wp\/v2\/pages\/1484\/revisions\/2210"}],"wp:attachment":[{"href":"https:\/\/oiseauduparadis.ch\/de\/wp-json\/wp\/v2\/media?parent=1484"}],"curies":[{"name":"wp","href":"https:\/\/api.w.org\/{rel}","templated":true}]}}