{"id":492,"date":"2016-07-21T17:47:12","date_gmt":"2016-07-21T16:47:12","guid":{"rendered":"http:\/\/www.oiseauduparadis.ch\/?page_id=492"},"modified":"2023-03-22T21:40:21","modified_gmt":"2023-03-22T20:40:21","slug":"gourmandise_d_armand","status":"publish","type":"page","link":"https:\/\/oiseauduparadis.ch\/de\/gourmandise_d_armand\/","title":{"rendered":"Gourmandises d&rsquo;Armand"},"content":{"rendered":"<h4 style=\"text-align: center;\"><a href=\"https:\/\/i0.wp.com\/oiseauduparadis.ch\/wp-content\/uploads\/2021\/01\/chef-de-l-abeille-d-avec-la-cuillere-38169178.jpg?ssl=1\"><img data-recalc-dims=\"1\" decoding=\"async\" class=\"aligncenter wp-image-997\" src=\"https:\/\/i0.wp.com\/oiseauduparadis.ch\/wp-content\/uploads\/2021\/01\/chef-de-l-abeille-d-avec-la-cuillere-38169178.jpg?resize=97%2C97&#038;ssl=1\" alt=\"\" width=\"97\" height=\"97\" srcset=\"https:\/\/i0.wp.com\/oiseauduparadis.ch\/wp-content\/uploads\/2021\/01\/chef-de-l-abeille-d-avec-la-cuillere-38169178.jpg?resize=150%2C150&amp;ssl=1 150w, https:\/\/i0.wp.com\/oiseauduparadis.ch\/wp-content\/uploads\/2021\/01\/chef-de-l-abeille-d-avec-la-cuillere-38169178.jpg?resize=300%2C300&amp;ssl=1 300w, https:\/\/i0.wp.com\/oiseauduparadis.ch\/wp-content\/uploads\/2021\/01\/chef-de-l-abeille-d-avec-la-cuillere-38169178.jpg?resize=1024%2C1024&amp;ssl=1 1024w, https:\/\/i0.wp.com\/oiseauduparadis.ch\/wp-content\/uploads\/2021\/01\/chef-de-l-abeille-d-avec-la-cuillere-38169178.jpg?resize=768%2C768&amp;ssl=1 768w, https:\/\/i0.wp.com\/oiseauduparadis.ch\/wp-content\/uploads\/2021\/01\/chef-de-l-abeille-d-avec-la-cuillere-38169178.jpg?resize=1536%2C1536&amp;ssl=1 1536w, https:\/\/i0.wp.com\/oiseauduparadis.ch\/wp-content\/uploads\/2021\/01\/chef-de-l-abeille-d-avec-la-cuillere-38169178.jpg?resize=2048%2C2048&amp;ssl=1 2048w, https:\/\/i0.wp.com\/oiseauduparadis.ch\/wp-content\/uploads\/2021\/01\/chef-de-l-abeille-d-avec-la-cuillere-38169178.jpg?resize=600%2C600&amp;ssl=1 600w, https:\/\/i0.wp.com\/oiseauduparadis.ch\/wp-content\/uploads\/2021\/01\/chef-de-l-abeille-d-avec-la-cuillere-38169178.jpg?resize=100%2C100&amp;ssl=1 100w, https:\/\/i0.wp.com\/oiseauduparadis.ch\/wp-content\/uploads\/2021\/01\/chef-de-l-abeille-d-avec-la-cuillere-38169178.jpg?w=800&amp;ssl=1 800w\" sizes=\"(max-width: 97px) 100vw, 97px\" \/><\/a><\/h4>\n<h1 style=\"text-align: center;\">Pour plus de plaisir !!!<\/h1>\n<p>Depuis 2021, Les Gourmandises d&rsquo;Armand est notre Caf\u00e9 &#8211; P\u00e2tisserie Ambulante, n\u00e9 de la fusion du Caf\u00e9 du March\u00e9 et de la volont\u00e9 d&rsquo;Armand et Evelyne de vous proposer tout au long de l&rsquo;ann\u00e9e sur nos diff\u00e9rents march\u00e9s et foires diff\u00e9rents produits sucr\u00e9s et sal\u00e9s, que vous pouvez commander d\u00e8s aujourd&rsquo;hui via notre <a title=\"Boutique\" href=\"https:\/\/oiseauduparadis.ch\/de\/boutique\/\" target=\"_blank\" rel=\"noopener noreferrer\">boutique en ligne<\/a><\/p>\n<h4 style=\"text-align: center;\">A bient\u00f4t pour vous faire d\u00e9couvrir notre Caf\u00e9 &#8211; P\u00e2tisserie Ambulante.<\/h4>\n<blockquote>\n<p><em><strong>Petite annonce :<\/strong><\/em><\/p>\n<p><em><b>Actuellement nous sommes \u00e0 la rechercher d&rsquo;un investisseur actif qui pourrais sponsoris\u00e9 notre futur remorque food truck, c&rsquo;est peut-\u00eatre vous ???<\/b><\/em><\/p>\n<\/blockquote>\n<h4 style=\"text-align: center;\">\u00a0<\/h4>","protected":false},"excerpt":{"rendered":"","protected":false},"author":2,"featured_media":0,"parent":0,"menu_order":0,"comment_status":"closed","ping_status":"closed","template":"","meta":{"footnotes":""},"class_list":["post-492","page","type-page","status-publish","hentry"],"jetpack-related-posts":[{"id":1474,"url":"https:\/\/oiseauduparadis.ch\/de\/","url_meta":{"origin":492,"position":0},"title":"Le paradis des saveurs &#8211; depuis 2010","author":"Jessica Jaccard","date":"23 Oktober 2023","format":false,"excerpt":"Le paradis des saveurs depuis 2010 Bienvenue au Groupe L\u2019Oiseau du ParadisAu c\u0153ur de notre fondation familiale, nous cultivons une passion transmise de g\u00e9n\u00e9ration en g\u00e9n\u00e9ration. Apiculture, gastronomie et artisanat se conjuguent pour donner naissance \u00e0 des p\u00e2tisseries fines et \u00e0 des produits d\u2019exception issus de nos ruches.Notre engagement d\u00e9passe\u2026","rel":"","context":"\u00c4hnlicher Beitrag","block_context":{"text":"\u00c4hnlicher Beitrag","link":""},"img":{"alt_text":"","src":"https:\/\/i0.wp.com\/oiseauduparadis.ch\/wp-content\/uploads\/2023\/11\/hero-img-1-2.webp?resize=350%2C200&ssl=1","width":350,"height":200,"srcset":"https:\/\/i0.wp.com\/oiseauduparadis.ch\/wp-content\/uploads\/2023\/11\/hero-img-1-2.webp?resize=350%2C200&ssl=1 1x, https:\/\/i0.wp.com\/oiseauduparadis.ch\/wp-content\/uploads\/2023\/11\/hero-img-1-2.webp?resize=525%2C300&ssl=1 1.5x, https:\/\/i0.wp.com\/oiseauduparadis.ch\/wp-content\/uploads\/2023\/11\/hero-img-1-2.webp?resize=700%2C400&ssl=1 2x, https:\/\/i0.wp.com\/oiseauduparadis.ch\/wp-content\/uploads\/2023\/11\/hero-img-1-2.webp?resize=1050%2C600&ssl=1 3x, https:\/\/i0.wp.com\/oiseauduparadis.ch\/wp-content\/uploads\/2023\/11\/hero-img-1-2.webp?resize=1400%2C800&ssl=1 4x"},"classes":[]},{"id":4,"url":"https:\/\/oiseauduparadis.ch\/de\/accueil\/","url_meta":{"origin":492,"position":1},"title":"Bienvenue\u00a0 Venez d\u00e9couvrir notre boutique\u2026","author":"Armand Gander","date":"15 Juli 2014","format":false,"excerpt":"Bienvenue\u00a0 Venez d\u00e9couvrir notre boutique en ligne qui regroupe tous les produits propos\u00e9 par Les Breuvages d'Armand pour vos envies de miel et d'hydromel ou alors\u00a0Les Gourmandises d'Armand pour les saveurs gourmandes et local. Un souci avec des nuisibles volant ou rampent alors contact\u00e9 SOS ABEILLES ET NUISIBLES ici Un\u2026","rel":"","context":"\u00c4hnlicher Beitrag","block_context":{"text":"\u00c4hnlicher Beitrag","link":""},"img":{"alt_text":"abeille-du-t\u00e9l\u00e9phone-d-39580291","src":"https:\/\/i0.wp.com\/oiseauduparadis.ch\/wp-content\/uploads\/2014\/07\/abeille-du-t%C3%A9l%C3%A9phone-d-39580291-150x150.jpg?resize=350%2C200&ssl=1","width":350,"height":200},"classes":[]},{"id":21,"url":"https:\/\/oiseauduparadis.ch\/de\/ou-nous-trouver\/","url_meta":{"origin":492,"position":2},"title":"March\u00e9s et points de vente","author":"Armand Gander","date":"22 August 2014","format":false,"excerpt":"Ambulant Retrouvez nous proche de chez vous, aux dates ci-dessous : Samedi 14 octobre de 8h \u00e0 17h March\u00e9 d'automne Grolley Samedi 28 octobre de 10h \u00e0 15h March\u00e9 Villageois Barboleuse - Gryon Samedi 4 novembre de 10h \u00e0 17h Porte ouverte du Restaurant Cr\u00eat-Pr\u00e8s-Semsales Samedi 25 et dimanche 26\u2026","rel":"","context":"\u00c4hnlicher Beitrag","block_context":{"text":"\u00c4hnlicher Beitrag","link":""},"img":{"alt_text":"","src":"https:\/\/i0.wp.com\/oiseauduparadis.ch\/wp-content\/uploads\/2014\/08\/cropped-abeille-marche-150x150.jpg?resize=350%2C200&ssl=1","width":350,"height":200},"classes":[]},{"id":661,"url":"https:\/\/oiseauduparadis.ch\/de\/emploi\/","url_meta":{"origin":492,"position":3},"title":"Les Ruches d&rsquo;Armand","author":"Armand Gander","date":"26 M\u00e4rz 2017","format":false,"excerpt":"Depuis 2010, Les Ruches d\u2019Armand a pour vocation de r\u00e9colter, s\u00e9lectionner, conditionner et distribuer des produits d\u2019exception. Notre offre est compos\u00e9e de confiserie au miel, miel, pain d'\u00e9pice, nougat, pate \u00e0 tartiner. Les ruches d'Armand sont pr\u00e9sents sur Ch\u00e2tel-Saint-Denis, et dans le sud de la France. D\u00e9couvrez la finesse du\u2026","rel":"","context":"\u00c4hnlicher Beitrag","block_context":{"text":"\u00c4hnlicher Beitrag","link":""},"img":{"alt_text":"","src":"","width":0,"height":0},"classes":[]},{"id":2,"url":"https:\/\/oiseauduparadis.ch\/de\/hydromel\/","url_meta":{"origin":492,"position":4},"title":"Breuvages d&rsquo;Armand","author":"Armand Gander","date":"16 Juli 2014","format":false,"excerpt":"Mettez du m\u00e9di\u00e9val dans votre verre !!! Chez les Breuvages d'Armand vous trouverez nos hydromels et divers breuvages m\u00e9di\u00e9vaux d'exeption. Nos hydromels sont issu de nos 460 ruches transhumente en France et nos 10 ruches en Suisse romande g\u00e9r\u00e9e de fa\u00e7on biodynamique. Les Breuvages d\u2019Armand fait partager ses produits d\u2019excellence,\u2026","rel":"","context":"\u00c4hnlicher Beitrag","block_context":{"text":"\u00c4hnlicher Beitrag","link":""},"img":{"alt_text":"","src":"https:\/\/i0.wp.com\/oiseauduparadis.ch\/wp-content\/uploads\/2022\/12\/d-pszczoa-obok-kwiatu-38169200-150x150.jpg?resize=350%2C200&ssl=1","width":350,"height":200},"classes":[]},{"id":901,"url":"https:\/\/oiseauduparadis.ch\/de\/boutique\/","url_meta":{"origin":492,"position":5},"title":"Boutique","author":"Armand Gander","date":"23 M\u00e4rz 2020","format":false,"excerpt":"","rel":"","context":"\u00c4hnlicher Beitrag","block_context":{"text":"\u00c4hnlicher Beitrag","link":""},"img":{"alt_text":"","src":"","width":0,"height":0},"classes":[]}],"jetpack_sharing_enabled":true,"_links":{"self":[{"href":"https:\/\/oiseauduparadis.ch\/de\/wp-json\/wp\/v2\/pages\/492","targetHints":{"allow":["GET"]}}],"collection":[{"href":"https:\/\/oiseauduparadis.ch\/de\/wp-json\/wp\/v2\/pages"}],"about":[{"href":"https:\/\/oiseauduparadis.ch\/de\/wp-json\/wp\/v2\/types\/page"}],"author":[{"embeddable":true,"href":"https:\/\/oiseauduparadis.ch\/de\/wp-json\/wp\/v2\/users\/2"}],"replies":[{"embeddable":true,"href":"https:\/\/oiseauduparadis.ch\/de\/wp-json\/wp\/v2\/comments?post=492"}],"version-history":[{"count":22,"href":"https:\/\/oiseauduparadis.ch\/de\/wp-json\/wp\/v2\/pages\/492\/revisions"}],"predecessor-version":[{"id":1420,"href":"https:\/\/oiseauduparadis.ch\/de\/wp-json\/wp\/v2\/pages\/492\/revisions\/1420"}],"wp:attachment":[{"href":"https:\/\/oiseauduparadis.ch\/de\/wp-json\/wp\/v2\/media?parent=492"}],"curies":[{"name":"wp","href":"https:\/\/api.w.org\/{rel}","templated":true}]}}