{"id":924,"date":"2020-07-21T13:25:46","date_gmt":"2020-07-21T12:25:46","guid":{"rendered":"http:\/\/www.oiseauduparadis.ch\/mon-compte\/"},"modified":"2023-10-25T23:23:35","modified_gmt":"2023-10-25T22:23:35","slug":"mon-compte","status":"publish","type":"page","link":"https:\/\/oiseauduparadis.ch\/de\/mon-compte\/","title":{"rendered":"Mon compte"},"content":{"rendered":"<div data-elementor-type=\"wp-page\" data-elementor-id=\"924\" class=\"elementor elementor-924\" data-elementor-post-type=\"page\">\n\t\t\t\t<div class=\"elementor-element elementor-element-18b05da9 e-flex e-con-boxed e-con e-parent\" data-id=\"18b05da9\" data-element_type=\"container\" data-e-type=\"container\">\n\t\t\t\t\t<div class=\"e-con-inner\">\n\t\t\t\t<div class=\"elementor-element elementor-element-3f3e11a7 elementor-widget elementor-widget-shortcode\" data-id=\"3f3e11a7\" data-element_type=\"widget\" data-e-type=\"widget\" data-widget_type=\"shortcode.default\">\n\t\t\t\t<div class=\"elementor-widget-container\">\n\t\t\t\t\t\t\t<div class=\"elementor-shortcode\"><div class=\"woocommerce\"><\/div><\/div>\n\t\t\t\t\t\t<\/div>\n\t\t\t\t<\/div>\n\t\t\t\t\t<\/div>\n\t\t\t\t<\/div>\n\t\t\t\t<\/div>","protected":false},"excerpt":{"rendered":"","protected":false},"author":2,"featured_media":0,"parent":0,"menu_order":0,"comment_status":"closed","ping_status":"closed","template":"elementor_header_footer","meta":{"footnotes":""},"class_list":["post-924","page","type-page","status-publish","hentry"],"jetpack-related-posts":[{"id":728,"url":"https:\/\/oiseauduparadis.ch\/de\/boutique\/conditions-general-de-vente\/","url_meta":{"origin":924,"position":0},"title":"CONDITIONS GENRALES DE VENTE valable d\u00e8s le 02.01.2024.","author":"Armand Gander","date":"16 Januar 2021","format":false,"excerpt":"Les conditions g\u00e9n\u00e9rales de vente (ci-apr\u00e8s \u00ab CGV \u00bb) s\u2019appliquent \u00e0 tous les actes juridiques conclus sur la boutique en ligne www.oiseauduparadis.ch (ci-apr\u00e8s d\u00e9sign\u00e9es individuellement \u00ab boutique en ligne \u00bb). La boutique en ligne est g\u00e9r\u00e9e par la soci\u00e9t\u00e9 Groupe L\u2019Oiseau Du Paradis. Groupe L\u2019Oiseau Du Paradis se r\u00e9serve le\u2026","rel":"","context":"\u00c4hnlicher Beitrag","block_context":{"text":"\u00c4hnlicher Beitrag","link":""},"img":{"alt_text":"","src":"","width":0,"height":0},"classes":[]}],"jetpack_sharing_enabled":true,"_links":{"self":[{"href":"https:\/\/oiseauduparadis.ch\/de\/wp-json\/wp\/v2\/pages\/924","targetHints":{"allow":["GET"]}}],"collection":[{"href":"https:\/\/oiseauduparadis.ch\/de\/wp-json\/wp\/v2\/pages"}],"about":[{"href":"https:\/\/oiseauduparadis.ch\/de\/wp-json\/wp\/v2\/types\/page"}],"author":[{"embeddable":true,"href":"https:\/\/oiseauduparadis.ch\/de\/wp-json\/wp\/v2\/users\/2"}],"replies":[{"embeddable":true,"href":"https:\/\/oiseauduparadis.ch\/de\/wp-json\/wp\/v2\/comments?post=924"}],"version-history":[{"count":6,"href":"https:\/\/oiseauduparadis.ch\/de\/wp-json\/wp\/v2\/pages\/924\/revisions"}],"predecessor-version":[{"id":1959,"href":"https:\/\/oiseauduparadis.ch\/de\/wp-json\/wp\/v2\/pages\/924\/revisions\/1959"}],"wp:attachment":[{"href":"https:\/\/oiseauduparadis.ch\/de\/wp-json\/wp\/v2\/media?parent=924"}],"curies":[{"name":"wp","href":"https:\/\/api.w.org\/{rel}","templated":true}]}}