{"id":1058,"date":"2021-03-15T00:08:59","date_gmt":"2021-03-14T23:08:59","guid":{"rendered":"https:\/\/www.oiseauduparadis.ch\/?post_type=product&#038;p=1058"},"modified":"2026-01-05T17:14:51","modified_gmt":"2026-01-05T16:14:51","slug":"paquet-de-5-sucettes-au-miel","status":"publish","type":"product","link":"https:\/\/oiseauduparadis.ch\/de\/produkt\/paquet-de-5-sucettes-au-miel\/","title":{"rendered":"Paquet de 5 Sucettes au miel"},"content":{"rendered":"<p><strong>Sucettes au Miel &#8211; Paquet de 5 sucettes<\/strong><\/p>\n<p>Offrez \u00e0 vos papilles un moment de douceur avec nos <strong>sucettes au miel<\/strong>, un d\u00e9lice sucr\u00e9 \u00e0 savourer \u00e0 tout moment de la journ\u00e9e. Chaque sucette est confectionn\u00e9e avec soin et contient <strong>15% de miel<\/strong>, apportant une touche de naturel et de douceur. Leur <strong>b\u00e2ton en bois<\/strong> garantit une utilisation facile et une dur\u00e9e de vie prolong\u00e9e, vous permettant de profiter de leur saveur pendant plus longtemps.<\/p>\n<p>Nos sucettes combinent parfaitement les saveurs sucr\u00e9es traditionnelles et la douceur unique du miel, pour une exp\u00e9rience gustative agr\u00e9able et authentique. Le <strong>paquet refermable<\/strong> de 5 sucettes permet de les conserver facilement tout en pr\u00e9servant leur fra\u00eecheur. Que ce soit pour une petite pause sucr\u00e9e ou un go\u00fbter pour les enfants, ces sucettes sont une option id\u00e9ale.<\/p>\n<p><strong>Ingr\u00e9dients<\/strong> : Sucre, sirop de glucose, 15% miel.<br \/>\n<strong>Conditionnement<\/strong> : Paquet refermable de 5 sucettes.<br \/>\n<strong>Poids<\/strong> : 80 grammes<\/p>","protected":false},"excerpt":{"rendered":"<p>Savourez nos <strong>sucettes au miel <\/strong>(15%), avec un <strong>b\u00e2ton en bois<\/strong> pour plus de confort et une dur\u00e9e de vie prolong\u00e9e. Pr\u00e9par\u00e9es avec amour, elles offrent une douceur naturelle et sucr\u00e9e. Pratique, le <strong>paquet refermable<\/strong> contient 5 sucettes \u00e0 d\u00e9guster \u00e0 tout moment.<\/p>","protected":false},"featured_media":1378,"comment_status":"closed","ping_status":"closed","template":"","meta":{"jetpack_publicize_message":"","jetpack_publicize_feature_enabled":true,"jetpack_social_post_already_shared":false,"jetpack_social_options":{"image_generator_settings":{"template":"highway","default_image_id":0,"font":"","enabled":false},"version":2}},"product_brand":[],"product_cat":[68],"product_tag":[],"class_list":{"0":"post-1058","1":"product","2":"type-product","3":"status-publish","4":"has-post-thumbnail","6":"product_cat-les-ruches-darmand","7":"product_shipping_class-ruches-darmand","9":"first","10":"instock","11":"taxable","12":"shipping-taxable","13":"purchasable","14":"product-type-simple"},"jetpack_publicize_connections":[],"jetpack-related-posts":[{"id":965,"url":"https:\/\/oiseauduparadis.ch\/de\/produkt\/sucette-au-miel-15g\/","url_meta":{"origin":1058,"position":0},"title":"Sucette au miel 15g","author":"Armand Gander","date":"11 Januar 2021","format":false,"excerpt":"Sucette au Miel - 15g Savourez notre sucette au miel \u00e0 15% de miel, parfaite pour une pause sucr\u00e9e. Son b\u00e2ton en bois assure une dur\u00e9e de vie prolong\u00e9e, et son format de 15g est id\u00e9al pour un moment de douceur \u00e0 emporter. Conditionnement : \u00c0 l\u2019unit\u00e9, 15g.","rel":"","context":"\u00c4hnlicher Beitrag","block_context":{"text":"\u00c4hnlicher Beitrag","link":""},"img":{"alt_text":"","src":"","width":0,"height":0},"classes":[]},{"id":962,"url":"https:\/\/oiseauduparadis.ch\/de\/produkt\/pastilles-au-miel-ovales-200g\/","url_meta":{"origin":1058,"position":1},"title":"Pastilles ovales 20% de miel, 200g","author":"Armand Gander","date":"16 Januar 2021","format":false,"excerpt":"Pastilles au Miel - 200g Savourez nos pastilles au miel (20%), en forme ovale et orn\u00e9es d\u2019une abeille, pour adoucir votre gorge et satisfaire vos envies sucr\u00e9es. Ces bonbons d\u00e9licieux sont parfaits pour des instants gourmands \u00e0 tout moment de la journ\u00e9e. Conditionnement : Paquet de 200g.","rel":"","context":"\u00c4hnlicher Beitrag","block_context":{"text":"\u00c4hnlicher Beitrag","link":""},"img":{"alt_text":"","src":"https:\/\/i0.wp.com\/oiseauduparadis.ch\/wp-content\/uploads\/2021\/01\/10100_PASTILLE_PM_RONDE.jpg?fit=800%2C630&ssl=1&resize=350%2C200","width":350,"height":200,"srcset":"https:\/\/i0.wp.com\/oiseauduparadis.ch\/wp-content\/uploads\/2021\/01\/10100_PASTILLE_PM_RONDE.jpg?fit=800%2C630&ssl=1&resize=350%2C200 1x, https:\/\/i0.wp.com\/oiseauduparadis.ch\/wp-content\/uploads\/2021\/01\/10100_PASTILLE_PM_RONDE.jpg?fit=800%2C630&ssl=1&resize=525%2C300 1.5x, https:\/\/i0.wp.com\/oiseauduparadis.ch\/wp-content\/uploads\/2021\/01\/10100_PASTILLE_PM_RONDE.jpg?fit=800%2C630&ssl=1&resize=700%2C400 2x"},"classes":[]},{"id":963,"url":"https:\/\/oiseauduparadis.ch\/de\/produkt\/pates-dor-propolis-200g\/","url_meta":{"origin":1058,"position":2},"title":"P\u00e2tes d&rsquo;or Propolis &#8211; 20% de miel &#8211; 200g","author":"Armand Gander","date":"11 Januar 2021","format":false,"excerpt":"Savourez notre p\u00e2te d\u2019or artisanale, r\u00e9alis\u00e9e \u00e0 partir de miel et propolis pour un go\u00fbt unique et des bienfaits naturels. Avec 20% de miel et 2,5% de propolis, cette p\u00e2te est d\u00e9licatement d\u00e9coup\u00e9e \u00e0 la main et offre une texture fondante. Parfaite pour allier plaisir et bien-\u00eatre. Conditionnement : Paquet\u2026","rel":"","context":"\u00c4hnlicher Beitrag","block_context":{"text":"\u00c4hnlicher Beitrag","link":""},"img":{"alt_text":"","src":"https:\/\/i0.wp.com\/oiseauduparadis.ch\/wp-content\/uploads\/2021\/01\/50105_PATEDOR_PROPOLIS_SUCRE_DE_CANNE.jpg?fit=800%2C630&ssl=1&resize=350%2C200","width":350,"height":200,"srcset":"https:\/\/i0.wp.com\/oiseauduparadis.ch\/wp-content\/uploads\/2021\/01\/50105_PATEDOR_PROPOLIS_SUCRE_DE_CANNE.jpg?fit=800%2C630&ssl=1&resize=350%2C200 1x, https:\/\/i0.wp.com\/oiseauduparadis.ch\/wp-content\/uploads\/2021\/01\/50105_PATEDOR_PROPOLIS_SUCRE_DE_CANNE.jpg?fit=800%2C630&ssl=1&resize=525%2C300 1.5x, https:\/\/i0.wp.com\/oiseauduparadis.ch\/wp-content\/uploads\/2021\/01\/50105_PATEDOR_PROPOLIS_SUCRE_DE_CANNE.jpg?fit=800%2C630&ssl=1&resize=700%2C400 2x"},"classes":[]},{"id":1406,"url":"https:\/\/oiseauduparadis.ch\/de\/produkt\/plaque-nougat-miel\/","url_meta":{"origin":1058,"position":3},"title":"Plaque de nougat blanc au miel 100g","author":"Armand Gander","date":"4 Oktober 2023","format":false,"excerpt":"La Plaque de Nougat Blanc au miel combine des amandes blanchies, pour une touche originale et subtile. Sa texture souple et le parfum d\u00e9licat de vanille viennent rehausser le go\u00fbt du miel, offrant une douceur gourmande et fondante. Un d\u00e9lice \u00e0 savourer seul ou \u00e0 partager. Ingr\u00e9dients : Sucre, AMANDES\u2026","rel":"","context":"\u00c4hnlicher Beitrag","block_context":{"text":"\u00c4hnlicher Beitrag","link":""},"img":{"alt_text":"","src":"https:\/\/i0.wp.com\/oiseauduparadis.ch\/wp-content\/uploads\/2023\/10\/Nougat-bars-Vital-Almond-540x406-1.jpg?fit=540%2C406&ssl=1&resize=350%2C200","width":350,"height":200,"srcset":"https:\/\/i0.wp.com\/oiseauduparadis.ch\/wp-content\/uploads\/2023\/10\/Nougat-bars-Vital-Almond-540x406-1.jpg?fit=540%2C406&ssl=1&resize=350%2C200 1x, https:\/\/i0.wp.com\/oiseauduparadis.ch\/wp-content\/uploads\/2023\/10\/Nougat-bars-Vital-Almond-540x406-1.jpg?fit=540%2C406&ssl=1&resize=525%2C300 1.5x"},"classes":[]},{"id":2390,"url":"https:\/\/oiseauduparadis.ch\/de\/produkt\/moutarde-a-lancienne-au-miel\/","url_meta":{"origin":1058,"position":4},"title":"Moutarde \u00e0 l&rsquo;ancienne au miel 180g","author":"Armand Gander","date":"13 November 2023","format":false,"excerpt":"Moutarde \u00e0 l\u2019Ancienne au Miel \u2013 Douceur et Caract\u00e8re \u00c9labor\u00e9e avec des graines de moutarde jaunes et noires, cette moutarde est adoucie par 10% de miel issu de nos ruchers fran\u00e7ais. Id\u00e9ale pour badigeonner viandes, r\u00f4tis, ou pour rehausser vinaigrettes et sauces maison. Ingr\u00e9dients Vinaigre de cidre*, graines de MOUTARDE,\u2026","rel":"","context":"\u00c4hnlicher Beitrag","block_context":{"text":"\u00c4hnlicher Beitrag","link":""},"img":{"alt_text":"","src":"https:\/\/i0.wp.com\/oiseauduparadis.ch\/wp-content\/uploads\/2023\/11\/20231114_104610-scaled.jpg?fit=733%2C1200&ssl=1&resize=350%2C200","width":350,"height":200,"srcset":"https:\/\/i0.wp.com\/oiseauduparadis.ch\/wp-content\/uploads\/2023\/11\/20231114_104610-scaled.jpg?fit=733%2C1200&ssl=1&resize=350%2C200 1x, https:\/\/i0.wp.com\/oiseauduparadis.ch\/wp-content\/uploads\/2023\/11\/20231114_104610-scaled.jpg?fit=733%2C1200&ssl=1&resize=525%2C300 1.5x, https:\/\/i0.wp.com\/oiseauduparadis.ch\/wp-content\/uploads\/2023\/11\/20231114_104610-scaled.jpg?fit=733%2C1200&ssl=1&resize=700%2C400 2x"},"classes":[]},{"id":1188,"url":"https:\/\/oiseauduparadis.ch\/de\/produkt\/pain-depice-pur-miel\/","url_meta":{"origin":1058,"position":5},"title":"Pain d\u2019\u00e9pices Pur miel 250g","author":"Armand Gander","date":"5 Oktober 2021","format":false,"excerpt":"Pain d\u2019\u00c9pices Artisanale au Miel - 250g Savourez notre pain d\u2019\u00e9pices artisanal au miel pur (57%), sans lactose, fabriqu\u00e9 avec soin dans nos ateliers. Sa texture moelleuse et ses \u00e9pices d\u00e9licates de cannelle et d\u2019anis en font une gourmandise parfaite, \u00e0 d\u00e9guster nature, avec du beurre ou du foie gras.\u2026","rel":"","context":"\u00c4hnlicher Beitrag","block_context":{"text":"\u00c4hnlicher Beitrag","link":""},"img":{"alt_text":"","src":"https:\/\/i0.wp.com\/oiseauduparadis.ch\/wp-content\/uploads\/2021\/10\/TRANCHE-PE.jpg?fit=1200%2C1190&ssl=1&resize=350%2C200","width":350,"height":200,"srcset":"https:\/\/i0.wp.com\/oiseauduparadis.ch\/wp-content\/uploads\/2021\/10\/TRANCHE-PE.jpg?fit=1200%2C1190&ssl=1&resize=350%2C200 1x, https:\/\/i0.wp.com\/oiseauduparadis.ch\/wp-content\/uploads\/2021\/10\/TRANCHE-PE.jpg?fit=1200%2C1190&ssl=1&resize=525%2C300 1.5x, https:\/\/i0.wp.com\/oiseauduparadis.ch\/wp-content\/uploads\/2021\/10\/TRANCHE-PE.jpg?fit=1200%2C1190&ssl=1&resize=700%2C400 2x, https:\/\/i0.wp.com\/oiseauduparadis.ch\/wp-content\/uploads\/2021\/10\/TRANCHE-PE.jpg?fit=1200%2C1190&ssl=1&resize=1050%2C600 3x"},"classes":[]}],"jetpack_sharing_enabled":true,"_links":{"self":[{"href":"https:\/\/oiseauduparadis.ch\/de\/wp-json\/wp\/v2\/product\/1058","targetHints":{"allow":["GET"]}}],"collection":[{"href":"https:\/\/oiseauduparadis.ch\/de\/wp-json\/wp\/v2\/product"}],"about":[{"href":"https:\/\/oiseauduparadis.ch\/de\/wp-json\/wp\/v2\/types\/product"}],"replies":[{"embeddable":true,"href":"https:\/\/oiseauduparadis.ch\/de\/wp-json\/wp\/v2\/comments?post=1058"}],"wp:featuredmedia":[{"embeddable":true,"href":"https:\/\/oiseauduparadis.ch\/de\/wp-json\/wp\/v2\/media\/1378"}],"wp:attachment":[{"href":"https:\/\/oiseauduparadis.ch\/de\/wp-json\/wp\/v2\/media?parent=1058"}],"wp:term":[{"taxonomy":"product_brand","embeddable":true,"href":"https:\/\/oiseauduparadis.ch\/de\/wp-json\/wp\/v2\/product_brand?post=1058"},{"taxonomy":"product_cat","embeddable":true,"href":"https:\/\/oiseauduparadis.ch\/de\/wp-json\/wp\/v2\/product_cat?post=1058"},{"taxonomy":"product_tag","embeddable":true,"href":"https:\/\/oiseauduparadis.ch\/de\/wp-json\/wp\/v2\/product_tag?post=1058"}],"curies":[{"name":"wp","href":"https:\/\/api.w.org\/{rel}","templated":true}]}}