{"id":1108,"date":"2021-04-14T09:16:15","date_gmt":"2021-04-14T08:16:15","guid":{"rendered":"https:\/\/www.oiseauduparadis.ch\/?post_type=product&#038;p=1108"},"modified":"2025-10-19T15:12:24","modified_gmt":"2025-10-19T14:12:24","slug":"tarte-a-la-raisinee-develyne","status":"publish","type":"product","link":"https:\/\/oiseauduparadis.ch\/de\/produkt\/tarte-a-la-raisinee-develyne\/","title":{"rendered":"Tarte \u00e0 la raisin\u00e9e d&rsquo;Evelyne"},"content":{"rendered":"<p><strong>Tarte \u00e0 la Raisin\u00e9e d&rsquo;Evelyne &#8211; 28 cm \u00d8<\/strong><\/p>\n<p>La <strong>Tarte \u00e0 la Raisin\u00e9e<\/strong> d&rsquo;Evelyne, ou <strong>Tarte au Vin Cuit<\/strong>, selon la r\u00e9gion, est un v\u00e9ritable chef-d&rsquo;\u0153uvre de la p\u00e2tisserie traditionnelle vaudoise. Ce g\u00e2teau au <strong>go\u00fbt unique et irr\u00e9sistible<\/strong> est une v\u00e9ritable \u00ab tuerie \u00bb comme le dit Evelyne, et chaque bouch\u00e9e est un voyage dans le temps, une immersion dans les saveurs authentiques de notre terroir.<\/p>\n<p>Pr\u00e9par\u00e9e avec soin selon la recette secr\u00e8te d&rsquo;Evelyne, cette tarte se distingue par son <strong>effet miroir<\/strong> parfait, gr\u00e2ce \u00e0 l&rsquo;ajout de <strong>lait concentr\u00e9 sucr\u00e9<\/strong> qui apporte une texture lisse et brillante. La <strong>raisin\u00e9e<\/strong>, ou <strong>vin cuit<\/strong>, un sirop concentr\u00e9 de jus de fruits (poires ou pommes), est la star de cette recette, infusant chaque bouch\u00e9e de son go\u00fbt riche et l\u00e9g\u00e8rement sucr\u00e9. Si vous \u00eates fan de raisin\u00e9e, cette tarte sera un v\u00e9ritable r\u00e9gal, vous offrant la parfaite combinaison de douceur et de profondeur de saveur.<\/p>\n<p>Disponible en <strong>tarte de 28 cm \u00d8<\/strong>, cette d\u00e9licieuse gourmandise se d\u00e9coupe en <strong>8 parts<\/strong> g\u00e9n\u00e9reuses, parfaites pour partager (ou pas !). Que ce soit pour un dessert apr\u00e8s un repas, pour une pause gourmande ou pour une occasion sp\u00e9ciale, la <strong>Tarte \u00e0 la Raisin\u00e9e d&rsquo;Evelyne<\/strong> saura s\u00e9duire tous les amateurs de sucr\u00e9. Attention, son <strong>effet envoutant<\/strong> vous fera fondre, et vous ne pourrez plus vous arr\u00eater !<\/p>\n<p><strong>Disponible<\/strong> : Tarte de 28 cm \u00d8, 8 parts. sur demande nous faisons aussi des tartelettes !<\/p>","protected":false},"excerpt":{"rendered":"<p><strong>Tarte \u00e0 la Raisin\u00e9e d&rsquo;Evelyne &#8211; 28 cm \u00d8<\/strong><\/p>\n<p>La <strong>Tarte \u00e0 la Raisin\u00e9e d&rsquo;Evelyne<\/strong> est une vraie sp\u00e9cialit\u00e9 vaudoise qui combine <strong>raisin\u00e9e<\/strong> (vin cuit de poires ou pommes) et lait concentr\u00e9 sucr\u00e9 pour un <strong>effet miroir irr\u00e9sistible<\/strong>. Avec son go\u00fbt unique, cette tarte est un d\u00e9lice \u00e0 savourer absolument. Disponible en <strong>28 cm \u00d8<\/strong>, elle se d\u00e9coupe en <strong>8 parts<\/strong> g\u00e9n\u00e9reuses et sur demande nous pouvons faire des tartelettes de 9cm de \u00d8.<br \/>\n<strong>Attention<\/strong> : son <strong>effet envoutant<\/strong> ne vous laissera pas indiff\u00e9rent !<\/p>","protected":false},"featured_media":1109,"comment_status":"open","ping_status":"closed","template":"","meta":{"jetpack_publicize_message":"","jetpack_publicize_feature_enabled":true,"jetpack_social_post_already_shared":false,"jetpack_social_options":{"image_generator_settings":{"template":"highway","default_image_id":0,"font":"","enabled":false},"version":2}},"product_brand":[],"product_cat":[28],"product_tag":[],"class_list":{"0":"post-1108","1":"product","2":"type-product","3":"status-publish","4":"has-post-thumbnail","6":"product_cat-les-gourmandise-darmand","8":"first","9":"instock","10":"taxable","11":"shipping-taxable","12":"purchasable","13":"product-type-simple"},"jetpack_publicize_connections":[],"jetpack-related-posts":[{"id":952,"url":"https:\/\/oiseauduparadis.ch\/de\/produkt\/hydromel-clos-des-sentinelles-moelleux-elixir-de-dragon-75cl\/","url_meta":{"origin":1108,"position":0},"title":"Hydromel Clos Des Sentinelles L\u2019\u00c9lixir de Dragon, un hydromel de L\u00e9gende, 75cl","author":"Armand Gander","date":"11 Januar 2021","format":false,"excerpt":"L\u2019\u00c9lixir de Dragon est un hydromel moelleux d\u2019exception, n\u00e9 du savoir-faire d\u2019Alexandre Sintes \u00e0 Viols-le-Fort. Sa robe ambr\u00e9e, son nez gourmand de tarte tatin, de caramel et de mangue m\u00fbre, et sa bouche charnue en font une cuv\u00e9e raffin\u00e9e, parfaitement \u00e9quilibr\u00e9e entre douceur et fra\u00eecheur. Id\u00e9al \u00e0 l\u2019ap\u00e9ritif ou en\u2026","rel":"","context":"\u00c4hnlicher Beitrag","block_context":{"text":"\u00c4hnlicher Beitrag","link":""},"img":{"alt_text":"","src":"https:\/\/i0.wp.com\/oiseauduparadis.ch\/wp-content\/uploads\/2021\/01\/Illustration-dragon-avec-grotte-1024x734-1.jpg?fit=1024%2C734&ssl=1&resize=350%2C200","width":350,"height":200,"srcset":"https:\/\/i0.wp.com\/oiseauduparadis.ch\/wp-content\/uploads\/2021\/01\/Illustration-dragon-avec-grotte-1024x734-1.jpg?fit=1024%2C734&ssl=1&resize=350%2C200 1x, https:\/\/i0.wp.com\/oiseauduparadis.ch\/wp-content\/uploads\/2021\/01\/Illustration-dragon-avec-grotte-1024x734-1.jpg?fit=1024%2C734&ssl=1&resize=525%2C300 1.5x, https:\/\/i0.wp.com\/oiseauduparadis.ch\/wp-content\/uploads\/2021\/01\/Illustration-dragon-avec-grotte-1024x734-1.jpg?fit=1024%2C734&ssl=1&resize=700%2C400 2x"},"classes":[]},{"id":1406,"url":"https:\/\/oiseauduparadis.ch\/de\/produkt\/plaque-nougat-miel\/","url_meta":{"origin":1108,"position":1},"title":"Plaque de nougat blanc au miel 100g","author":"Armand Gander","date":"4 Oktober 2023","format":false,"excerpt":"La Plaque de Nougat Blanc au miel combine des amandes blanchies, pour une touche originale et subtile. Sa texture souple et le parfum d\u00e9licat de vanille viennent rehausser le go\u00fbt du miel, offrant une douceur gourmande et fondante. Un d\u00e9lice \u00e0 savourer seul ou \u00e0 partager. Ingr\u00e9dients : Sucre, AMANDES\u2026","rel":"","context":"\u00c4hnlicher Beitrag","block_context":{"text":"\u00c4hnlicher Beitrag","link":""},"img":{"alt_text":"","src":"https:\/\/i0.wp.com\/oiseauduparadis.ch\/wp-content\/uploads\/2023\/10\/Nougat-bars-Vital-Almond-540x406-1.jpg?fit=540%2C406&ssl=1&resize=350%2C200","width":350,"height":200,"srcset":"https:\/\/i0.wp.com\/oiseauduparadis.ch\/wp-content\/uploads\/2023\/10\/Nougat-bars-Vital-Almond-540x406-1.jpg?fit=540%2C406&ssl=1&resize=350%2C200 1x, https:\/\/i0.wp.com\/oiseauduparadis.ch\/wp-content\/uploads\/2023\/10\/Nougat-bars-Vital-Almond-540x406-1.jpg?fit=540%2C406&ssl=1&resize=525%2C300 1.5x"},"classes":[]},{"id":963,"url":"https:\/\/oiseauduparadis.ch\/de\/produkt\/pates-dor-propolis-200g\/","url_meta":{"origin":1108,"position":2},"title":"P\u00e2tes d&rsquo;or Propolis &#8211; 20% de miel &#8211; 200g","author":"Armand Gander","date":"11 Januar 2021","format":false,"excerpt":"Savourez notre p\u00e2te d\u2019or artisanale, r\u00e9alis\u00e9e \u00e0 partir de miel et propolis pour un go\u00fbt unique et des bienfaits naturels. Avec 20% de miel et 2,5% de propolis, cette p\u00e2te est d\u00e9licatement d\u00e9coup\u00e9e \u00e0 la main et offre une texture fondante. Parfaite pour allier plaisir et bien-\u00eatre. Conditionnement : Paquet\u2026","rel":"","context":"\u00c4hnlicher Beitrag","block_context":{"text":"\u00c4hnlicher Beitrag","link":""},"img":{"alt_text":"","src":"https:\/\/i0.wp.com\/oiseauduparadis.ch\/wp-content\/uploads\/2021\/01\/50105_PATEDOR_PROPOLIS_SUCRE_DE_CANNE.jpg?fit=800%2C630&ssl=1&resize=350%2C200","width":350,"height":200,"srcset":"https:\/\/i0.wp.com\/oiseauduparadis.ch\/wp-content\/uploads\/2021\/01\/50105_PATEDOR_PROPOLIS_SUCRE_DE_CANNE.jpg?fit=800%2C630&ssl=1&resize=350%2C200 1x, https:\/\/i0.wp.com\/oiseauduparadis.ch\/wp-content\/uploads\/2021\/01\/50105_PATEDOR_PROPOLIS_SUCRE_DE_CANNE.jpg?fit=800%2C630&ssl=1&resize=525%2C300 1.5x, https:\/\/i0.wp.com\/oiseauduparadis.ch\/wp-content\/uploads\/2021\/01\/50105_PATEDOR_PROPOLIS_SUCRE_DE_CANNE.jpg?fit=800%2C630&ssl=1&resize=700%2C400 2x"},"classes":[]},{"id":962,"url":"https:\/\/oiseauduparadis.ch\/de\/produkt\/pastilles-au-miel-ovales-200g\/","url_meta":{"origin":1108,"position":3},"title":"Pastilles ovales 20% de miel, 200g","author":"Armand Gander","date":"16 Januar 2021","format":false,"excerpt":"Pastilles au Miel - 200g Savourez nos pastilles au miel (20%), en forme ovale et orn\u00e9es d\u2019une abeille, pour adoucir votre gorge et satisfaire vos envies sucr\u00e9es. Ces bonbons d\u00e9licieux sont parfaits pour des instants gourmands \u00e0 tout moment de la journ\u00e9e. Conditionnement : Paquet de 200g.","rel":"","context":"\u00c4hnlicher Beitrag","block_context":{"text":"\u00c4hnlicher Beitrag","link":""},"img":{"alt_text":"","src":"https:\/\/i0.wp.com\/oiseauduparadis.ch\/wp-content\/uploads\/2021\/01\/10100_PASTILLE_PM_RONDE.jpg?fit=800%2C630&ssl=1&resize=350%2C200","width":350,"height":200,"srcset":"https:\/\/i0.wp.com\/oiseauduparadis.ch\/wp-content\/uploads\/2021\/01\/10100_PASTILLE_PM_RONDE.jpg?fit=800%2C630&ssl=1&resize=350%2C200 1x, https:\/\/i0.wp.com\/oiseauduparadis.ch\/wp-content\/uploads\/2021\/01\/10100_PASTILLE_PM_RONDE.jpg?fit=800%2C630&ssl=1&resize=525%2C300 1.5x, https:\/\/i0.wp.com\/oiseauduparadis.ch\/wp-content\/uploads\/2021\/01\/10100_PASTILLE_PM_RONDE.jpg?fit=800%2C630&ssl=1&resize=700%2C400 2x"},"classes":[]},{"id":965,"url":"https:\/\/oiseauduparadis.ch\/de\/produkt\/sucette-au-miel-15g\/","url_meta":{"origin":1108,"position":4},"title":"Sucette au miel 15g","author":"Armand Gander","date":"11 Januar 2021","format":false,"excerpt":"Sucette au Miel - 15g Savourez notre sucette au miel \u00e0 15% de miel, parfaite pour une pause sucr\u00e9e. Son b\u00e2ton en bois assure une dur\u00e9e de vie prolong\u00e9e, et son format de 15g est id\u00e9al pour un moment de douceur \u00e0 emporter. Conditionnement : \u00c0 l\u2019unit\u00e9, 15g.","rel":"","context":"\u00c4hnlicher Beitrag","block_context":{"text":"\u00c4hnlicher Beitrag","link":""},"img":{"alt_text":"","src":"","width":0,"height":0},"classes":[]},{"id":1058,"url":"https:\/\/oiseauduparadis.ch\/de\/produkt\/paquet-de-5-sucettes-au-miel\/","url_meta":{"origin":1108,"position":5},"title":"Paquet de 5 Sucettes au miel","author":"Armand Gander","date":"15 M\u00e4rz 2021","format":false,"excerpt":"Savourez nos sucettes au miel (15%), avec un b\u00e2ton en bois pour plus de confort et une dur\u00e9e de vie prolong\u00e9e. Pr\u00e9par\u00e9es avec amour, elles offrent une douceur naturelle et sucr\u00e9e. Pratique, le paquet refermable contient 5 sucettes \u00e0 d\u00e9guster \u00e0 tout moment.","rel":"","context":"\u00c4hnlicher Beitrag","block_context":{"text":"\u00c4hnlicher Beitrag","link":""},"img":{"alt_text":"","src":"https:\/\/i0.wp.com\/oiseauduparadis.ch\/wp-content\/uploads\/2021\/03\/1694615096745737758900047275150-scaled-e1694615199185.jpg?fit=797%2C1200&ssl=1&resize=350%2C200","width":350,"height":200,"srcset":"https:\/\/i0.wp.com\/oiseauduparadis.ch\/wp-content\/uploads\/2021\/03\/1694615096745737758900047275150-scaled-e1694615199185.jpg?fit=797%2C1200&ssl=1&resize=350%2C200 1x, https:\/\/i0.wp.com\/oiseauduparadis.ch\/wp-content\/uploads\/2021\/03\/1694615096745737758900047275150-scaled-e1694615199185.jpg?fit=797%2C1200&ssl=1&resize=525%2C300 1.5x, https:\/\/i0.wp.com\/oiseauduparadis.ch\/wp-content\/uploads\/2021\/03\/1694615096745737758900047275150-scaled-e1694615199185.jpg?fit=797%2C1200&ssl=1&resize=700%2C400 2x"},"classes":[]}],"jetpack_sharing_enabled":true,"_links":{"self":[{"href":"https:\/\/oiseauduparadis.ch\/de\/wp-json\/wp\/v2\/product\/1108","targetHints":{"allow":["GET"]}}],"collection":[{"href":"https:\/\/oiseauduparadis.ch\/de\/wp-json\/wp\/v2\/product"}],"about":[{"href":"https:\/\/oiseauduparadis.ch\/de\/wp-json\/wp\/v2\/types\/product"}],"replies":[{"embeddable":true,"href":"https:\/\/oiseauduparadis.ch\/de\/wp-json\/wp\/v2\/comments?post=1108"}],"wp:featuredmedia":[{"embeddable":true,"href":"https:\/\/oiseauduparadis.ch\/de\/wp-json\/wp\/v2\/media\/1109"}],"wp:attachment":[{"href":"https:\/\/oiseauduparadis.ch\/de\/wp-json\/wp\/v2\/media?parent=1108"}],"wp:term":[{"taxonomy":"product_brand","embeddable":true,"href":"https:\/\/oiseauduparadis.ch\/de\/wp-json\/wp\/v2\/product_brand?post=1108"},{"taxonomy":"product_cat","embeddable":true,"href":"https:\/\/oiseauduparadis.ch\/de\/wp-json\/wp\/v2\/product_cat?post=1108"},{"taxonomy":"product_tag","embeddable":true,"href":"https:\/\/oiseauduparadis.ch\/de\/wp-json\/wp\/v2\/product_tag?post=1108"}],"curies":[{"name":"wp","href":"https:\/\/api.w.org\/{rel}","templated":true}]}}