{"id":1254,"date":"2022-11-26T21:02:48","date_gmt":"2022-11-26T20:02:48","guid":{"rendered":"https:\/\/oiseauduparadis.ch\/?post_type=product&#038;p=1254"},"modified":"2025-12-21T10:32:18","modified_gmt":"2025-12-21T09:32:18","slug":"chouette-en-cire-dabeilles","status":"publish","type":"product","link":"https:\/\/oiseauduparadis.ch\/de\/produkt\/chouette-en-cire-dabeilles\/","title":{"rendered":"Chouette en cire d&rsquo;abeilles"},"content":{"rendered":"<p>Ajoutez une touche de magie et de douceur \u00e0 votre int\u00e9rieur avec cette bougie unique en forme de chouette, fabriqu\u00e9e \u00e0 la main dans notre atelier de Ch\u00e2tel-Saint-Denis. Con\u00e7ue \u00e0 partir de cire d&rsquo;abeille biodynamique pure, issue directement de nos ruches, cette bougie naturelle est une v\u00e9ritable \u0153uvre d\u2019art. Son design original en forme de chouette, symbole de sagesse et de bienveillance, en fait un objet d\u00e9coratif charmant qui diffuse une lumi\u00e8re douce et apaisante.<\/p>\n<p>La cire d&rsquo;abeille biodynamique que nous utilisons est soigneusement r\u00e9colt\u00e9e dans le respect du bien-\u00eatre des abeilles et de l\u2019environnement, garantissant un produit \u00e9cologique et durable. Sa m\u00e8che en coton naturel assure une combustion propre et stable, cr\u00e9ant une ambiance chaleureuse et sereine, id\u00e9ale pour vos moments de relaxation.<\/p>\n<p>Fabriqu\u00e9e avec amour par notre \u00e9quipe passionn\u00e9e, cette bougie repr\u00e9sente bien plus qu\u2019un simple \u00e9clairage. Elle symbolise l\u2019engagement pour une production artisanale respectueuse de la nature et de l\u2019artisanat local. Environ 3 heures de lumi\u00e8re douce pour illuminer votre maison et y apporter une touche chaleureuse et accueillante. \u00ab\u00a0Il est chouette de voir une bougie illuminer la maison\u00a0\u00bb \u2013 une citation parfaite pour accompagner ce petit tr\u00e9sor fait \u00e0 la main.<\/p>","protected":false},"excerpt":{"rendered":"<p>Cette bougie en forme de chouette, fabriqu\u00e9e \u00e0 la main dans notre atelier de Ch\u00e2tel-Saint-Denis, est r\u00e9alis\u00e9e avec de la cire d&rsquo;abeille biodynamique pure, issue de nos ruches, et une m\u00e8che en coton naturel. Un \u00e9clairage doux et \u00e9cologique qui apportera une touche chaleureuse \u00e0 votre int\u00e9rieur, pour environ 3 heures de combustion. \u00ab\u00a0Il est chouette de voir une bougie illuminer la maison\u00a0\u00bb.<\/p>","protected":false},"featured_media":1255,"comment_status":"closed","ping_status":"closed","template":"","meta":{"jetpack_publicize_message":"","jetpack_publicize_feature_enabled":true,"jetpack_social_post_already_shared":false,"jetpack_social_options":{"image_generator_settings":{"template":"highway","default_image_id":0,"font":"","enabled":false},"version":2}},"product_brand":[],"product_cat":[68],"product_tag":[],"class_list":{"0":"post-1254","1":"product","2":"type-product","3":"status-publish","4":"has-post-thumbnail","6":"product_cat-les-ruches-darmand","7":"product_shipping_class-ruches-darmand","9":"first","10":"instock","11":"purchasable","12":"product-type-simple"},"jetpack_publicize_connections":[],"jetpack-related-posts":[{"id":2403,"url":"https:\/\/oiseauduparadis.ch\/de\/produkt\/pot-en-verre-a-bougie-en-cire-dabeille\/","url_meta":{"origin":1254,"position":0},"title":"Pot en verre \u00e0 bougie en cire d&rsquo;abeille","author":"Armand Gander","date":"30 November 2023","format":false,"excerpt":"Bougie en Cire d'Abeilles Biodynamique - Pot en Verre Cr\u00e9ez une ambiance chaleureuse et naturelle avec cette bougie en cire d'abeilles biodynamique, fabriqu\u00e9e avec amour dans notre atelier de Ch\u00e2tel-St-Denis. La m\u00e8che en coton et la cire biodynamique issue de notre exploitation garantissent une combustion propre et agr\u00e9able. Conditionnement :\u2026","rel":"","context":"\u00c4hnlicher Beitrag","block_context":{"text":"\u00c4hnlicher Beitrag","link":""},"img":{"alt_text":"","src":"https:\/\/i0.wp.com\/oiseauduparadis.ch\/wp-content\/uploads\/2023\/11\/WhatsApp-Image-2024-11-29-a-10.16.39_12cf2107.jpg?fit=564%2C426&ssl=1&resize=350%2C200","width":350,"height":200,"srcset":"https:\/\/i0.wp.com\/oiseauduparadis.ch\/wp-content\/uploads\/2023\/11\/WhatsApp-Image-2024-11-29-a-10.16.39_12cf2107.jpg?fit=564%2C426&ssl=1&resize=350%2C200 1x, https:\/\/i0.wp.com\/oiseauduparadis.ch\/wp-content\/uploads\/2023\/11\/WhatsApp-Image-2024-11-29-a-10.16.39_12cf2107.jpg?fit=564%2C426&ssl=1&resize=525%2C300 1.5x"},"classes":[]},{"id":946,"url":"https:\/\/oiseauduparadis.ch\/de\/produkt\/chandelle-en-cire-dabeilles\/","url_meta":{"origin":1254,"position":1},"title":"Chandelle en cire d&rsquo;abeilles","author":"Armand Gander","date":"11 Januar 2021","format":false,"excerpt":"Cette bougie roul\u00e9e \u00e0 la main dans notre atelier de Ch\u00e2tel-Saint-Denis est fabriqu\u00e9e \u00e0 partir de cire d'abeille biodynamique pure, avec une m\u00e8che en coton naturel. Offrant environ 4 heures de combustion, elle cr\u00e9e une ambiance chaleureuse et naturelle, id\u00e9ale pour un moment de d\u00e9tente.","rel":"","context":"\u00c4hnlicher Beitrag","block_context":{"text":"\u00c4hnlicher Beitrag","link":""},"img":{"alt_text":"","src":"https:\/\/i0.wp.com\/oiseauduparadis.ch\/wp-content\/uploads\/2021\/01\/bougiecireabeillegaufree.800.jpg?fit=474%2C474&ssl=1&resize=350%2C200","width":350,"height":200},"classes":[]},{"id":2497,"url":"https:\/\/oiseauduparadis.ch\/de\/produkt\/bougie-ruche-paille\/","url_meta":{"origin":1254,"position":2},"title":"Bougie ruche paille","author":"Armand Gander","date":"20 November 2024","format":false,"excerpt":"Bougie Ruche Paille en Cire d'Abeille \u00c9clairez votre espace avec cette bougie ruche paille en cire d'abeille. Avec sa m\u00e8che en coton et son design naturel, elle offre une dur\u00e9e de combustion d\u2019environ 8 heures. Son poids de 70g et sa hauteur de 9 cm en font une bougie id\u00e9ale\u2026","rel":"","context":"\u00c4hnlicher Beitrag","block_context":{"text":"\u00c4hnlicher Beitrag","link":""},"img":{"alt_text":"","src":"https:\/\/i0.wp.com\/oiseauduparadis.ch\/wp-content\/uploads\/2024\/11\/ruche-paille-grande.jpg?fit=540%2C540&ssl=1&resize=350%2C200","width":350,"height":200,"srcset":"https:\/\/i0.wp.com\/oiseauduparadis.ch\/wp-content\/uploads\/2024\/11\/ruche-paille-grande.jpg?fit=540%2C540&ssl=1&resize=350%2C200 1x, https:\/\/i0.wp.com\/oiseauduparadis.ch\/wp-content\/uploads\/2024\/11\/ruche-paille-grande.jpg?fit=540%2C540&ssl=1&resize=525%2C300 1.5x"},"classes":[]},{"id":2507,"url":"https:\/\/oiseauduparadis.ch\/de\/produkt\/encaustique-40g\/","url_meta":{"origin":1254,"position":3},"title":"Encaustique &#8211; 40g","author":"Armand Gander","date":"29 November 2024","format":false,"excerpt":"L\u2019encaustique maison sans t\u00e9r\u00e9benthine ? Oui, c\u2019est possible ! Pour ceux qui pr\u00e9f\u00e8rent bichonner leurs meubles sans parfumer la maison \u00e0 l\u2019essence, notre version douce et naturelle fait des merveilles. \u00c0 base d\u2019ingr\u00e9dients qu\u2019on pourrait presque mettre dans une salade (mais ne le faites pas), cette encaustique nourrit bois et\u2026","rel":"","context":"\u00c4hnlicher Beitrag","block_context":{"text":"\u00c4hnlicher Beitrag","link":""},"img":{"alt_text":"","src":"https:\/\/i0.wp.com\/oiseauduparadis.ch\/wp-content\/uploads\/2024\/11\/shutterstock-2323077371-copie-qmgk1dp0lq8z7q7kexxqzy85sdr2by8pi67moflz7q.jpeg?fit=825%2C519&ssl=1&resize=350%2C200","width":350,"height":200,"srcset":"https:\/\/i0.wp.com\/oiseauduparadis.ch\/wp-content\/uploads\/2024\/11\/shutterstock-2323077371-copie-qmgk1dp0lq8z7q7kexxqzy85sdr2by8pi67moflz7q.jpeg?fit=825%2C519&ssl=1&resize=350%2C200 1x, https:\/\/i0.wp.com\/oiseauduparadis.ch\/wp-content\/uploads\/2024\/11\/shutterstock-2323077371-copie-qmgk1dp0lq8z7q7kexxqzy85sdr2by8pi67moflz7q.jpeg?fit=825%2C519&ssl=1&resize=525%2C300 1.5x, https:\/\/i0.wp.com\/oiseauduparadis.ch\/wp-content\/uploads\/2024\/11\/shutterstock-2323077371-copie-qmgk1dp0lq8z7q7kexxqzy85sdr2by8pi67moflz7q.jpeg?fit=825%2C519&ssl=1&resize=700%2C400 2x"},"classes":[]},{"id":959,"url":"https:\/\/oiseauduparadis.ch\/de\/produkt\/miel-aas-250g\/","url_meta":{"origin":1254,"position":4},"title":"Les 2 AA &#8211; Miel de Ch\u00e2tel-St-Denis","author":"Armand Gander","date":"16 Januar 2021","format":false,"excerpt":"Les 2 AA \u2013 Du miel, de l\u2019amiti\u00e9 et beaucoup d\u2019amour ! Armand et Alexandre, deux apiculteurs ins\u00e9parables\u2026 et nos abeilles, des coll\u00e8gues infatigables ! Ensemble, on fabrique un miel aussi doux que notre amiti\u00e9 et aussi dor\u00e9 que nos fous rires. 100% naturel, 100% artisanal et 200% bon \u2013\u2026","rel":"","context":"\u00c4hnlicher Beitrag","block_context":{"text":"\u00c4hnlicher Beitrag","link":""},"img":{"alt_text":"","src":"https:\/\/i0.wp.com\/oiseauduparadis.ch\/wp-content\/uploads\/2023\/10\/honey-jar-beehives-meadow-springtime.webp?fit=1200%2C800&ssl=1&resize=350%2C200","width":350,"height":200,"srcset":"https:\/\/i0.wp.com\/oiseauduparadis.ch\/wp-content\/uploads\/2023\/10\/honey-jar-beehives-meadow-springtime.webp?fit=1200%2C800&ssl=1&resize=350%2C200 1x, https:\/\/i0.wp.com\/oiseauduparadis.ch\/wp-content\/uploads\/2023\/10\/honey-jar-beehives-meadow-springtime.webp?fit=1200%2C800&ssl=1&resize=525%2C300 1.5x, https:\/\/i0.wp.com\/oiseauduparadis.ch\/wp-content\/uploads\/2023\/10\/honey-jar-beehives-meadow-springtime.webp?fit=1200%2C800&ssl=1&resize=700%2C400 2x, https:\/\/i0.wp.com\/oiseauduparadis.ch\/wp-content\/uploads\/2023\/10\/honey-jar-beehives-meadow-springtime.webp?fit=1200%2C800&ssl=1&resize=1050%2C600 3x"},"classes":[]},{"id":962,"url":"https:\/\/oiseauduparadis.ch\/de\/produkt\/pastilles-au-miel-ovales-200g\/","url_meta":{"origin":1254,"position":5},"title":"Pastilles ovales 20% de miel, 200g","author":"Armand Gander","date":"16 Januar 2021","format":false,"excerpt":"Pastilles au Miel - 200g Savourez nos pastilles au miel (20%), en forme ovale et orn\u00e9es d\u2019une abeille, pour adoucir votre gorge et satisfaire vos envies sucr\u00e9es. Ces bonbons d\u00e9licieux sont parfaits pour des instants gourmands \u00e0 tout moment de la journ\u00e9e. Conditionnement : Paquet de 200g.","rel":"","context":"\u00c4hnlicher Beitrag","block_context":{"text":"\u00c4hnlicher Beitrag","link":""},"img":{"alt_text":"","src":"https:\/\/i0.wp.com\/oiseauduparadis.ch\/wp-content\/uploads\/2021\/01\/10100_PASTILLE_PM_RONDE.jpg?fit=800%2C630&ssl=1&resize=350%2C200","width":350,"height":200,"srcset":"https:\/\/i0.wp.com\/oiseauduparadis.ch\/wp-content\/uploads\/2021\/01\/10100_PASTILLE_PM_RONDE.jpg?fit=800%2C630&ssl=1&resize=350%2C200 1x, https:\/\/i0.wp.com\/oiseauduparadis.ch\/wp-content\/uploads\/2021\/01\/10100_PASTILLE_PM_RONDE.jpg?fit=800%2C630&ssl=1&resize=525%2C300 1.5x, https:\/\/i0.wp.com\/oiseauduparadis.ch\/wp-content\/uploads\/2021\/01\/10100_PASTILLE_PM_RONDE.jpg?fit=800%2C630&ssl=1&resize=700%2C400 2x"},"classes":[]}],"jetpack_sharing_enabled":true,"_links":{"self":[{"href":"https:\/\/oiseauduparadis.ch\/de\/wp-json\/wp\/v2\/product\/1254","targetHints":{"allow":["GET"]}}],"collection":[{"href":"https:\/\/oiseauduparadis.ch\/de\/wp-json\/wp\/v2\/product"}],"about":[{"href":"https:\/\/oiseauduparadis.ch\/de\/wp-json\/wp\/v2\/types\/product"}],"replies":[{"embeddable":true,"href":"https:\/\/oiseauduparadis.ch\/de\/wp-json\/wp\/v2\/comments?post=1254"}],"wp:featuredmedia":[{"embeddable":true,"href":"https:\/\/oiseauduparadis.ch\/de\/wp-json\/wp\/v2\/media\/1255"}],"wp:attachment":[{"href":"https:\/\/oiseauduparadis.ch\/de\/wp-json\/wp\/v2\/media?parent=1254"}],"wp:term":[{"taxonomy":"product_brand","embeddable":true,"href":"https:\/\/oiseauduparadis.ch\/de\/wp-json\/wp\/v2\/product_brand?post=1254"},{"taxonomy":"product_cat","embeddable":true,"href":"https:\/\/oiseauduparadis.ch\/de\/wp-json\/wp\/v2\/product_cat?post=1254"},{"taxonomy":"product_tag","embeddable":true,"href":"https:\/\/oiseauduparadis.ch\/de\/wp-json\/wp\/v2\/product_tag?post=1254"}],"curies":[{"name":"wp","href":"https:\/\/api.w.org\/{rel}","templated":true}]}}