{"id":1259,"date":"2022-12-01T21:55:04","date_gmt":"2022-12-01T20:55:04","guid":{"rendered":"https:\/\/oiseauduparadis.ch\/?post_type=product&#038;p=1259"},"modified":"2026-03-17T16:28:32","modified_gmt":"2026-03-17T15:28:32","slug":"le-cousin-miel-250g-cuvee-de-lhexagone","status":"publish","type":"product","link":"https:\/\/oiseauduparadis.ch\/de\/produkt\/le-cousin-miel-250g-cuvee-de-lhexagone\/","title":{"rendered":"Le Miel d&rsquo;Armand &#8211; Cuv\u00e9e de l\u2019Hexagone"},"content":{"rendered":"<p class=\"\" data-start=\"636\" data-end=\"1140\"><strong data-start=\"636\" data-end=\"716\">Du miel, du vrai, du bon \u2014 m\u00eame quand la Suisse est (temporairement) \u00e0 sec !<\/strong><\/p>\n<p class=\"\" data-start=\"636\" data-end=\"1140\">Quand notre miel suisse (de la belle Veveyse) vient \u00e0 manquer, pas de panique : nos 460 ruches continuent de bourdonner, c\u00f4t\u00e9 fran\u00e7ais !<\/p>\n<p class=\"\" data-start=\"636\" data-end=\"1140\">On vous propose alors notre <strong data-start=\"888\" data-end=\"917\">miel de fleurs fran\u00e7aises<\/strong>, conditionn\u00e9 en pot en verre.<\/p>\n<p>Toujours issu de <strong data-start=\"975\" data-end=\"1002\">notre propre production<\/strong>, toujours mis en pot \u00e0 <strong data-start=\"1026\" data-end=\"1045\">Ch\u00e2tel-St-Denis<\/strong>, et surtout toujours aussi d\u00e9licieux, promis, les abeilles parlent presque le m\u00eame dialecte !<\/p>\n<p class=\"\" data-start=\"1142\" data-end=\"1451\">Notre priorit\u00e9 reste le miel suisse, mais gr\u00e2ce \u00e0 ce plan B tout aussi gourmand, on peut continuer \u00e0 vous proposer du miel de qualit\u00e9, local (ou presque), naturel, et fid\u00e8le \u00e0 nos valeurs.<\/p>\n<p class=\"\" data-start=\"1142\" data-end=\"1451\">Le seul truc qui change ? Le terroir. Mais bon, il faut bien que les abeilles prennent des vacances elles aussi, non ?<\/p>","protected":false},"excerpt":{"rendered":"<p><strong data-start=\"186\" data-end=\"255\">Quand le miel suisse fait une pause, le fran\u00e7ais entre en sc\u00e8ne !<\/strong><\/p>\n<p>Issu de nos 460 ruches, notre miel de fleurs fran\u00e7aises prend le relais avec la m\u00eame qualit\u00e9 et le m\u00eame amour que notre miel suisse, seul le terroir change (et encore, il est mis en pot \u00e0 Ch\u00e2tel-St-Denis, alors on ne s\u2019\u00e9loigne pas tant que \u00e7a &#x1f609;).<\/p>\n<p>Disponible presque toute l\u2019ann\u00e9e. Les abeilles bossent dur, et nous aussi !<\/p>","protected":false},"featured_media":2576,"comment_status":"closed","ping_status":"closed","template":"","meta":{"jetpack_publicize_message":"","jetpack_publicize_feature_enabled":true,"jetpack_social_post_already_shared":false,"jetpack_social_options":{"image_generator_settings":{"template":"highway","default_image_id":0,"font":"","enabled":false},"version":2}},"product_brand":[],"product_cat":[68],"product_tag":[],"class_list":{"0":"post-1259","1":"product","2":"type-product","3":"status-publish","4":"has-post-thumbnail","6":"product_cat-les-ruches-darmand","7":"product_shipping_class-ruches-darmand","9":"first","10":"instock","11":"featured","12":"taxable","13":"shipping-taxable","14":"purchasable","15":"product-type-variable"},"jetpack_publicize_connections":[],"jetpack-related-posts":[{"id":959,"url":"https:\/\/oiseauduparadis.ch\/de\/produkt\/miel-aas-250g\/","url_meta":{"origin":1259,"position":0},"title":"Les 2 AA &#8211; Miel de Ch\u00e2tel-St-Denis","author":"Armand Gander","date":"16 Januar 2021","format":false,"excerpt":"Les 2 AA \u2013 Du miel, de l\u2019amiti\u00e9 et beaucoup d\u2019amour ! Armand et Alexandre, deux apiculteurs ins\u00e9parables\u2026 et nos abeilles, des coll\u00e8gues infatigables ! Ensemble, on fabrique un miel aussi doux que notre amiti\u00e9 et aussi dor\u00e9 que nos fous rires. 100% naturel, 100% artisanal et 200% bon \u2013\u2026","rel":"","context":"\u00c4hnlicher Beitrag","block_context":{"text":"\u00c4hnlicher Beitrag","link":""},"img":{"alt_text":"","src":"https:\/\/i0.wp.com\/oiseauduparadis.ch\/wp-content\/uploads\/2023\/10\/honey-jar-beehives-meadow-springtime.webp?fit=1200%2C800&ssl=1&resize=350%2C200","width":350,"height":200,"srcset":"https:\/\/i0.wp.com\/oiseauduparadis.ch\/wp-content\/uploads\/2023\/10\/honey-jar-beehives-meadow-springtime.webp?fit=1200%2C800&ssl=1&resize=350%2C200 1x, https:\/\/i0.wp.com\/oiseauduparadis.ch\/wp-content\/uploads\/2023\/10\/honey-jar-beehives-meadow-springtime.webp?fit=1200%2C800&ssl=1&resize=525%2C300 1.5x, https:\/\/i0.wp.com\/oiseauduparadis.ch\/wp-content\/uploads\/2023\/10\/honey-jar-beehives-meadow-springtime.webp?fit=1200%2C800&ssl=1&resize=700%2C400 2x, https:\/\/i0.wp.com\/oiseauduparadis.ch\/wp-content\/uploads\/2023\/10\/honey-jar-beehives-meadow-springtime.webp?fit=1200%2C800&ssl=1&resize=1050%2C600 3x"},"classes":[]},{"id":949,"url":"https:\/\/oiseauduparadis.ch\/de\/produkt\/noisymiel-240g\/","url_meta":{"origin":1259,"position":1},"title":"Noisy\u2019Miel &#8211; 240g","author":"Armand Gander","date":"11 Januar 2021","format":false,"excerpt":"Noisy\u2019Miel \u2013 Miel & Noisettes, rien de plus. Fabriqu\u00e9 \u00e0 Ch\u00e2tel-St-Denis par Armand, notre apiculteur-p\u00e2tissier passionn\u00e9. 100% naturel. 0% culpabilit\u00e9. 240g de pur bonheur \u00e0 tartiner (ou d\u00e9vorer \u00e0 la cuill\u00e8re). Fait maison. Fait simple. Fait fondre. Peut provoquer une addiction douce et naturelle.","rel":"","context":"\u00c4hnlicher Beitrag","block_context":{"text":"\u00c4hnlicher Beitrag","link":""},"img":{"alt_text":"","src":"https:\/\/i0.wp.com\/oiseauduparadis.ch\/wp-content\/uploads\/2021\/01\/39712749.webp?fit=750%2C500&ssl=1&resize=350%2C200","width":350,"height":200,"srcset":"https:\/\/i0.wp.com\/oiseauduparadis.ch\/wp-content\/uploads\/2021\/01\/39712749.webp?fit=750%2C500&ssl=1&resize=350%2C200 1x, https:\/\/i0.wp.com\/oiseauduparadis.ch\/wp-content\/uploads\/2021\/01\/39712749.webp?fit=750%2C500&ssl=1&resize=525%2C300 1.5x, https:\/\/i0.wp.com\/oiseauduparadis.ch\/wp-content\/uploads\/2021\/01\/39712749.webp?fit=750%2C500&ssl=1&resize=700%2C400 2x"},"classes":[]},{"id":2390,"url":"https:\/\/oiseauduparadis.ch\/de\/produkt\/moutarde-a-lancienne-au-miel\/","url_meta":{"origin":1259,"position":2},"title":"Moutarde \u00e0 l&rsquo;ancienne au miel 180g","author":"Armand Gander","date":"13 November 2023","format":false,"excerpt":"Moutarde \u00e0 l\u2019Ancienne au Miel \u2013 Douceur et Caract\u00e8re \u00c9labor\u00e9e avec des graines de moutarde jaunes et noires, cette moutarde est adoucie par 10% de miel issu de nos ruchers fran\u00e7ais. Id\u00e9ale pour badigeonner viandes, r\u00f4tis, ou pour rehausser vinaigrettes et sauces maison. Ingr\u00e9dients Vinaigre de cidre*, graines de MOUTARDE,\u2026","rel":"","context":"\u00c4hnlicher Beitrag","block_context":{"text":"\u00c4hnlicher Beitrag","link":""},"img":{"alt_text":"","src":"https:\/\/i0.wp.com\/oiseauduparadis.ch\/wp-content\/uploads\/2023\/11\/20231114_104610-scaled.jpg?fit=733%2C1200&ssl=1&resize=350%2C200","width":350,"height":200,"srcset":"https:\/\/i0.wp.com\/oiseauduparadis.ch\/wp-content\/uploads\/2023\/11\/20231114_104610-scaled.jpg?fit=733%2C1200&ssl=1&resize=350%2C200 1x, https:\/\/i0.wp.com\/oiseauduparadis.ch\/wp-content\/uploads\/2023\/11\/20231114_104610-scaled.jpg?fit=733%2C1200&ssl=1&resize=525%2C300 1.5x, https:\/\/i0.wp.com\/oiseauduparadis.ch\/wp-content\/uploads\/2023\/11\/20231114_104610-scaled.jpg?fit=733%2C1200&ssl=1&resize=700%2C400 2x"},"classes":[]},{"id":965,"url":"https:\/\/oiseauduparadis.ch\/de\/produkt\/sucette-au-miel-15g\/","url_meta":{"origin":1259,"position":3},"title":"Sucette au miel 15g","author":"Armand Gander","date":"11 Januar 2021","format":false,"excerpt":"Sucette au Miel - 15g Savourez notre sucette au miel \u00e0 15% de miel, parfaite pour une pause sucr\u00e9e. Son b\u00e2ton en bois assure une dur\u00e9e de vie prolong\u00e9e, et son format de 15g est id\u00e9al pour un moment de douceur \u00e0 emporter. Conditionnement : \u00c0 l\u2019unit\u00e9, 15g.","rel":"","context":"\u00c4hnlicher Beitrag","block_context":{"text":"\u00c4hnlicher Beitrag","link":""},"img":{"alt_text":"","src":"","width":0,"height":0},"classes":[]},{"id":953,"url":"https:\/\/oiseauduparadis.ch\/de\/produkt\/hydromel-clos-des-sentinelles-moelleux-image-inee\/","url_meta":{"origin":1259,"position":4},"title":"Hydromel Clos Des Sentinelles Moelleux \u2013 Cuv\u00e9e \u00ab\u00a0Image inn\u00e9e\u00a0\u00bb, 75cl","author":"Armand Gander","date":"11 Januar 2021","format":false,"excerpt":"Hydromel Moelleux \u2013 Cuv\u00e9e \"Image inn\u00e9e\" Un r\u00eave liquoreux aux parfums de fleurs et d\u2019\u00e9pices. D\u00e9licat, pur et d\u00e9salt\u00e9rant, il marie le miel au divin pour \u00e9veiller les sens. Floral, balsamique, tactile \u2013 un voyage gustatif entre lavande, garrigue et for\u00eat. \u00c0 savourer avec foie gras, fruits de mer ou\u2026","rel":"","context":"\u00c4hnlicher Beitrag","block_context":{"text":"\u00c4hnlicher Beitrag","link":""},"img":{"alt_text":"","src":"https:\/\/i0.wp.com\/oiseauduparadis.ch\/wp-content\/uploads\/2021\/01\/image-innee.jpg?fit=452%2C452&ssl=1&resize=350%2C200","width":350,"height":200},"classes":[]},{"id":962,"url":"https:\/\/oiseauduparadis.ch\/de\/produkt\/pastilles-au-miel-ovales-200g\/","url_meta":{"origin":1259,"position":5},"title":"Pastilles ovales 20% de miel, 200g","author":"Armand Gander","date":"16 Januar 2021","format":false,"excerpt":"Pastilles au Miel - 200g Savourez nos pastilles au miel (20%), en forme ovale et orn\u00e9es d\u2019une abeille, pour adoucir votre gorge et satisfaire vos envies sucr\u00e9es. Ces bonbons d\u00e9licieux sont parfaits pour des instants gourmands \u00e0 tout moment de la journ\u00e9e. Conditionnement : Paquet de 200g.","rel":"","context":"\u00c4hnlicher Beitrag","block_context":{"text":"\u00c4hnlicher Beitrag","link":""},"img":{"alt_text":"","src":"https:\/\/i0.wp.com\/oiseauduparadis.ch\/wp-content\/uploads\/2021\/01\/10100_PASTILLE_PM_RONDE.jpg?fit=800%2C630&ssl=1&resize=350%2C200","width":350,"height":200,"srcset":"https:\/\/i0.wp.com\/oiseauduparadis.ch\/wp-content\/uploads\/2021\/01\/10100_PASTILLE_PM_RONDE.jpg?fit=800%2C630&ssl=1&resize=350%2C200 1x, https:\/\/i0.wp.com\/oiseauduparadis.ch\/wp-content\/uploads\/2021\/01\/10100_PASTILLE_PM_RONDE.jpg?fit=800%2C630&ssl=1&resize=525%2C300 1.5x, https:\/\/i0.wp.com\/oiseauduparadis.ch\/wp-content\/uploads\/2021\/01\/10100_PASTILLE_PM_RONDE.jpg?fit=800%2C630&ssl=1&resize=700%2C400 2x"},"classes":[]}],"jetpack_sharing_enabled":true,"_links":{"self":[{"href":"https:\/\/oiseauduparadis.ch\/de\/wp-json\/wp\/v2\/product\/1259","targetHints":{"allow":["GET"]}}],"collection":[{"href":"https:\/\/oiseauduparadis.ch\/de\/wp-json\/wp\/v2\/product"}],"about":[{"href":"https:\/\/oiseauduparadis.ch\/de\/wp-json\/wp\/v2\/types\/product"}],"replies":[{"embeddable":true,"href":"https:\/\/oiseauduparadis.ch\/de\/wp-json\/wp\/v2\/comments?post=1259"}],"wp:featuredmedia":[{"embeddable":true,"href":"https:\/\/oiseauduparadis.ch\/de\/wp-json\/wp\/v2\/media\/2576"}],"wp:attachment":[{"href":"https:\/\/oiseauduparadis.ch\/de\/wp-json\/wp\/v2\/media?parent=1259"}],"wp:term":[{"taxonomy":"product_brand","embeddable":true,"href":"https:\/\/oiseauduparadis.ch\/de\/wp-json\/wp\/v2\/product_brand?post=1259"},{"taxonomy":"product_cat","embeddable":true,"href":"https:\/\/oiseauduparadis.ch\/de\/wp-json\/wp\/v2\/product_cat?post=1259"},{"taxonomy":"product_tag","embeddable":true,"href":"https:\/\/oiseauduparadis.ch\/de\/wp-json\/wp\/v2\/product_tag?post=1259"}],"curies":[{"name":"wp","href":"https:\/\/api.w.org\/{rel}","templated":true}]}}