{"id":1406,"date":"2023-10-04T12:15:20","date_gmt":"2023-10-04T11:15:20","guid":{"rendered":"https:\/\/oiseauduparadis.ch\/?post_type=product&#038;p=1406"},"modified":"2026-01-05T17:12:51","modified_gmt":"2026-01-05T16:12:51","slug":"plaque-nougat-miel","status":"publish","type":"product","link":"https:\/\/oiseauduparadis.ch\/de\/produkt\/plaque-nougat-miel\/","title":{"rendered":"Plaque de nougat blanc au miel 100g"},"content":{"rendered":"<p>D\u00e9couvrez la <strong>Plaque de Nougat Blanc au miel<\/strong>\u00a0: une douceur irr\u00e9sistible o\u00f9 se m\u00ealent harmonieusement des <strong>amandes blanchies<\/strong>, offrant ainsi une touche subtile et originale. Sa <strong>texture souple<\/strong> en fait un v\u00e9ritable d\u00e9lice \u00e0 savourer, \u00e0 chaque bouch\u00e9e, tout en offrant une exp\u00e9rience fondante et l\u00e9g\u00e8re. Le <strong>go\u00fbt du miel<\/strong>, naturellement doux et floral, est magnifiquement mis en valeur par la pr\u00e9sence discr\u00e8te de <strong>vanille<\/strong>, qui vient d\u00e9licatement rehausser ses saveurs sans jamais les masquer.<\/p>\n<p>Pr\u00e9sent\u00e9 en barre de 100g, ce nougat blanc est une gourmandise parfaite \u00e0 partager lors de vos moments de convivialit\u00e9, ou \u00e0 savourer seul, pour un plaisir sucr\u00e9 et raffin\u00e9. La combinaison de fruits secs et de miel, bien \u00e9quilibr\u00e9e, vous offrira un vrai moment de plaisir tout en restant fid\u00e8le aux saveurs traditionnelles du nougat. Un incontournable pour les amateurs de douceurs artisanales et raffin\u00e9es.<\/p>","protected":false},"excerpt":{"rendered":"<div class=\"flex max-w-full flex-col flex-grow\">\n<div class=\"min-h-8 text-message flex w-full flex-col items-end gap-2 whitespace-normal break-words [.text-message+&amp;]:mt-5\" dir=\"auto\" data-message-author-role=\"assistant\" data-message-id=\"12ebf93d-2440-4bf1-b0ad-a7a2b355bc6a\" data-message-model-slug=\"gpt-4o-mini\">\n<div class=\"flex w-full flex-col gap-1 empty:hidden first:pt-[3px]\">\n<div class=\"markdown prose w-full break-words dark:prose-invert light\">\n<p>La <strong>Plaque de Nougat Blanc au miel <\/strong>combine des <strong>amandes blanchies<\/strong>, pour une touche originale et subtile. Sa <strong>texture souple<\/strong> et le parfum d\u00e9licat de <strong>vanille<\/strong> viennent rehausser le go\u00fbt du <strong>miel<\/strong>, offrant une douceur gourmande et fondante. Un d\u00e9lice \u00e0 savourer seul ou \u00e0 partager.<\/p>\n<p>Ingr\u00e9dients : Sucre, <strong>AMANDES<\/strong> 30%, miel 19%, sucre de glucose, pain d&rsquo;azyme (f\u00e9cule de pomme de terre, eau, huile de tournesol), blanc d&rsquo;<strong>OEUF<\/strong>, ar\u00f4me naturel vanille. Traces d&rsquo;autres fruits \u00e0 coques.<\/p>\n<\/div>\n<\/div>\n<\/div>\n<\/div>\n","protected":false},"featured_media":1408,"comment_status":"closed","ping_status":"closed","template":"","meta":{"jetpack_publicize_message":"","jetpack_publicize_feature_enabled":true,"jetpack_social_post_already_shared":true,"jetpack_social_options":{"image_generator_settings":{"template":"highway","default_image_id":0,"font":"","enabled":false},"version":2}},"product_brand":[],"product_cat":[68],"product_tag":[],"class_list":{"0":"post-1406","1":"product","2":"type-product","3":"status-publish","4":"has-post-thumbnail","6":"product_cat-les-ruches-darmand","8":"first","9":"instock","10":"taxable","11":"shipping-taxable","12":"purchasable","13":"product-type-simple"},"jetpack_publicize_connections":[],"jetpack-related-posts":[{"id":962,"url":"https:\/\/oiseauduparadis.ch\/de\/produkt\/pastilles-au-miel-ovales-200g\/","url_meta":{"origin":1406,"position":0},"title":"Pastilles ovales 20% de miel, 200g","author":"Armand Gander","date":"16 Januar 2021","format":false,"excerpt":"Pastilles au Miel - 200g Savourez nos pastilles au miel (20%), en forme ovale et orn\u00e9es d\u2019une abeille, pour adoucir votre gorge et satisfaire vos envies sucr\u00e9es. Ces bonbons d\u00e9licieux sont parfaits pour des instants gourmands \u00e0 tout moment de la journ\u00e9e. Conditionnement : Paquet de 200g.","rel":"","context":"\u00c4hnlicher Beitrag","block_context":{"text":"\u00c4hnlicher Beitrag","link":""},"img":{"alt_text":"","src":"https:\/\/i0.wp.com\/oiseauduparadis.ch\/wp-content\/uploads\/2021\/01\/10100_PASTILLE_PM_RONDE.jpg?fit=800%2C630&ssl=1&resize=350%2C200","width":350,"height":200,"srcset":"https:\/\/i0.wp.com\/oiseauduparadis.ch\/wp-content\/uploads\/2021\/01\/10100_PASTILLE_PM_RONDE.jpg?fit=800%2C630&ssl=1&resize=350%2C200 1x, https:\/\/i0.wp.com\/oiseauduparadis.ch\/wp-content\/uploads\/2021\/01\/10100_PASTILLE_PM_RONDE.jpg?fit=800%2C630&ssl=1&resize=525%2C300 1.5x, https:\/\/i0.wp.com\/oiseauduparadis.ch\/wp-content\/uploads\/2021\/01\/10100_PASTILLE_PM_RONDE.jpg?fit=800%2C630&ssl=1&resize=700%2C400 2x"},"classes":[]},{"id":1058,"url":"https:\/\/oiseauduparadis.ch\/de\/produkt\/paquet-de-5-sucettes-au-miel\/","url_meta":{"origin":1406,"position":1},"title":"Paquet de 5 Sucettes au miel","author":"Armand Gander","date":"15 M\u00e4rz 2021","format":false,"excerpt":"Savourez nos sucettes au miel (15%), avec un b\u00e2ton en bois pour plus de confort et une dur\u00e9e de vie prolong\u00e9e. Pr\u00e9par\u00e9es avec amour, elles offrent une douceur naturelle et sucr\u00e9e. Pratique, le paquet refermable contient 5 sucettes \u00e0 d\u00e9guster \u00e0 tout moment.","rel":"","context":"\u00c4hnlicher Beitrag","block_context":{"text":"\u00c4hnlicher Beitrag","link":""},"img":{"alt_text":"","src":"https:\/\/i0.wp.com\/oiseauduparadis.ch\/wp-content\/uploads\/2021\/03\/1694615096745737758900047275150-scaled-e1694615199185.jpg?fit=797%2C1200&ssl=1&resize=350%2C200","width":350,"height":200,"srcset":"https:\/\/i0.wp.com\/oiseauduparadis.ch\/wp-content\/uploads\/2021\/03\/1694615096745737758900047275150-scaled-e1694615199185.jpg?fit=797%2C1200&ssl=1&resize=350%2C200 1x, https:\/\/i0.wp.com\/oiseauduparadis.ch\/wp-content\/uploads\/2021\/03\/1694615096745737758900047275150-scaled-e1694615199185.jpg?fit=797%2C1200&ssl=1&resize=525%2C300 1.5x, https:\/\/i0.wp.com\/oiseauduparadis.ch\/wp-content\/uploads\/2021\/03\/1694615096745737758900047275150-scaled-e1694615199185.jpg?fit=797%2C1200&ssl=1&resize=700%2C400 2x"},"classes":[]},{"id":965,"url":"https:\/\/oiseauduparadis.ch\/de\/produkt\/sucette-au-miel-15g\/","url_meta":{"origin":1406,"position":2},"title":"Sucette au miel 15g","author":"Armand Gander","date":"11 Januar 2021","format":false,"excerpt":"Sucette au Miel - 15g Savourez notre sucette au miel \u00e0 15% de miel, parfaite pour une pause sucr\u00e9e. Son b\u00e2ton en bois assure une dur\u00e9e de vie prolong\u00e9e, et son format de 15g est id\u00e9al pour un moment de douceur \u00e0 emporter. Conditionnement : \u00c0 l\u2019unit\u00e9, 15g.","rel":"","context":"\u00c4hnlicher Beitrag","block_context":{"text":"\u00c4hnlicher Beitrag","link":""},"img":{"alt_text":"","src":"","width":0,"height":0},"classes":[]},{"id":963,"url":"https:\/\/oiseauduparadis.ch\/de\/produkt\/pates-dor-propolis-200g\/","url_meta":{"origin":1406,"position":3},"title":"P\u00e2tes d&rsquo;or Propolis &#8211; 20% de miel &#8211; 200g","author":"Armand Gander","date":"11 Januar 2021","format":false,"excerpt":"Savourez notre p\u00e2te d\u2019or artisanale, r\u00e9alis\u00e9e \u00e0 partir de miel et propolis pour un go\u00fbt unique et des bienfaits naturels. Avec 20% de miel et 2,5% de propolis, cette p\u00e2te est d\u00e9licatement d\u00e9coup\u00e9e \u00e0 la main et offre une texture fondante. Parfaite pour allier plaisir et bien-\u00eatre. Conditionnement : Paquet\u2026","rel":"","context":"\u00c4hnlicher Beitrag","block_context":{"text":"\u00c4hnlicher Beitrag","link":""},"img":{"alt_text":"","src":"https:\/\/i0.wp.com\/oiseauduparadis.ch\/wp-content\/uploads\/2021\/01\/50105_PATEDOR_PROPOLIS_SUCRE_DE_CANNE.jpg?fit=800%2C630&ssl=1&resize=350%2C200","width":350,"height":200,"srcset":"https:\/\/i0.wp.com\/oiseauduparadis.ch\/wp-content\/uploads\/2021\/01\/50105_PATEDOR_PROPOLIS_SUCRE_DE_CANNE.jpg?fit=800%2C630&ssl=1&resize=350%2C200 1x, https:\/\/i0.wp.com\/oiseauduparadis.ch\/wp-content\/uploads\/2021\/01\/50105_PATEDOR_PROPOLIS_SUCRE_DE_CANNE.jpg?fit=800%2C630&ssl=1&resize=525%2C300 1.5x, https:\/\/i0.wp.com\/oiseauduparadis.ch\/wp-content\/uploads\/2021\/01\/50105_PATEDOR_PROPOLIS_SUCRE_DE_CANNE.jpg?fit=800%2C630&ssl=1&resize=700%2C400 2x"},"classes":[]},{"id":2390,"url":"https:\/\/oiseauduparadis.ch\/de\/produkt\/moutarde-a-lancienne-au-miel\/","url_meta":{"origin":1406,"position":4},"title":"Moutarde \u00e0 l&rsquo;ancienne au miel 180g","author":"Armand Gander","date":"13 November 2023","format":false,"excerpt":"Moutarde \u00e0 l\u2019Ancienne au Miel \u2013 Douceur et Caract\u00e8re \u00c9labor\u00e9e avec des graines de moutarde jaunes et noires, cette moutarde est adoucie par 10% de miel issu de nos ruchers fran\u00e7ais. Id\u00e9ale pour badigeonner viandes, r\u00f4tis, ou pour rehausser vinaigrettes et sauces maison. Ingr\u00e9dients Vinaigre de cidre*, graines de MOUTARDE,\u2026","rel":"","context":"\u00c4hnlicher Beitrag","block_context":{"text":"\u00c4hnlicher Beitrag","link":""},"img":{"alt_text":"","src":"https:\/\/i0.wp.com\/oiseauduparadis.ch\/wp-content\/uploads\/2023\/11\/20231114_104610-scaled.jpg?fit=733%2C1200&ssl=1&resize=350%2C200","width":350,"height":200,"srcset":"https:\/\/i0.wp.com\/oiseauduparadis.ch\/wp-content\/uploads\/2023\/11\/20231114_104610-scaled.jpg?fit=733%2C1200&ssl=1&resize=350%2C200 1x, https:\/\/i0.wp.com\/oiseauduparadis.ch\/wp-content\/uploads\/2023\/11\/20231114_104610-scaled.jpg?fit=733%2C1200&ssl=1&resize=525%2C300 1.5x, https:\/\/i0.wp.com\/oiseauduparadis.ch\/wp-content\/uploads\/2023\/11\/20231114_104610-scaled.jpg?fit=733%2C1200&ssl=1&resize=700%2C400 2x"},"classes":[]},{"id":959,"url":"https:\/\/oiseauduparadis.ch\/de\/produkt\/miel-aas-250g\/","url_meta":{"origin":1406,"position":5},"title":"Les 2 AA &#8211; Miel de Ch\u00e2tel-St-Denis","author":"Armand Gander","date":"16 Januar 2021","format":false,"excerpt":"Les 2 AA \u2013 Du miel, de l\u2019amiti\u00e9 et beaucoup d\u2019amour ! Armand et Alexandre, deux apiculteurs ins\u00e9parables\u2026 et nos abeilles, des coll\u00e8gues infatigables ! Ensemble, on fabrique un miel aussi doux que notre amiti\u00e9 et aussi dor\u00e9 que nos fous rires. 100% naturel, 100% artisanal et 200% bon \u2013\u2026","rel":"","context":"\u00c4hnlicher Beitrag","block_context":{"text":"\u00c4hnlicher Beitrag","link":""},"img":{"alt_text":"","src":"https:\/\/i0.wp.com\/oiseauduparadis.ch\/wp-content\/uploads\/2023\/10\/honey-jar-beehives-meadow-springtime.webp?fit=1200%2C800&ssl=1&resize=350%2C200","width":350,"height":200,"srcset":"https:\/\/i0.wp.com\/oiseauduparadis.ch\/wp-content\/uploads\/2023\/10\/honey-jar-beehives-meadow-springtime.webp?fit=1200%2C800&ssl=1&resize=350%2C200 1x, https:\/\/i0.wp.com\/oiseauduparadis.ch\/wp-content\/uploads\/2023\/10\/honey-jar-beehives-meadow-springtime.webp?fit=1200%2C800&ssl=1&resize=525%2C300 1.5x, https:\/\/i0.wp.com\/oiseauduparadis.ch\/wp-content\/uploads\/2023\/10\/honey-jar-beehives-meadow-springtime.webp?fit=1200%2C800&ssl=1&resize=700%2C400 2x, https:\/\/i0.wp.com\/oiseauduparadis.ch\/wp-content\/uploads\/2023\/10\/honey-jar-beehives-meadow-springtime.webp?fit=1200%2C800&ssl=1&resize=1050%2C600 3x"},"classes":[]}],"jetpack_sharing_enabled":true,"_links":{"self":[{"href":"https:\/\/oiseauduparadis.ch\/de\/wp-json\/wp\/v2\/product\/1406","targetHints":{"allow":["GET"]}}],"collection":[{"href":"https:\/\/oiseauduparadis.ch\/de\/wp-json\/wp\/v2\/product"}],"about":[{"href":"https:\/\/oiseauduparadis.ch\/de\/wp-json\/wp\/v2\/types\/product"}],"replies":[{"embeddable":true,"href":"https:\/\/oiseauduparadis.ch\/de\/wp-json\/wp\/v2\/comments?post=1406"}],"wp:featuredmedia":[{"embeddable":true,"href":"https:\/\/oiseauduparadis.ch\/de\/wp-json\/wp\/v2\/media\/1408"}],"wp:attachment":[{"href":"https:\/\/oiseauduparadis.ch\/de\/wp-json\/wp\/v2\/media?parent=1406"}],"wp:term":[{"taxonomy":"product_brand","embeddable":true,"href":"https:\/\/oiseauduparadis.ch\/de\/wp-json\/wp\/v2\/product_brand?post=1406"},{"taxonomy":"product_cat","embeddable":true,"href":"https:\/\/oiseauduparadis.ch\/de\/wp-json\/wp\/v2\/product_cat?post=1406"},{"taxonomy":"product_tag","embeddable":true,"href":"https:\/\/oiseauduparadis.ch\/de\/wp-json\/wp\/v2\/product_tag?post=1406"}],"curies":[{"name":"wp","href":"https:\/\/api.w.org\/{rel}","templated":true}]}}