{"id":2403,"date":"2023-11-30T16:24:04","date_gmt":"2023-11-30T15:24:04","guid":{"rendered":"https:\/\/oiseauduparadis.ch\/?post_type=product&#038;p=2403"},"modified":"2026-01-05T17:07:57","modified_gmt":"2026-01-05T16:07:57","slug":"pot-en-verre-a-bougie-en-cire-dabeille","status":"publish","type":"product","link":"https:\/\/oiseauduparadis.ch\/de\/produkt\/pot-en-verre-a-bougie-en-cire-dabeille\/","title":{"rendered":"Pot en verre \u00e0 bougie en cire d&rsquo;abeille"},"content":{"rendered":"<p><strong>Bougie en Cire d&rsquo;Abeilles Biodynamique &#8211; Pot en Verre<\/strong><\/p>\n<p>\u00c9veillez vos sens avec cette <strong>bougie en cire d&rsquo;abeilles biodynamique<\/strong>, fabriqu\u00e9e avec soin dans notre atelier de <strong>Ch\u00e2tel-St-Denis<\/strong>. Issu de notre propre exploitation, ce produit est un hommage \u00e0 l&rsquo;authenticit\u00e9 et \u00e0 la puret\u00e9 de la nature. La cire d&rsquo;abeilles biodynamique, naturellement produite sans traitement chimique, cr\u00e9e une lueur douce et chaleureuse, parfaite pour vos moments de d\u00e9tente et de convivialit\u00e9. La <strong>m\u00e8che en coton<\/strong> garantit une combustion propre et uniforme, vous permettant de profiter pleinement de cette bougie pendant plusieurs heures.<\/p>\n<p>Le <strong>pot en verre<\/strong> est \u00e9l\u00e9gant et pratique, permettant de conserver la bougie en toute s\u00e9curit\u00e9 et d\u2019ajouter une touche de charme \u00e0 votre int\u00e9rieur. Cette bougie est non seulement un excellent choix pour cr\u00e9er une ambiance chaleureuse, mais elle est \u00e9galement respectueuse de l&rsquo;environnement, issue d&rsquo;une production \u00e9thique et durable. Faites l&rsquo;exp\u00e9rience d&rsquo;une lumi\u00e8re douce et naturelle, tout en soutenant des pratiques agricoles responsables.<\/p>\n<p><strong>Fabrication<\/strong> : Artisanalement dans notre atelier de <strong>Ch\u00e2tel-St-Denis<\/strong>.<br \/>\n<strong>M\u00e8che<\/strong> : 100% coton.<br \/>\n<strong>Cire<\/strong> : Biodynamique issue de notre exploitation.<\/p>","protected":false},"excerpt":{"rendered":"<p><strong>Bougie en Cire d&rsquo;Abeilles Biodynamique &#8211; Pot en Verre<\/strong><\/p>\n<p>Cr\u00e9ez une ambiance chaleureuse et naturelle avec cette <strong>bougie en cire d&rsquo;abeilles biodynamique<\/strong>, fabriqu\u00e9e avec amour dans notre atelier de <strong>Ch\u00e2tel-St-Denis<\/strong>. La <strong>m\u00e8che en coton<\/strong> et la cire biodynamique issue de notre exploitation garantissent une combustion propre et agr\u00e9able.<br \/>\n<strong>Conditionnement<\/strong> : Pot en verre.<\/p>","protected":false},"featured_media":2506,"comment_status":"closed","ping_status":"closed","template":"","meta":{"jetpack_publicize_message":"","jetpack_publicize_feature_enabled":true,"jetpack_social_post_already_shared":true,"jetpack_social_options":{"image_generator_settings":{"template":"highway","default_image_id":0,"font":"","enabled":false},"version":2}},"product_brand":[],"product_cat":[68],"product_tag":[],"class_list":{"0":"post-2403","1":"product","2":"type-product","3":"status-publish","4":"has-post-thumbnail","6":"product_cat-les-ruches-darmand","7":"product_shipping_class-ruches-darmand","9":"first","10":"instock","11":"taxable","12":"shipping-taxable","13":"purchasable","14":"product-type-simple"},"jetpack_publicize_connections":[],"jetpack-related-posts":[{"id":946,"url":"https:\/\/oiseauduparadis.ch\/de\/produkt\/chandelle-en-cire-dabeilles\/","url_meta":{"origin":2403,"position":0},"title":"Chandelle en cire d&rsquo;abeilles","author":"Armand Gander","date":"11 Januar 2021","format":false,"excerpt":"Cette bougie roul\u00e9e \u00e0 la main dans notre atelier de Ch\u00e2tel-Saint-Denis est fabriqu\u00e9e \u00e0 partir de cire d'abeille biodynamique pure, avec une m\u00e8che en coton naturel. Offrant environ 4 heures de combustion, elle cr\u00e9e une ambiance chaleureuse et naturelle, id\u00e9ale pour un moment de d\u00e9tente.","rel":"","context":"\u00c4hnlicher Beitrag","block_context":{"text":"\u00c4hnlicher Beitrag","link":""},"img":{"alt_text":"","src":"https:\/\/i0.wp.com\/oiseauduparadis.ch\/wp-content\/uploads\/2021\/01\/bougiecireabeillegaufree.800.jpg?fit=474%2C474&ssl=1&resize=350%2C200","width":350,"height":200},"classes":[]},{"id":1254,"url":"https:\/\/oiseauduparadis.ch\/de\/produkt\/chouette-en-cire-dabeilles\/","url_meta":{"origin":2403,"position":1},"title":"Chouette en cire d&rsquo;abeilles","author":"Armand Gander","date":"26 November 2022","format":false,"excerpt":"Cette bougie en forme de chouette, fabriqu\u00e9e \u00e0 la main dans notre atelier de Ch\u00e2tel-Saint-Denis, est r\u00e9alis\u00e9e avec de la cire d'abeille biodynamique pure, issue de nos ruches, et une m\u00e8che en coton naturel. Un \u00e9clairage doux et \u00e9cologique qui apportera une touche chaleureuse \u00e0 votre int\u00e9rieur, pour environ 3\u2026","rel":"","context":"\u00c4hnlicher Beitrag","block_context":{"text":"\u00c4hnlicher Beitrag","link":""},"img":{"alt_text":"","src":"https:\/\/i0.wp.com\/oiseauduparadis.ch\/wp-content\/uploads\/2022\/11\/bougie-chouette.jpg?fit=719%2C539&ssl=1&resize=350%2C200","width":350,"height":200,"srcset":"https:\/\/i0.wp.com\/oiseauduparadis.ch\/wp-content\/uploads\/2022\/11\/bougie-chouette.jpg?fit=719%2C539&ssl=1&resize=350%2C200 1x, https:\/\/i0.wp.com\/oiseauduparadis.ch\/wp-content\/uploads\/2022\/11\/bougie-chouette.jpg?fit=719%2C539&ssl=1&resize=525%2C300 1.5x, https:\/\/i0.wp.com\/oiseauduparadis.ch\/wp-content\/uploads\/2022\/11\/bougie-chouette.jpg?fit=719%2C539&ssl=1&resize=700%2C400 2x"},"classes":[]},{"id":2497,"url":"https:\/\/oiseauduparadis.ch\/de\/produkt\/bougie-ruche-paille\/","url_meta":{"origin":2403,"position":2},"title":"Bougie ruche paille","author":"Armand Gander","date":"20 November 2024","format":false,"excerpt":"Bougie Ruche Paille en Cire d'Abeille \u00c9clairez votre espace avec cette bougie ruche paille en cire d'abeille. Avec sa m\u00e8che en coton et son design naturel, elle offre une dur\u00e9e de combustion d\u2019environ 8 heures. Son poids de 70g et sa hauteur de 9 cm en font une bougie id\u00e9ale\u2026","rel":"","context":"\u00c4hnlicher Beitrag","block_context":{"text":"\u00c4hnlicher Beitrag","link":""},"img":{"alt_text":"","src":"https:\/\/i0.wp.com\/oiseauduparadis.ch\/wp-content\/uploads\/2024\/11\/ruche-paille-grande.jpg?fit=540%2C540&ssl=1&resize=350%2C200","width":350,"height":200,"srcset":"https:\/\/i0.wp.com\/oiseauduparadis.ch\/wp-content\/uploads\/2024\/11\/ruche-paille-grande.jpg?fit=540%2C540&ssl=1&resize=350%2C200 1x, https:\/\/i0.wp.com\/oiseauduparadis.ch\/wp-content\/uploads\/2024\/11\/ruche-paille-grande.jpg?fit=540%2C540&ssl=1&resize=525%2C300 1.5x"},"classes":[]},{"id":1259,"url":"https:\/\/oiseauduparadis.ch\/de\/produkt\/le-cousin-miel-250g-cuvee-de-lhexagone\/","url_meta":{"origin":2403,"position":3},"title":"Le Miel d&rsquo;Armand &#8211; Cuv\u00e9e de l\u2019Hexagone","author":"Armand Gander","date":"1 Dezember 2022","format":false,"excerpt":"Quand le miel suisse fait une pause, le fran\u00e7ais entre en sc\u00e8ne ! Issu de nos 460 ruches, notre miel de fleurs fran\u00e7aises prend le relais avec la m\u00eame qualit\u00e9 et le m\u00eame amour que notre miel suisse, seul le terroir change (et encore, il est mis en pot \u00e0\u2026","rel":"","context":"\u00c4hnlicher Beitrag","block_context":{"text":"\u00c4hnlicher Beitrag","link":""},"img":{"alt_text":"","src":"https:\/\/i0.wp.com\/oiseauduparadis.ch\/wp-content\/uploads\/2022\/12\/7a0cd501-730f-40d7-9c67-0d0c113b7289_1.jpeg?fit=700%2C700&ssl=1&resize=350%2C200","width":350,"height":200,"srcset":"https:\/\/i0.wp.com\/oiseauduparadis.ch\/wp-content\/uploads\/2022\/12\/7a0cd501-730f-40d7-9c67-0d0c113b7289_1.jpeg?fit=700%2C700&ssl=1&resize=350%2C200 1x, https:\/\/i0.wp.com\/oiseauduparadis.ch\/wp-content\/uploads\/2022\/12\/7a0cd501-730f-40d7-9c67-0d0c113b7289_1.jpeg?fit=700%2C700&ssl=1&resize=525%2C300 1.5x, https:\/\/i0.wp.com\/oiseauduparadis.ch\/wp-content\/uploads\/2022\/12\/7a0cd501-730f-40d7-9c67-0d0c113b7289_1.jpeg?fit=700%2C700&ssl=1&resize=700%2C400 2x"},"classes":[]},{"id":2507,"url":"https:\/\/oiseauduparadis.ch\/de\/produkt\/encaustique-40g\/","url_meta":{"origin":2403,"position":4},"title":"Encaustique &#8211; 40g","author":"Armand Gander","date":"29 November 2024","format":false,"excerpt":"L\u2019encaustique maison sans t\u00e9r\u00e9benthine ? Oui, c\u2019est possible ! Pour ceux qui pr\u00e9f\u00e8rent bichonner leurs meubles sans parfumer la maison \u00e0 l\u2019essence, notre version douce et naturelle fait des merveilles. \u00c0 base d\u2019ingr\u00e9dients qu\u2019on pourrait presque mettre dans une salade (mais ne le faites pas), cette encaustique nourrit bois et\u2026","rel":"","context":"\u00c4hnlicher Beitrag","block_context":{"text":"\u00c4hnlicher Beitrag","link":""},"img":{"alt_text":"","src":"https:\/\/i0.wp.com\/oiseauduparadis.ch\/wp-content\/uploads\/2024\/11\/shutterstock-2323077371-copie-qmgk1dp0lq8z7q7kexxqzy85sdr2by8pi67moflz7q.jpeg?fit=825%2C519&ssl=1&resize=350%2C200","width":350,"height":200,"srcset":"https:\/\/i0.wp.com\/oiseauduparadis.ch\/wp-content\/uploads\/2024\/11\/shutterstock-2323077371-copie-qmgk1dp0lq8z7q7kexxqzy85sdr2by8pi67moflz7q.jpeg?fit=825%2C519&ssl=1&resize=350%2C200 1x, https:\/\/i0.wp.com\/oiseauduparadis.ch\/wp-content\/uploads\/2024\/11\/shutterstock-2323077371-copie-qmgk1dp0lq8z7q7kexxqzy85sdr2by8pi67moflz7q.jpeg?fit=825%2C519&ssl=1&resize=525%2C300 1.5x, https:\/\/i0.wp.com\/oiseauduparadis.ch\/wp-content\/uploads\/2024\/11\/shutterstock-2323077371-copie-qmgk1dp0lq8z7q7kexxqzy85sdr2by8pi67moflz7q.jpeg?fit=825%2C519&ssl=1&resize=700%2C400 2x"},"classes":[]},{"id":959,"url":"https:\/\/oiseauduparadis.ch\/de\/produkt\/miel-aas-250g\/","url_meta":{"origin":2403,"position":5},"title":"Les 2 AA &#8211; Miel de Ch\u00e2tel-St-Denis","author":"Armand Gander","date":"16 Januar 2021","format":false,"excerpt":"Les 2 AA \u2013 Du miel, de l\u2019amiti\u00e9 et beaucoup d\u2019amour ! Armand et Alexandre, deux apiculteurs ins\u00e9parables\u2026 et nos abeilles, des coll\u00e8gues infatigables ! Ensemble, on fabrique un miel aussi doux que notre amiti\u00e9 et aussi dor\u00e9 que nos fous rires. 100% naturel, 100% artisanal et 200% bon \u2013\u2026","rel":"","context":"\u00c4hnlicher Beitrag","block_context":{"text":"\u00c4hnlicher Beitrag","link":""},"img":{"alt_text":"","src":"https:\/\/i0.wp.com\/oiseauduparadis.ch\/wp-content\/uploads\/2023\/10\/honey-jar-beehives-meadow-springtime.webp?fit=1200%2C800&ssl=1&resize=350%2C200","width":350,"height":200,"srcset":"https:\/\/i0.wp.com\/oiseauduparadis.ch\/wp-content\/uploads\/2023\/10\/honey-jar-beehives-meadow-springtime.webp?fit=1200%2C800&ssl=1&resize=350%2C200 1x, https:\/\/i0.wp.com\/oiseauduparadis.ch\/wp-content\/uploads\/2023\/10\/honey-jar-beehives-meadow-springtime.webp?fit=1200%2C800&ssl=1&resize=525%2C300 1.5x, https:\/\/i0.wp.com\/oiseauduparadis.ch\/wp-content\/uploads\/2023\/10\/honey-jar-beehives-meadow-springtime.webp?fit=1200%2C800&ssl=1&resize=700%2C400 2x, https:\/\/i0.wp.com\/oiseauduparadis.ch\/wp-content\/uploads\/2023\/10\/honey-jar-beehives-meadow-springtime.webp?fit=1200%2C800&ssl=1&resize=1050%2C600 3x"},"classes":[]}],"jetpack_sharing_enabled":true,"_links":{"self":[{"href":"https:\/\/oiseauduparadis.ch\/de\/wp-json\/wp\/v2\/product\/2403","targetHints":{"allow":["GET"]}}],"collection":[{"href":"https:\/\/oiseauduparadis.ch\/de\/wp-json\/wp\/v2\/product"}],"about":[{"href":"https:\/\/oiseauduparadis.ch\/de\/wp-json\/wp\/v2\/types\/product"}],"replies":[{"embeddable":true,"href":"https:\/\/oiseauduparadis.ch\/de\/wp-json\/wp\/v2\/comments?post=2403"}],"wp:featuredmedia":[{"embeddable":true,"href":"https:\/\/oiseauduparadis.ch\/de\/wp-json\/wp\/v2\/media\/2506"}],"wp:attachment":[{"href":"https:\/\/oiseauduparadis.ch\/de\/wp-json\/wp\/v2\/media?parent=2403"}],"wp:term":[{"taxonomy":"product_brand","embeddable":true,"href":"https:\/\/oiseauduparadis.ch\/de\/wp-json\/wp\/v2\/product_brand?post=2403"},{"taxonomy":"product_cat","embeddable":true,"href":"https:\/\/oiseauduparadis.ch\/de\/wp-json\/wp\/v2\/product_cat?post=2403"},{"taxonomy":"product_tag","embeddable":true,"href":"https:\/\/oiseauduparadis.ch\/de\/wp-json\/wp\/v2\/product_tag?post=2403"}],"curies":[{"name":"wp","href":"https:\/\/api.w.org\/{rel}","templated":true}]}}