{"id":2404,"date":"2023-11-30T16:21:29","date_gmt":"2023-11-30T15:21:29","guid":{"rendered":"https:\/\/oiseauduparadis.ch\/?post_type=product&#038;p=2404"},"modified":"2025-11-30T11:33:53","modified_gmt":"2025-11-30T10:33:53","slug":"armandines","status":"publish","type":"product","link":"https:\/\/oiseauduparadis.ch\/de\/produkt\/armandines\/","title":{"rendered":"Armandines 100g"},"content":{"rendered":"<p>Armandines \u2013 Amandes au Sucre Artisanales<\/p>\n<p>Laissez-vous charmer par nos Armandines : des amandes si savoureuses qu\u2019elles pourraient bien devenir vos nouvelles complices de pauses gourmandes. Pr\u00e9par\u00e9es avec soin dans notre atelier de Ch\u00e2tel-St-Denis, elles croquent sous la dent avant de r\u00e9v\u00e9ler un parfum subtil de cannelle et de sucre vanill\u00e9\u2026 un duo qui rend tout le monde instantan\u00e9ment de bonne humeur.<\/p>\n<p>Elles sont propos\u00e9es dans un sachet refermable de 100 g \u2014 id\u00e9al si, par miracle, il vous en reste pour plus tard. \u00c0 l\u2019abri de l&rsquo;humidit\u00e9, elles conservent ainsi toute leur fra\u00eecheur pendant un mois.<\/p>\n<p><strong>Ingr\u00e9dients<\/strong><br \/>\nAmandes enti\u00e8res, sucre, eau, sucre vanill\u00e9, cannelle.<\/p>\n<blockquote><p><strong>Un Plaisir Gourmand \u00e0 Partager<\/strong><\/p><\/blockquote>\n<p>Cadeau, ap\u00e9ritif ou petite pause sucr\u00e9e bien m\u00e9rit\u00e9e : toutes les occasions sont bonnes pour sortir une poign\u00e9e d\u2019Armandines. Elles feront fondre les amateurs de douceur\u2026 et m\u00eame les ind\u00e9cis.<\/p>\n<p>Craquez pour ce d\u00e9lice local, 100% fait maison !<\/p>","protected":false},"excerpt":{"rendered":"<p data-start=\"64\" data-end=\"108\"><strong data-start=\"64\" data-end=\"108\">Armandines \u2013 Amandes au Sucre Artisanales<\/strong><\/p>\n<p data-start=\"110\" data-end=\"554\">Laissez-vous tenter par nos Armandines : des amandes croquantes si gourmandes qu\u2019elles risquent de dispara\u00eetre myst\u00e9rieusement\u2026 souvent juste apr\u00e8s l\u2019ouverture du sachet ! Enrob\u00e9es de sucre, de cannelle et d\u2019une pointe de sucre vanill\u00e9, elles sont pr\u00e9par\u00e9es avec soin dans notre atelier de Ch\u00e2tel-St-Denis.<br \/>\nLivr\u00e9es dans un sachet refermable de 100 g (pour les plus disciplin\u00e9s d\u2019entre vous), elles gardent toute leur fra\u00eecheur pendant un mois.<\/p>\n<p data-start=\"556\" data-end=\"618\" data-is-last-node=\"\" data-is-only-node=\"\">Un petit bonheur \u00e0 croquer\u2026 ou \u00e0 partager, si vous y arrivez !<\/p>","protected":false},"featured_media":2484,"comment_status":"closed","ping_status":"closed","template":"","meta":{"jetpack_publicize_message":"","jetpack_publicize_feature_enabled":true,"jetpack_social_post_already_shared":true,"jetpack_social_options":{"image_generator_settings":{"template":"highway","default_image_id":0,"font":"","enabled":false},"version":2}},"product_brand":[],"product_cat":[28],"product_tag":[],"class_list":{"0":"post-2404","1":"product","2":"type-product","3":"status-publish","4":"has-post-thumbnail","6":"product_cat-les-gourmandise-darmand","8":"first","9":"onbackorder","10":"taxable","11":"shipping-taxable","12":"purchasable","13":"product-type-simple"},"jetpack_publicize_connections":[],"jetpack-related-posts":[{"id":1406,"url":"https:\/\/oiseauduparadis.ch\/de\/produkt\/plaque-nougat-miel\/","url_meta":{"origin":2404,"position":0},"title":"Plaque de nougat blanc au miel 100g","author":"Armand Gander","date":"4 Oktober 2023","format":false,"excerpt":"La Plaque de Nougat Blanc au miel combine des amandes blanchies, pour une touche originale et subtile. Sa texture souple et le parfum d\u00e9licat de vanille viennent rehausser le go\u00fbt du miel, offrant une douceur gourmande et fondante. Un d\u00e9lice \u00e0 savourer seul ou \u00e0 partager. Ingr\u00e9dients : Sucre, AMANDES\u2026","rel":"","context":"\u00c4hnlicher Beitrag","block_context":{"text":"\u00c4hnlicher Beitrag","link":""},"img":{"alt_text":"","src":"https:\/\/i0.wp.com\/oiseauduparadis.ch\/wp-content\/uploads\/2023\/10\/Nougat-bars-Vital-Almond-540x406-1.jpg?fit=540%2C406&ssl=1&resize=350%2C200","width":350,"height":200,"srcset":"https:\/\/i0.wp.com\/oiseauduparadis.ch\/wp-content\/uploads\/2023\/10\/Nougat-bars-Vital-Almond-540x406-1.jpg?fit=540%2C406&ssl=1&resize=350%2C200 1x, https:\/\/i0.wp.com\/oiseauduparadis.ch\/wp-content\/uploads\/2023\/10\/Nougat-bars-Vital-Almond-540x406-1.jpg?fit=540%2C406&ssl=1&resize=525%2C300 1.5x"},"classes":[]},{"id":962,"url":"https:\/\/oiseauduparadis.ch\/de\/produkt\/pastilles-au-miel-ovales-200g\/","url_meta":{"origin":2404,"position":1},"title":"Pastilles ovales 20% de miel, 200g","author":"Armand Gander","date":"16 Januar 2021","format":false,"excerpt":"Pastilles au Miel - 200g Savourez nos pastilles au miel (20%), en forme ovale et orn\u00e9es d\u2019une abeille, pour adoucir votre gorge et satisfaire vos envies sucr\u00e9es. Ces bonbons d\u00e9licieux sont parfaits pour des instants gourmands \u00e0 tout moment de la journ\u00e9e. Conditionnement : Paquet de 200g.","rel":"","context":"\u00c4hnlicher Beitrag","block_context":{"text":"\u00c4hnlicher Beitrag","link":""},"img":{"alt_text":"","src":"https:\/\/i0.wp.com\/oiseauduparadis.ch\/wp-content\/uploads\/2021\/01\/10100_PASTILLE_PM_RONDE.jpg?fit=800%2C630&ssl=1&resize=350%2C200","width":350,"height":200,"srcset":"https:\/\/i0.wp.com\/oiseauduparadis.ch\/wp-content\/uploads\/2021\/01\/10100_PASTILLE_PM_RONDE.jpg?fit=800%2C630&ssl=1&resize=350%2C200 1x, https:\/\/i0.wp.com\/oiseauduparadis.ch\/wp-content\/uploads\/2021\/01\/10100_PASTILLE_PM_RONDE.jpg?fit=800%2C630&ssl=1&resize=525%2C300 1.5x, https:\/\/i0.wp.com\/oiseauduparadis.ch\/wp-content\/uploads\/2021\/01\/10100_PASTILLE_PM_RONDE.jpg?fit=800%2C630&ssl=1&resize=700%2C400 2x"},"classes":[]},{"id":1058,"url":"https:\/\/oiseauduparadis.ch\/de\/produkt\/paquet-de-5-sucettes-au-miel\/","url_meta":{"origin":2404,"position":2},"title":"Paquet de 5 Sucettes au miel","author":"Armand Gander","date":"15 M\u00e4rz 2021","format":false,"excerpt":"Savourez nos sucettes au miel (15%), avec un b\u00e2ton en bois pour plus de confort et une dur\u00e9e de vie prolong\u00e9e. Pr\u00e9par\u00e9es avec amour, elles offrent une douceur naturelle et sucr\u00e9e. Pratique, le paquet refermable contient 5 sucettes \u00e0 d\u00e9guster \u00e0 tout moment.","rel":"","context":"\u00c4hnlicher Beitrag","block_context":{"text":"\u00c4hnlicher Beitrag","link":""},"img":{"alt_text":"","src":"https:\/\/i0.wp.com\/oiseauduparadis.ch\/wp-content\/uploads\/2021\/03\/1694615096745737758900047275150-scaled-e1694615199185.jpg?fit=797%2C1200&ssl=1&resize=350%2C200","width":350,"height":200,"srcset":"https:\/\/i0.wp.com\/oiseauduparadis.ch\/wp-content\/uploads\/2021\/03\/1694615096745737758900047275150-scaled-e1694615199185.jpg?fit=797%2C1200&ssl=1&resize=350%2C200 1x, https:\/\/i0.wp.com\/oiseauduparadis.ch\/wp-content\/uploads\/2021\/03\/1694615096745737758900047275150-scaled-e1694615199185.jpg?fit=797%2C1200&ssl=1&resize=525%2C300 1.5x, https:\/\/i0.wp.com\/oiseauduparadis.ch\/wp-content\/uploads\/2021\/03\/1694615096745737758900047275150-scaled-e1694615199185.jpg?fit=797%2C1200&ssl=1&resize=700%2C400 2x"},"classes":[]},{"id":1108,"url":"https:\/\/oiseauduparadis.ch\/de\/produkt\/tarte-a-la-raisinee-develyne\/","url_meta":{"origin":2404,"position":3},"title":"Tarte \u00e0 la raisin\u00e9e d&rsquo;Evelyne","author":"Armand Gander","date":"14 April 2021","format":false,"excerpt":"Tarte \u00e0 la Raisin\u00e9e d'Evelyne - 28 cm \u00d8 La Tarte \u00e0 la Raisin\u00e9e d'Evelyne est une vraie sp\u00e9cialit\u00e9 vaudoise qui combine raisin\u00e9e (vin cuit de poires ou pommes) et lait concentr\u00e9 sucr\u00e9 pour un effet miroir irr\u00e9sistible. Avec son go\u00fbt unique, cette tarte est un d\u00e9lice \u00e0 savourer absolument.\u2026","rel":"","context":"\u00c4hnlicher Beitrag","block_context":{"text":"\u00c4hnlicher Beitrag","link":""},"img":{"alt_text":"","src":"https:\/\/i0.wp.com\/oiseauduparadis.ch\/wp-content\/uploads\/2021\/04\/20151024_195209-scaled.jpg?fit=1200%2C675&ssl=1&resize=350%2C200","width":350,"height":200,"srcset":"https:\/\/i0.wp.com\/oiseauduparadis.ch\/wp-content\/uploads\/2021\/04\/20151024_195209-scaled.jpg?fit=1200%2C675&ssl=1&resize=350%2C200 1x, https:\/\/i0.wp.com\/oiseauduparadis.ch\/wp-content\/uploads\/2021\/04\/20151024_195209-scaled.jpg?fit=1200%2C675&ssl=1&resize=525%2C300 1.5x, https:\/\/i0.wp.com\/oiseauduparadis.ch\/wp-content\/uploads\/2021\/04\/20151024_195209-scaled.jpg?fit=1200%2C675&ssl=1&resize=700%2C400 2x, https:\/\/i0.wp.com\/oiseauduparadis.ch\/wp-content\/uploads\/2021\/04\/20151024_195209-scaled.jpg?fit=1200%2C675&ssl=1&resize=1050%2C600 3x"},"classes":[]},{"id":1188,"url":"https:\/\/oiseauduparadis.ch\/de\/produkt\/pain-depice-pur-miel\/","url_meta":{"origin":2404,"position":4},"title":"Pain d\u2019\u00e9pices Pur miel 250g","author":"Armand Gander","date":"5 Oktober 2021","format":false,"excerpt":"Pain d\u2019\u00c9pices Artisanale au Miel - 250g Savourez notre pain d\u2019\u00e9pices artisanal au miel pur (57%), sans lactose, fabriqu\u00e9 avec soin dans nos ateliers. Sa texture moelleuse et ses \u00e9pices d\u00e9licates de cannelle et d\u2019anis en font une gourmandise parfaite, \u00e0 d\u00e9guster nature, avec du beurre ou du foie gras.\u2026","rel":"","context":"\u00c4hnlicher Beitrag","block_context":{"text":"\u00c4hnlicher Beitrag","link":""},"img":{"alt_text":"","src":"https:\/\/i0.wp.com\/oiseauduparadis.ch\/wp-content\/uploads\/2021\/10\/TRANCHE-PE.jpg?fit=1200%2C1190&ssl=1&resize=350%2C200","width":350,"height":200,"srcset":"https:\/\/i0.wp.com\/oiseauduparadis.ch\/wp-content\/uploads\/2021\/10\/TRANCHE-PE.jpg?fit=1200%2C1190&ssl=1&resize=350%2C200 1x, https:\/\/i0.wp.com\/oiseauduparadis.ch\/wp-content\/uploads\/2021\/10\/TRANCHE-PE.jpg?fit=1200%2C1190&ssl=1&resize=525%2C300 1.5x, https:\/\/i0.wp.com\/oiseauduparadis.ch\/wp-content\/uploads\/2021\/10\/TRANCHE-PE.jpg?fit=1200%2C1190&ssl=1&resize=700%2C400 2x, https:\/\/i0.wp.com\/oiseauduparadis.ch\/wp-content\/uploads\/2021\/10\/TRANCHE-PE.jpg?fit=1200%2C1190&ssl=1&resize=1050%2C600 3x"},"classes":[]},{"id":965,"url":"https:\/\/oiseauduparadis.ch\/de\/produkt\/sucette-au-miel-15g\/","url_meta":{"origin":2404,"position":5},"title":"Sucette au miel 15g","author":"Armand Gander","date":"11 Januar 2021","format":false,"excerpt":"Sucette au Miel - 15g Savourez notre sucette au miel \u00e0 15% de miel, parfaite pour une pause sucr\u00e9e. Son b\u00e2ton en bois assure une dur\u00e9e de vie prolong\u00e9e, et son format de 15g est id\u00e9al pour un moment de douceur \u00e0 emporter. Conditionnement : \u00c0 l\u2019unit\u00e9, 15g.","rel":"","context":"\u00c4hnlicher Beitrag","block_context":{"text":"\u00c4hnlicher Beitrag","link":""},"img":{"alt_text":"","src":"","width":0,"height":0},"classes":[]}],"jetpack_sharing_enabled":true,"_links":{"self":[{"href":"https:\/\/oiseauduparadis.ch\/de\/wp-json\/wp\/v2\/product\/2404","targetHints":{"allow":["GET"]}}],"collection":[{"href":"https:\/\/oiseauduparadis.ch\/de\/wp-json\/wp\/v2\/product"}],"about":[{"href":"https:\/\/oiseauduparadis.ch\/de\/wp-json\/wp\/v2\/types\/product"}],"replies":[{"embeddable":true,"href":"https:\/\/oiseauduparadis.ch\/de\/wp-json\/wp\/v2\/comments?post=2404"}],"wp:featuredmedia":[{"embeddable":true,"href":"https:\/\/oiseauduparadis.ch\/de\/wp-json\/wp\/v2\/media\/2484"}],"wp:attachment":[{"href":"https:\/\/oiseauduparadis.ch\/de\/wp-json\/wp\/v2\/media?parent=2404"}],"wp:term":[{"taxonomy":"product_brand","embeddable":true,"href":"https:\/\/oiseauduparadis.ch\/de\/wp-json\/wp\/v2\/product_brand?post=2404"},{"taxonomy":"product_cat","embeddable":true,"href":"https:\/\/oiseauduparadis.ch\/de\/wp-json\/wp\/v2\/product_cat?post=2404"},{"taxonomy":"product_tag","embeddable":true,"href":"https:\/\/oiseauduparadis.ch\/de\/wp-json\/wp\/v2\/product_tag?post=2404"}],"curies":[{"name":"wp","href":"https:\/\/api.w.org\/{rel}","templated":true}]}}