{"id":2452,"date":"2024-04-05T22:02:33","date_gmt":"2024-04-05T21:02:33","guid":{"rendered":"https:\/\/oiseauduparadis.ch\/?post_type=product&#038;p=2452"},"modified":"2026-01-05T17:02:56","modified_gmt":"2026-01-05T16:02:56","slug":"champagne-brut-maison-de-champagne-dominique-foureur-75cl","status":"publish","type":"product","link":"https:\/\/oiseauduparadis.ch\/de\/produkt\/champagne-brut-maison-de-champagne-dominique-foureur-75cl\/","title":{"rendered":"Champagne Brut Maison de Champagne Dominique Foureur, 75cl"},"content":{"rendered":"<p style=\"text-align: center;\">L\u2019excellence h\u00e9rit\u00e9e, depuis 1875<\/p>\n<p>Depuis huit g\u00e9n\u00e9rations, la Maison Dominique Foureur perp\u00e9tue avec passion le savoir-faire familial dans l\u2019\u00e9laboration de champagnes d\u2019exception. Fond\u00e9e en 1875 \u00e0 Ambonnay, village class\u00e9 Grand Cru de la Montagne de Reims, notre maison incarne l\u2019alliance du patrimoine, de la tradition et du respect de la nature.<\/p>\n<p>Situ\u00e9e exclusivement sur les coteaux ensoleill\u00e9s d\u2019Ambonnay, notre exploitation b\u00e9n\u00e9ficie d\u2019un terroir unique, reconnu pour sa finesse et sa richesse. Chaque \u00e9tape, de la taille hivernale \u00e0 la vendange manuelle de septembre, est r\u00e9alis\u00e9e avec rigueur et pr\u00e9cision. Dans nos caves creus\u00e9es dans la craie, le champagne repose en silence, \u00e0 temp\u00e9rature naturelle, jusqu\u2019\u00e0 atteindre sa pleine maturit\u00e9.<\/p>\n<p>Pionniers dans les pratiques durables, nous enherbons nos vignes depuis plus de dix ans, favorisant la biodiversit\u00e9 et pr\u00e9servant les sols. La lutte raisonn\u00e9e remplace les produits chimiques, les paysages sont entretenus avec soin, et les traditions, comme celle des loges de vigne, sont conserv\u00e9es et restaur\u00e9es.<\/p>\n<p>Nous avons \u00e0 c\u0153ur de faire vivre notre h\u00e9ritage et de transmettre \u00e0 travers chacune de nos cuv\u00e9es l\u2019histoire d\u2019une famille, d\u2019un terroir, et d\u2019un art de vivre \u00e0 la fran\u00e7aise. Lors de votre visite, nous serons heureux de vous accueillir pour partager ce patrimoine autour d\u2019une fl\u00fbte de Champagne Dominique Foureur et vous faire d\u00e9couvrir notre mus\u00e9e de la vigne, t\u00e9moin d\u2019un savoir-faire s\u00e9culaire.<\/p>\n<p><strong>La\u00a0Gamme Ros\u00e9\u00a0: 80% PINOT NOIR, 20 % CHARDONNAY<\/strong><\/p>\n<p><strong>La Gamme Brut\u00a0: Assemblage traditionnel : 75% PINOT NOIR, 25% CHARDONNAY. Le nez est bien marqu\u00e9 par le Pinot et ses ar\u00f4mes de fruits rouges, la longueur en bouche assur\u00e9e par le chardonnay offre une fra\u00eeche touche de citron vert. Ce champagne de c\u0153ur se d\u00e9guste dans tous les moments heureux, que ce soit le faste d\u2019une c\u00e9r\u00e9monie, entre amis ou dans l\u2019intimit\u00e9.<\/strong><\/p>\n<p style=\"text-align: center;\"><em>L\u2019abus d\u2019alcool est dangereux pour la sant\u00e9, \u00e0 consommer avec mod\u00e9ration.<\/em><\/p>","protected":false},"excerpt":{"rendered":"<p>N\u00e9s au c\u0153ur du Grand Cru d\u2019Ambonnay, nos champagnes allient finesse, caract\u00e8re et authenticit\u00e9.<\/p>\n<p>Le <strong data-start=\"285\" data-end=\"293\">Brut<\/strong>, \u00e9quilibr\u00e9 et rafra\u00eechissant, r\u00e9v\u00e8le des ar\u00f4mes fruit\u00e9s et une belle longueur.<br data-start=\"372\" data-end=\"375\" \/>Le <strong data-start=\"378\" data-end=\"386\">Ros\u00e9<\/strong>, plus intense, s\u00e9duit par sa g\u00e9n\u00e9rosit\u00e9 et sa d\u00e9licate touche de Pinot Noir.<\/p>\n<p>Deux cuv\u00e9es d\u2019exception pour c\u00e9l\u00e9brer chaque instant avec \u00e9l\u00e9gance.<\/p>","protected":false},"featured_media":2578,"comment_status":"open","ping_status":"closed","template":"","meta":{"jetpack_publicize_message":"","jetpack_publicize_feature_enabled":true,"jetpack_social_post_already_shared":true,"jetpack_social_options":{"image_generator_settings":{"template":"highway","default_image_id":0,"font":"","enabled":false},"version":2}},"product_brand":[],"product_cat":[24],"product_tag":[],"class_list":{"0":"post-2452","1":"product","2":"type-product","3":"status-publish","4":"has-post-thumbnail","6":"product_cat-les-breuvages-darmand","7":"product_shipping_class-breuvages","9":"first","10":"instock","11":"featured","12":"taxable","13":"shipping-taxable","14":"purchasable","15":"product-type-variable"},"jetpack_publicize_connections":[],"jetpack-related-posts":[{"id":2507,"url":"https:\/\/oiseauduparadis.ch\/de\/produkt\/encaustique-40g\/","url_meta":{"origin":2452,"position":0},"title":"Encaustique &#8211; 40g","author":"Armand Gander","date":"29 November 2024","format":false,"excerpt":"L\u2019encaustique maison sans t\u00e9r\u00e9benthine ? Oui, c\u2019est possible ! Pour ceux qui pr\u00e9f\u00e8rent bichonner leurs meubles sans parfumer la maison \u00e0 l\u2019essence, notre version douce et naturelle fait des merveilles. \u00c0 base d\u2019ingr\u00e9dients qu\u2019on pourrait presque mettre dans une salade (mais ne le faites pas), cette encaustique nourrit bois et\u2026","rel":"","context":"\u00c4hnlicher Beitrag","block_context":{"text":"\u00c4hnlicher Beitrag","link":""},"img":{"alt_text":"","src":"https:\/\/i0.wp.com\/oiseauduparadis.ch\/wp-content\/uploads\/2024\/11\/shutterstock-2323077371-copie-qmgk1dp0lq8z7q7kexxqzy85sdr2by8pi67moflz7q.jpeg?fit=825%2C519&ssl=1&resize=350%2C200","width":350,"height":200,"srcset":"https:\/\/i0.wp.com\/oiseauduparadis.ch\/wp-content\/uploads\/2024\/11\/shutterstock-2323077371-copie-qmgk1dp0lq8z7q7kexxqzy85sdr2by8pi67moflz7q.jpeg?fit=825%2C519&ssl=1&resize=350%2C200 1x, https:\/\/i0.wp.com\/oiseauduparadis.ch\/wp-content\/uploads\/2024\/11\/shutterstock-2323077371-copie-qmgk1dp0lq8z7q7kexxqzy85sdr2by8pi67moflz7q.jpeg?fit=825%2C519&ssl=1&resize=525%2C300 1.5x, https:\/\/i0.wp.com\/oiseauduparadis.ch\/wp-content\/uploads\/2024\/11\/shutterstock-2323077371-copie-qmgk1dp0lq8z7q7kexxqzy85sdr2by8pi67moflz7q.jpeg?fit=825%2C519&ssl=1&resize=700%2C400 2x"},"classes":[]},{"id":1254,"url":"https:\/\/oiseauduparadis.ch\/de\/produkt\/chouette-en-cire-dabeilles\/","url_meta":{"origin":2452,"position":1},"title":"Chouette en cire d&rsquo;abeilles","author":"Armand Gander","date":"26 November 2022","format":false,"excerpt":"Cette bougie en forme de chouette, fabriqu\u00e9e \u00e0 la main dans notre atelier de Ch\u00e2tel-Saint-Denis, est r\u00e9alis\u00e9e avec de la cire d'abeille biodynamique pure, issue de nos ruches, et une m\u00e8che en coton naturel. Un \u00e9clairage doux et \u00e9cologique qui apportera une touche chaleureuse \u00e0 votre int\u00e9rieur, pour environ 3\u2026","rel":"","context":"\u00c4hnlicher Beitrag","block_context":{"text":"\u00c4hnlicher Beitrag","link":""},"img":{"alt_text":"","src":"https:\/\/i0.wp.com\/oiseauduparadis.ch\/wp-content\/uploads\/2022\/11\/bougie-chouette.jpg?fit=719%2C539&ssl=1&resize=350%2C200","width":350,"height":200,"srcset":"https:\/\/i0.wp.com\/oiseauduparadis.ch\/wp-content\/uploads\/2022\/11\/bougie-chouette.jpg?fit=719%2C539&ssl=1&resize=350%2C200 1x, https:\/\/i0.wp.com\/oiseauduparadis.ch\/wp-content\/uploads\/2022\/11\/bougie-chouette.jpg?fit=719%2C539&ssl=1&resize=525%2C300 1.5x, https:\/\/i0.wp.com\/oiseauduparadis.ch\/wp-content\/uploads\/2022\/11\/bougie-chouette.jpg?fit=719%2C539&ssl=1&resize=700%2C400 2x"},"classes":[]},{"id":949,"url":"https:\/\/oiseauduparadis.ch\/de\/produkt\/noisymiel-240g\/","url_meta":{"origin":2452,"position":2},"title":"Noisy\u2019Miel &#8211; 240g","author":"Armand Gander","date":"11 Januar 2021","format":false,"excerpt":"Noisy\u2019Miel \u2013 Miel & Noisettes, rien de plus. Fabriqu\u00e9 \u00e0 Ch\u00e2tel-St-Denis par Armand, notre apiculteur-p\u00e2tissier passionn\u00e9. 100% naturel. 0% culpabilit\u00e9. 240g de pur bonheur \u00e0 tartiner (ou d\u00e9vorer \u00e0 la cuill\u00e8re). Fait maison. Fait simple. Fait fondre. Peut provoquer une addiction douce et naturelle.","rel":"","context":"\u00c4hnlicher Beitrag","block_context":{"text":"\u00c4hnlicher Beitrag","link":""},"img":{"alt_text":"","src":"https:\/\/i0.wp.com\/oiseauduparadis.ch\/wp-content\/uploads\/2021\/01\/39712749.webp?fit=750%2C500&ssl=1&resize=350%2C200","width":350,"height":200,"srcset":"https:\/\/i0.wp.com\/oiseauduparadis.ch\/wp-content\/uploads\/2021\/01\/39712749.webp?fit=750%2C500&ssl=1&resize=350%2C200 1x, https:\/\/i0.wp.com\/oiseauduparadis.ch\/wp-content\/uploads\/2021\/01\/39712749.webp?fit=750%2C500&ssl=1&resize=525%2C300 1.5x, https:\/\/i0.wp.com\/oiseauduparadis.ch\/wp-content\/uploads\/2021\/01\/39712749.webp?fit=750%2C500&ssl=1&resize=700%2C400 2x"},"classes":[]},{"id":2390,"url":"https:\/\/oiseauduparadis.ch\/de\/produkt\/moutarde-a-lancienne-au-miel\/","url_meta":{"origin":2452,"position":3},"title":"Moutarde \u00e0 l&rsquo;ancienne au miel 180g","author":"Armand Gander","date":"13 November 2023","format":false,"excerpt":"Moutarde \u00e0 l\u2019Ancienne au Miel \u2013 Douceur et Caract\u00e8re \u00c9labor\u00e9e avec des graines de moutarde jaunes et noires, cette moutarde est adoucie par 10% de miel issu de nos ruchers fran\u00e7ais. Id\u00e9ale pour badigeonner viandes, r\u00f4tis, ou pour rehausser vinaigrettes et sauces maison. Ingr\u00e9dients Vinaigre de cidre*, graines de MOUTARDE,\u2026","rel":"","context":"\u00c4hnlicher Beitrag","block_context":{"text":"\u00c4hnlicher Beitrag","link":""},"img":{"alt_text":"","src":"https:\/\/i0.wp.com\/oiseauduparadis.ch\/wp-content\/uploads\/2023\/11\/20231114_104610-scaled.jpg?fit=733%2C1200&ssl=1&resize=350%2C200","width":350,"height":200,"srcset":"https:\/\/i0.wp.com\/oiseauduparadis.ch\/wp-content\/uploads\/2023\/11\/20231114_104610-scaled.jpg?fit=733%2C1200&ssl=1&resize=350%2C200 1x, https:\/\/i0.wp.com\/oiseauduparadis.ch\/wp-content\/uploads\/2023\/11\/20231114_104610-scaled.jpg?fit=733%2C1200&ssl=1&resize=525%2C300 1.5x, https:\/\/i0.wp.com\/oiseauduparadis.ch\/wp-content\/uploads\/2023\/11\/20231114_104610-scaled.jpg?fit=733%2C1200&ssl=1&resize=700%2C400 2x"},"classes":[]},{"id":2632,"url":"https:\/\/oiseauduparadis.ch\/de\/produkt\/pithiviers-fondant\/","url_meta":{"origin":2452,"position":4},"title":"Pithiviers fondant","author":"Armand Gander","date":"26 Juni 2025","format":false,"excerpt":"A d\u00e9guster entre amis un v\u00e9ritable r\u00e9gale. La signature de notre chef p\u00e2tissier amateur et gourmand Armand","rel":"","context":"\u00c4hnlicher Beitrag","block_context":{"text":"\u00c4hnlicher Beitrag","link":""},"img":{"alt_text":"","src":"https:\/\/i0.wp.com\/oiseauduparadis.ch\/wp-content\/uploads\/2025\/06\/e7a69974-06bb-470f-923c-29c25fe61408-1_all_13150.jpg?fit=1151%2C1200&ssl=1&resize=350%2C200","width":350,"height":200,"srcset":"https:\/\/i0.wp.com\/oiseauduparadis.ch\/wp-content\/uploads\/2025\/06\/e7a69974-06bb-470f-923c-29c25fe61408-1_all_13150.jpg?fit=1151%2C1200&ssl=1&resize=350%2C200 1x, https:\/\/i0.wp.com\/oiseauduparadis.ch\/wp-content\/uploads\/2025\/06\/e7a69974-06bb-470f-923c-29c25fe61408-1_all_13150.jpg?fit=1151%2C1200&ssl=1&resize=525%2C300 1.5x, https:\/\/i0.wp.com\/oiseauduparadis.ch\/wp-content\/uploads\/2025\/06\/e7a69974-06bb-470f-923c-29c25fe61408-1_all_13150.jpg?fit=1151%2C1200&ssl=1&resize=700%2C400 2x, https:\/\/i0.wp.com\/oiseauduparadis.ch\/wp-content\/uploads\/2025\/06\/e7a69974-06bb-470f-923c-29c25fe61408-1_all_13150.jpg?fit=1151%2C1200&ssl=1&resize=1050%2C600 3x"},"classes":[]},{"id":2497,"url":"https:\/\/oiseauduparadis.ch\/de\/produkt\/bougie-ruche-paille\/","url_meta":{"origin":2452,"position":5},"title":"Bougie ruche paille","author":"Armand Gander","date":"20 November 2024","format":false,"excerpt":"Bougie Ruche Paille en Cire d'Abeille \u00c9clairez votre espace avec cette bougie ruche paille en cire d'abeille. Avec sa m\u00e8che en coton et son design naturel, elle offre une dur\u00e9e de combustion d\u2019environ 8 heures. Son poids de 70g et sa hauteur de 9 cm en font une bougie id\u00e9ale\u2026","rel":"","context":"\u00c4hnlicher Beitrag","block_context":{"text":"\u00c4hnlicher Beitrag","link":""},"img":{"alt_text":"","src":"https:\/\/i0.wp.com\/oiseauduparadis.ch\/wp-content\/uploads\/2024\/11\/ruche-paille-grande.jpg?fit=540%2C540&ssl=1&resize=350%2C200","width":350,"height":200,"srcset":"https:\/\/i0.wp.com\/oiseauduparadis.ch\/wp-content\/uploads\/2024\/11\/ruche-paille-grande.jpg?fit=540%2C540&ssl=1&resize=350%2C200 1x, https:\/\/i0.wp.com\/oiseauduparadis.ch\/wp-content\/uploads\/2024\/11\/ruche-paille-grande.jpg?fit=540%2C540&ssl=1&resize=525%2C300 1.5x"},"classes":[]}],"jetpack_sharing_enabled":true,"_links":{"self":[{"href":"https:\/\/oiseauduparadis.ch\/de\/wp-json\/wp\/v2\/product\/2452","targetHints":{"allow":["GET"]}}],"collection":[{"href":"https:\/\/oiseauduparadis.ch\/de\/wp-json\/wp\/v2\/product"}],"about":[{"href":"https:\/\/oiseauduparadis.ch\/de\/wp-json\/wp\/v2\/types\/product"}],"replies":[{"embeddable":true,"href":"https:\/\/oiseauduparadis.ch\/de\/wp-json\/wp\/v2\/comments?post=2452"}],"wp:featuredmedia":[{"embeddable":true,"href":"https:\/\/oiseauduparadis.ch\/de\/wp-json\/wp\/v2\/media\/2578"}],"wp:attachment":[{"href":"https:\/\/oiseauduparadis.ch\/de\/wp-json\/wp\/v2\/media?parent=2452"}],"wp:term":[{"taxonomy":"product_brand","embeddable":true,"href":"https:\/\/oiseauduparadis.ch\/de\/wp-json\/wp\/v2\/product_brand?post=2452"},{"taxonomy":"product_cat","embeddable":true,"href":"https:\/\/oiseauduparadis.ch\/de\/wp-json\/wp\/v2\/product_cat?post=2452"},{"taxonomy":"product_tag","embeddable":true,"href":"https:\/\/oiseauduparadis.ch\/de\/wp-json\/wp\/v2\/product_tag?post=2452"}],"curies":[{"name":"wp","href":"https:\/\/api.w.org\/{rel}","templated":true}]}}