{"id":2497,"date":"2024-11-20T19:07:58","date_gmt":"2024-11-20T18:07:58","guid":{"rendered":"https:\/\/oiseauduparadis.ch\/?post_type=product&#038;p=2497"},"modified":"2025-12-21T10:31:20","modified_gmt":"2025-12-21T09:31:20","slug":"bougie-ruche-paille","status":"publish","type":"product","link":"https:\/\/oiseauduparadis.ch\/de\/produkt\/bougie-ruche-paille\/","title":{"rendered":"Bougie ruche paille"},"content":{"rendered":"<p><strong>Bougie Riche Paille en Cire d&rsquo;Abeille<\/strong><\/p>\n<p>Apportez une touche de naturel et d\u2019\u00e9l\u00e9gance \u00e0 votre int\u00e9rieur avec notre <strong>bougie ruche paille en cire d&rsquo;abeille<\/strong>. Fabriqu\u00e9e \u00e0 partir de cire d&rsquo;abeille pure, cette bougie est une v\u00e9ritable invitation \u00e0 la douceur et \u00e0 la chaleur. Son design unique, inspir\u00e9 de la forme de la ruche, apporte \u00e0 la fois authenticit\u00e9 et charme \u00e0 votre d\u00e9coration.<\/p>\n<p>La <strong>cire d&rsquo;abeille<\/strong> est un choix naturel qui offre une combustion propre et respectueuse de l&rsquo;environnement, lib\u00e9rant une lumi\u00e8re douce et chaleureuse tout en purifiant l&rsquo;air gr\u00e2ce \u00e0 ses propri\u00e9t\u00e9s. La <strong>m\u00e8che en coton<\/strong>\u00a0garantit une flamme stable et une combustion uniforme.<\/p>\n<p>Avec une <strong>dur\u00e9e de combustion<\/strong> d&rsquo;environ <strong>8 heures<\/strong>, cette bougie vous accompagnera lors de vos moments de d\u00e9tente, que ce soit pour une soir\u00e9e cosy \u00e0 la maison ou pour cr\u00e9er une atmosph\u00e8re apaisante. Son poids de <strong>70g<\/strong> et sa hauteur de <strong>9 cm<\/strong> en font un produit compact et pratique \u00e0 placer o\u00f9 vous le souhaitez.<\/p>\n<p>Un cadeau id\u00e9al pour les amoureux de la nature ou une excellente mani\u00e8re de sublimer votre espace avec une lumi\u00e8re douce et agr\u00e9able.<\/p>\n<p><strong>Caract\u00e9ristiques<\/strong> :<\/p>\n<ul>\n<li><strong>Hauteur<\/strong> : 9 cm<\/li>\n<li><strong>Poids<\/strong> : 70g<\/li>\n<li><strong>M\u00e8che<\/strong> : en coton<\/li>\n<li><strong>Dur\u00e9e de combustion<\/strong> : environ 8 heures<\/li>\n<\/ul>","protected":false},"excerpt":{"rendered":"<p><strong>Bougie Ruche Paille en Cire d&rsquo;Abeille<\/strong><\/p>\n<p>\u00c9clairez votre espace avec cette <strong>bougie ruche paille en cire d&rsquo;abeille<\/strong>. Avec sa <strong>m\u00e8che en coton<\/strong> et son design naturel, elle offre une <strong>dur\u00e9e de combustion<\/strong> d\u2019environ <strong>8 heures<\/strong>. Son <strong>poids<\/strong> de <strong>70g<\/strong> et sa <strong>hauteur<\/strong> de <strong>9 cm<\/strong> en font une bougie id\u00e9ale pour ajouter une touche chaleureuse \u00e0 votre int\u00e9rieur.<br \/>\n<strong>Dur\u00e9e de combustion<\/strong> : 8 heures.<\/p>","protected":false},"featured_media":2498,"comment_status":"closed","ping_status":"closed","template":"","meta":{"jetpack_publicize_message":"","jetpack_publicize_feature_enabled":true,"jetpack_social_post_already_shared":true,"jetpack_social_options":{"image_generator_settings":{"template":"highway","default_image_id":0,"font":"","enabled":false},"version":2}},"product_brand":[],"product_cat":[68],"product_tag":[],"class_list":{"0":"post-2497","1":"product","2":"type-product","3":"status-publish","4":"has-post-thumbnail","6":"product_cat-les-ruches-darmand","7":"product_shipping_class-ruches-darmand","9":"first","10":"instock","11":"purchasable","12":"product-type-simple"},"jetpack_publicize_connections":[],"jetpack-related-posts":[{"id":946,"url":"https:\/\/oiseauduparadis.ch\/de\/produkt\/chandelle-en-cire-dabeilles\/","url_meta":{"origin":2497,"position":0},"title":"Chandelle en cire d&rsquo;abeilles","author":"Armand Gander","date":"11 Januar 2021","format":false,"excerpt":"Cette bougie roul\u00e9e \u00e0 la main dans notre atelier de Ch\u00e2tel-Saint-Denis est fabriqu\u00e9e \u00e0 partir de cire d'abeille biodynamique pure, avec une m\u00e8che en coton naturel. Offrant environ 4 heures de combustion, elle cr\u00e9e une ambiance chaleureuse et naturelle, id\u00e9ale pour un moment de d\u00e9tente.","rel":"","context":"\u00c4hnlicher Beitrag","block_context":{"text":"\u00c4hnlicher Beitrag","link":""},"img":{"alt_text":"","src":"https:\/\/i0.wp.com\/oiseauduparadis.ch\/wp-content\/uploads\/2021\/01\/bougiecireabeillegaufree.800.jpg?fit=474%2C474&ssl=1&resize=350%2C200","width":350,"height":200},"classes":[]},{"id":1254,"url":"https:\/\/oiseauduparadis.ch\/de\/produkt\/chouette-en-cire-dabeilles\/","url_meta":{"origin":2497,"position":1},"title":"Chouette en cire d&rsquo;abeilles","author":"Armand Gander","date":"26 November 2022","format":false,"excerpt":"Cette bougie en forme de chouette, fabriqu\u00e9e \u00e0 la main dans notre atelier de Ch\u00e2tel-Saint-Denis, est r\u00e9alis\u00e9e avec de la cire d'abeille biodynamique pure, issue de nos ruches, et une m\u00e8che en coton naturel. Un \u00e9clairage doux et \u00e9cologique qui apportera une touche chaleureuse \u00e0 votre int\u00e9rieur, pour environ 3\u2026","rel":"","context":"\u00c4hnlicher Beitrag","block_context":{"text":"\u00c4hnlicher Beitrag","link":""},"img":{"alt_text":"","src":"https:\/\/i0.wp.com\/oiseauduparadis.ch\/wp-content\/uploads\/2022\/11\/bougie-chouette.jpg?fit=719%2C539&ssl=1&resize=350%2C200","width":350,"height":200,"srcset":"https:\/\/i0.wp.com\/oiseauduparadis.ch\/wp-content\/uploads\/2022\/11\/bougie-chouette.jpg?fit=719%2C539&ssl=1&resize=350%2C200 1x, https:\/\/i0.wp.com\/oiseauduparadis.ch\/wp-content\/uploads\/2022\/11\/bougie-chouette.jpg?fit=719%2C539&ssl=1&resize=525%2C300 1.5x, https:\/\/i0.wp.com\/oiseauduparadis.ch\/wp-content\/uploads\/2022\/11\/bougie-chouette.jpg?fit=719%2C539&ssl=1&resize=700%2C400 2x"},"classes":[]},{"id":2403,"url":"https:\/\/oiseauduparadis.ch\/de\/produkt\/pot-en-verre-a-bougie-en-cire-dabeille\/","url_meta":{"origin":2497,"position":2},"title":"Pot en verre \u00e0 bougie en cire d&rsquo;abeille","author":"Armand Gander","date":"30 November 2023","format":false,"excerpt":"Bougie en Cire d'Abeilles Biodynamique - Pot en Verre Cr\u00e9ez une ambiance chaleureuse et naturelle avec cette bougie en cire d'abeilles biodynamique, fabriqu\u00e9e avec amour dans notre atelier de Ch\u00e2tel-St-Denis. La m\u00e8che en coton et la cire biodynamique issue de notre exploitation garantissent une combustion propre et agr\u00e9able. Conditionnement :\u2026","rel":"","context":"\u00c4hnlicher Beitrag","block_context":{"text":"\u00c4hnlicher Beitrag","link":""},"img":{"alt_text":"","src":"https:\/\/i0.wp.com\/oiseauduparadis.ch\/wp-content\/uploads\/2023\/11\/WhatsApp-Image-2024-11-29-a-10.16.39_12cf2107.jpg?fit=564%2C426&ssl=1&resize=350%2C200","width":350,"height":200,"srcset":"https:\/\/i0.wp.com\/oiseauduparadis.ch\/wp-content\/uploads\/2023\/11\/WhatsApp-Image-2024-11-29-a-10.16.39_12cf2107.jpg?fit=564%2C426&ssl=1&resize=350%2C200 1x, https:\/\/i0.wp.com\/oiseauduparadis.ch\/wp-content\/uploads\/2023\/11\/WhatsApp-Image-2024-11-29-a-10.16.39_12cf2107.jpg?fit=564%2C426&ssl=1&resize=525%2C300 1.5x"},"classes":[]},{"id":2507,"url":"https:\/\/oiseauduparadis.ch\/de\/produkt\/encaustique-40g\/","url_meta":{"origin":2497,"position":3},"title":"Encaustique &#8211; 40g","author":"Armand Gander","date":"29 November 2024","format":false,"excerpt":"L\u2019encaustique maison sans t\u00e9r\u00e9benthine ? Oui, c\u2019est possible ! Pour ceux qui pr\u00e9f\u00e8rent bichonner leurs meubles sans parfumer la maison \u00e0 l\u2019essence, notre version douce et naturelle fait des merveilles. \u00c0 base d\u2019ingr\u00e9dients qu\u2019on pourrait presque mettre dans une salade (mais ne le faites pas), cette encaustique nourrit bois et\u2026","rel":"","context":"\u00c4hnlicher Beitrag","block_context":{"text":"\u00c4hnlicher Beitrag","link":""},"img":{"alt_text":"","src":"https:\/\/i0.wp.com\/oiseauduparadis.ch\/wp-content\/uploads\/2024\/11\/shutterstock-2323077371-copie-qmgk1dp0lq8z7q7kexxqzy85sdr2by8pi67moflz7q.jpeg?fit=825%2C519&ssl=1&resize=350%2C200","width":350,"height":200,"srcset":"https:\/\/i0.wp.com\/oiseauduparadis.ch\/wp-content\/uploads\/2024\/11\/shutterstock-2323077371-copie-qmgk1dp0lq8z7q7kexxqzy85sdr2by8pi67moflz7q.jpeg?fit=825%2C519&ssl=1&resize=350%2C200 1x, https:\/\/i0.wp.com\/oiseauduparadis.ch\/wp-content\/uploads\/2024\/11\/shutterstock-2323077371-copie-qmgk1dp0lq8z7q7kexxqzy85sdr2by8pi67moflz7q.jpeg?fit=825%2C519&ssl=1&resize=525%2C300 1.5x, https:\/\/i0.wp.com\/oiseauduparadis.ch\/wp-content\/uploads\/2024\/11\/shutterstock-2323077371-copie-qmgk1dp0lq8z7q7kexxqzy85sdr2by8pi67moflz7q.jpeg?fit=825%2C519&ssl=1&resize=700%2C400 2x"},"classes":[]},{"id":1259,"url":"https:\/\/oiseauduparadis.ch\/de\/produkt\/le-cousin-miel-250g-cuvee-de-lhexagone\/","url_meta":{"origin":2497,"position":4},"title":"Le Miel d&rsquo;Armand &#8211; Cuv\u00e9e de l\u2019Hexagone","author":"Armand Gander","date":"1 Dezember 2022","format":false,"excerpt":"Quand le miel suisse fait une pause, le fran\u00e7ais entre en sc\u00e8ne ! Issu de nos 460 ruches, notre miel de fleurs fran\u00e7aises prend le relais avec la m\u00eame qualit\u00e9 et le m\u00eame amour que notre miel suisse, seul le terroir change (et encore, il est mis en pot \u00e0\u2026","rel":"","context":"\u00c4hnlicher Beitrag","block_context":{"text":"\u00c4hnlicher Beitrag","link":""},"img":{"alt_text":"","src":"https:\/\/i0.wp.com\/oiseauduparadis.ch\/wp-content\/uploads\/2022\/12\/7a0cd501-730f-40d7-9c67-0d0c113b7289_1.jpeg?fit=700%2C700&ssl=1&resize=350%2C200","width":350,"height":200,"srcset":"https:\/\/i0.wp.com\/oiseauduparadis.ch\/wp-content\/uploads\/2022\/12\/7a0cd501-730f-40d7-9c67-0d0c113b7289_1.jpeg?fit=700%2C700&ssl=1&resize=350%2C200 1x, https:\/\/i0.wp.com\/oiseauduparadis.ch\/wp-content\/uploads\/2022\/12\/7a0cd501-730f-40d7-9c67-0d0c113b7289_1.jpeg?fit=700%2C700&ssl=1&resize=525%2C300 1.5x, https:\/\/i0.wp.com\/oiseauduparadis.ch\/wp-content\/uploads\/2022\/12\/7a0cd501-730f-40d7-9c67-0d0c113b7289_1.jpeg?fit=700%2C700&ssl=1&resize=700%2C400 2x"},"classes":[]},{"id":962,"url":"https:\/\/oiseauduparadis.ch\/de\/produkt\/pastilles-au-miel-ovales-200g\/","url_meta":{"origin":2497,"position":5},"title":"Pastilles ovales 20% de miel, 200g","author":"Armand Gander","date":"16 Januar 2021","format":false,"excerpt":"Pastilles au Miel - 200g Savourez nos pastilles au miel (20%), en forme ovale et orn\u00e9es d\u2019une abeille, pour adoucir votre gorge et satisfaire vos envies sucr\u00e9es. Ces bonbons d\u00e9licieux sont parfaits pour des instants gourmands \u00e0 tout moment de la journ\u00e9e. Conditionnement : Paquet de 200g.","rel":"","context":"\u00c4hnlicher Beitrag","block_context":{"text":"\u00c4hnlicher Beitrag","link":""},"img":{"alt_text":"","src":"https:\/\/i0.wp.com\/oiseauduparadis.ch\/wp-content\/uploads\/2021\/01\/10100_PASTILLE_PM_RONDE.jpg?fit=800%2C630&ssl=1&resize=350%2C200","width":350,"height":200,"srcset":"https:\/\/i0.wp.com\/oiseauduparadis.ch\/wp-content\/uploads\/2021\/01\/10100_PASTILLE_PM_RONDE.jpg?fit=800%2C630&ssl=1&resize=350%2C200 1x, https:\/\/i0.wp.com\/oiseauduparadis.ch\/wp-content\/uploads\/2021\/01\/10100_PASTILLE_PM_RONDE.jpg?fit=800%2C630&ssl=1&resize=525%2C300 1.5x, https:\/\/i0.wp.com\/oiseauduparadis.ch\/wp-content\/uploads\/2021\/01\/10100_PASTILLE_PM_RONDE.jpg?fit=800%2C630&ssl=1&resize=700%2C400 2x"},"classes":[]}],"jetpack_sharing_enabled":true,"_links":{"self":[{"href":"https:\/\/oiseauduparadis.ch\/de\/wp-json\/wp\/v2\/product\/2497","targetHints":{"allow":["GET"]}}],"collection":[{"href":"https:\/\/oiseauduparadis.ch\/de\/wp-json\/wp\/v2\/product"}],"about":[{"href":"https:\/\/oiseauduparadis.ch\/de\/wp-json\/wp\/v2\/types\/product"}],"replies":[{"embeddable":true,"href":"https:\/\/oiseauduparadis.ch\/de\/wp-json\/wp\/v2\/comments?post=2497"}],"wp:featuredmedia":[{"embeddable":true,"href":"https:\/\/oiseauduparadis.ch\/de\/wp-json\/wp\/v2\/media\/2498"}],"wp:attachment":[{"href":"https:\/\/oiseauduparadis.ch\/de\/wp-json\/wp\/v2\/media?parent=2497"}],"wp:term":[{"taxonomy":"product_brand","embeddable":true,"href":"https:\/\/oiseauduparadis.ch\/de\/wp-json\/wp\/v2\/product_brand?post=2497"},{"taxonomy":"product_cat","embeddable":true,"href":"https:\/\/oiseauduparadis.ch\/de\/wp-json\/wp\/v2\/product_cat?post=2497"},{"taxonomy":"product_tag","embeddable":true,"href":"https:\/\/oiseauduparadis.ch\/de\/wp-json\/wp\/v2\/product_tag?post=2497"}],"curies":[{"name":"wp","href":"https:\/\/api.w.org\/{rel}","templated":true}]}}