{"id":2596,"date":"2025-04-12T13:03:13","date_gmt":"2025-04-12T12:03:13","guid":{"rendered":"https:\/\/oiseauduparadis.ch\/produit\/mullet-tea\/"},"modified":"2025-10-12T11:44:12","modified_gmt":"2025-10-12T10:44:12","slug":"mullet-tea","status":"publish","type":"product","link":"https:\/\/oiseauduparadis.ch\/de\/produkt\/mullet-tea\/","title":{"rendered":"Mullet Tea"},"content":{"rendered":"<p>Un th\u00e9 froid au bon go\u00fbt de p\u00eache ou de citron, avec un pointe d&rsquo;alcool. La boisson parfaite pour remplacer les traditionnelles bi\u00e8res. Rafraichissante et enivrante pour des soir\u00e9es entre potes jusqu&rsquo;au bout de la nuit.<\/p>\n<p>4.2% alcool<\/p>\n<p>Composition peach : infusion de th\u00e9 noir et vert, alcool, sucre, acide citrique, ar\u00f4me de p\u00eache, caramel<\/p>\n<p>Composition lemon : infusion de th\u00e9 noir et vert, alcool, sucre, acide citrique, ar\u00f4me de citron, caramel<\/p>","protected":false},"excerpt":{"rendered":"<p>Un th\u00e9 froid au bon go\u00fbt de p\u00eache ou de citron, avec un pointe d&rsquo;alcool. La boisson parfaite pour remplacer les traditionnelles bi\u00e8res. Rafraichissante et enivrante pour des soir\u00e9es entre potes jusqu&rsquo;au bout de la nuit. 4.2% alcool Composition peach : infusion de th\u00e9 noir et vert, alcool, sucre, acide citrique, ar\u00f4me de p\u00eache, caramel [&hellip;]<\/p>\n","protected":false},"featured_media":2591,"comment_status":"open","ping_status":"closed","template":"","meta":{"jetpack_publicize_message":"","jetpack_publicize_feature_enabled":true,"jetpack_social_post_already_shared":true,"jetpack_social_options":{"image_generator_settings":{"template":"highway","default_image_id":0,"font":"","enabled":false},"version":2}},"product_brand":[],"product_cat":[28],"product_tag":[],"class_list":{"0":"post-2596","1":"product","2":"type-product","3":"status-publish","4":"has-post-thumbnail","6":"product_cat-les-gourmandise-darmand","8":"first","9":"instock","10":"taxable","11":"shipping-taxable","12":"purchasable","13":"product-type-variable"},"jetpack_publicize_connections":[],"jetpack-related-posts":[{"id":952,"url":"https:\/\/oiseauduparadis.ch\/de\/produkt\/hydromel-clos-des-sentinelles-moelleux-elixir-de-dragon-75cl\/","url_meta":{"origin":2596,"position":0},"title":"Hydromel Clos Des Sentinelles L\u2019\u00c9lixir de Dragon, un hydromel de L\u00e9gende, 75cl","author":"Armand Gander","date":"11 Januar 2021","format":false,"excerpt":"L\u2019\u00c9lixir de Dragon est un hydromel moelleux d\u2019exception, n\u00e9 du savoir-faire d\u2019Alexandre Sintes \u00e0 Viols-le-Fort. Sa robe ambr\u00e9e, son nez gourmand de tarte tatin, de caramel et de mangue m\u00fbre, et sa bouche charnue en font une cuv\u00e9e raffin\u00e9e, parfaitement \u00e9quilibr\u00e9e entre douceur et fra\u00eecheur. Id\u00e9al \u00e0 l\u2019ap\u00e9ritif ou en\u2026","rel":"","context":"\u00c4hnlicher Beitrag","block_context":{"text":"\u00c4hnlicher Beitrag","link":""},"img":{"alt_text":"","src":"https:\/\/i0.wp.com\/oiseauduparadis.ch\/wp-content\/uploads\/2021\/01\/Illustration-dragon-avec-grotte-1024x734-1.jpg?fit=1024%2C734&ssl=1&resize=350%2C200","width":350,"height":200,"srcset":"https:\/\/i0.wp.com\/oiseauduparadis.ch\/wp-content\/uploads\/2021\/01\/Illustration-dragon-avec-grotte-1024x734-1.jpg?fit=1024%2C734&ssl=1&resize=350%2C200 1x, https:\/\/i0.wp.com\/oiseauduparadis.ch\/wp-content\/uploads\/2021\/01\/Illustration-dragon-avec-grotte-1024x734-1.jpg?fit=1024%2C734&ssl=1&resize=525%2C300 1.5x, https:\/\/i0.wp.com\/oiseauduparadis.ch\/wp-content\/uploads\/2021\/01\/Illustration-dragon-avec-grotte-1024x734-1.jpg?fit=1024%2C734&ssl=1&resize=700%2C400 2x"},"classes":[]},{"id":2452,"url":"https:\/\/oiseauduparadis.ch\/de\/produkt\/champagne-brut-maison-de-champagne-dominique-foureur-75cl\/","url_meta":{"origin":2596,"position":1},"title":"Champagne Brut Maison de Champagne Dominique Foureur, 75cl","author":"Armand Gander","date":"5 April 2024","format":false,"excerpt":"N\u00e9s au c\u0153ur du Grand Cru d\u2019Ambonnay, nos champagnes allient finesse, caract\u00e8re et authenticit\u00e9. Le Brut, \u00e9quilibr\u00e9 et rafra\u00eechissant, r\u00e9v\u00e8le des ar\u00f4mes fruit\u00e9s et une belle longueur.Le Ros\u00e9, plus intense, s\u00e9duit par sa g\u00e9n\u00e9rosit\u00e9 et sa d\u00e9licate touche de Pinot Noir. Deux cuv\u00e9es d\u2019exception pour c\u00e9l\u00e9brer chaque instant avec \u00e9l\u00e9gance.","rel":"","context":"\u00c4hnlicher Beitrag","block_context":{"text":"\u00c4hnlicher Beitrag","link":""},"img":{"alt_text":"","src":"https:\/\/i0.wp.com\/oiseauduparadis.ch\/wp-content\/uploads\/2024\/04\/img7.jpg?fit=425%2C282&ssl=1&resize=350%2C200","width":350,"height":200},"classes":[]},{"id":954,"url":"https:\/\/oiseauduparadis.ch\/de\/produkt\/hydromel-moelleux-immoral-50cl\/","url_meta":{"origin":2596,"position":2},"title":"Hydromel Clos des Sentinelles Moelleux &#8211; cuv\u00e9e \u00ab\u00a0immoral\u00a0\u00bb, 50cl","author":"Armand Gander","date":"11 Januar 2021","format":false,"excerpt":"P\u00e9ch\u00e9 de douceur. \u00c9l\u00e9gance sans remords. N\u00e9 du nectar des fleurs, \u00e9lev\u00e9 par nos abeilles, ce breuvage dor\u00e9 trouble les sens et flatte le palais. Entre mirabelle et mangue, griotte et guigne\u2026 chaque gorg\u00e9e fr\u00f4le l\u2019interdit. Dense, raffin\u00e9, sans lourdeur, il s\u2019offre sans excuse \u2014 et surtout sans mod\u00e9ration morale.\u2026","rel":"","context":"\u00c4hnlicher Beitrag","block_context":{"text":"\u00c4hnlicher Beitrag","link":""},"img":{"alt_text":"","src":"https:\/\/i0.wp.com\/oiseauduparadis.ch\/wp-content\/uploads\/2021\/01\/immoral.jpg?fit=800%2C800&ssl=1&resize=350%2C200","width":350,"height":200,"srcset":"https:\/\/i0.wp.com\/oiseauduparadis.ch\/wp-content\/uploads\/2021\/01\/immoral.jpg?fit=800%2C800&ssl=1&resize=350%2C200 1x, https:\/\/i0.wp.com\/oiseauduparadis.ch\/wp-content\/uploads\/2021\/01\/immoral.jpg?fit=800%2C800&ssl=1&resize=525%2C300 1.5x, https:\/\/i0.wp.com\/oiseauduparadis.ch\/wp-content\/uploads\/2021\/01\/immoral.jpg?fit=800%2C800&ssl=1&resize=700%2C400 2x"},"classes":[]},{"id":963,"url":"https:\/\/oiseauduparadis.ch\/de\/produkt\/pates-dor-propolis-200g\/","url_meta":{"origin":2596,"position":3},"title":"P\u00e2tes d&rsquo;or Propolis &#8211; 20% de miel &#8211; 200g","author":"Armand Gander","date":"11 Januar 2021","format":false,"excerpt":"Savourez notre p\u00e2te d\u2019or artisanale, r\u00e9alis\u00e9e \u00e0 partir de miel et propolis pour un go\u00fbt unique et des bienfaits naturels. Avec 20% de miel et 2,5% de propolis, cette p\u00e2te est d\u00e9licatement d\u00e9coup\u00e9e \u00e0 la main et offre une texture fondante. Parfaite pour allier plaisir et bien-\u00eatre. Conditionnement : Paquet\u2026","rel":"","context":"\u00c4hnlicher Beitrag","block_context":{"text":"\u00c4hnlicher Beitrag","link":""},"img":{"alt_text":"","src":"https:\/\/i0.wp.com\/oiseauduparadis.ch\/wp-content\/uploads\/2021\/01\/50105_PATEDOR_PROPOLIS_SUCRE_DE_CANNE.jpg?fit=800%2C630&ssl=1&resize=350%2C200","width":350,"height":200,"srcset":"https:\/\/i0.wp.com\/oiseauduparadis.ch\/wp-content\/uploads\/2021\/01\/50105_PATEDOR_PROPOLIS_SUCRE_DE_CANNE.jpg?fit=800%2C630&ssl=1&resize=350%2C200 1x, https:\/\/i0.wp.com\/oiseauduparadis.ch\/wp-content\/uploads\/2021\/01\/50105_PATEDOR_PROPOLIS_SUCRE_DE_CANNE.jpg?fit=800%2C630&ssl=1&resize=525%2C300 1.5x, https:\/\/i0.wp.com\/oiseauduparadis.ch\/wp-content\/uploads\/2021\/01\/50105_PATEDOR_PROPOLIS_SUCRE_DE_CANNE.jpg?fit=800%2C630&ssl=1&resize=700%2C400 2x"},"classes":[]},{"id":2581,"url":"https:\/\/oiseauduparadis.ch\/de\/produkt\/hydromel-clos-des-sentinelles-petillant-cuvee-impertinent-75cl\/","url_meta":{"origin":2596,"position":4},"title":"Hydromel Clos Des Sentinelles P\u00e9tillant, cuv\u00e9e \u00ab\u00a0impertinent\u00a0\u00bb, 75cl","author":"Armand Gander","date":"10 April 2025","format":false,"excerpt":"Impertinent \u2013 L\u2019hydromel qui p\u00e9tille d\u2019audace ! Un apiculteur a eu une id\u00e9e un peu folle : faire buller le miel. R\u00e9sultat ? Un nectar effervescent, 100 % nature et 200 % style. \u00c0 boire frais, avec des potes\u2026 ou des poulpes (oui, \u00e7a marche avec la tielle s\u00e9toise).","rel":"","context":"\u00c4hnlicher Beitrag","block_context":{"text":"\u00c4hnlicher Beitrag","link":""},"img":{"alt_text":"","src":"https:\/\/i0.wp.com\/oiseauduparadis.ch\/wp-content\/uploads\/2025\/04\/CLOS-DES-SENTINELLES-scaled-e1735507490876.jpg?fit=970%2C1200&ssl=1&resize=350%2C200","width":350,"height":200,"srcset":"https:\/\/i0.wp.com\/oiseauduparadis.ch\/wp-content\/uploads\/2025\/04\/CLOS-DES-SENTINELLES-scaled-e1735507490876.jpg?fit=970%2C1200&ssl=1&resize=350%2C200 1x, https:\/\/i0.wp.com\/oiseauduparadis.ch\/wp-content\/uploads\/2025\/04\/CLOS-DES-SENTINELLES-scaled-e1735507490876.jpg?fit=970%2C1200&ssl=1&resize=525%2C300 1.5x, https:\/\/i0.wp.com\/oiseauduparadis.ch\/wp-content\/uploads\/2025\/04\/CLOS-DES-SENTINELLES-scaled-e1735507490876.jpg?fit=970%2C1200&ssl=1&resize=700%2C400 2x"},"classes":[]},{"id":1108,"url":"https:\/\/oiseauduparadis.ch\/de\/produkt\/tarte-a-la-raisinee-develyne\/","url_meta":{"origin":2596,"position":5},"title":"Tarte \u00e0 la raisin\u00e9e d&rsquo;Evelyne","author":"Armand Gander","date":"14 April 2021","format":false,"excerpt":"Tarte \u00e0 la Raisin\u00e9e d'Evelyne - 28 cm \u00d8 La Tarte \u00e0 la Raisin\u00e9e d'Evelyne est une vraie sp\u00e9cialit\u00e9 vaudoise qui combine raisin\u00e9e (vin cuit de poires ou pommes) et lait concentr\u00e9 sucr\u00e9 pour un effet miroir irr\u00e9sistible. Avec son go\u00fbt unique, cette tarte est un d\u00e9lice \u00e0 savourer absolument.\u2026","rel":"","context":"\u00c4hnlicher Beitrag","block_context":{"text":"\u00c4hnlicher Beitrag","link":""},"img":{"alt_text":"","src":"https:\/\/i0.wp.com\/oiseauduparadis.ch\/wp-content\/uploads\/2021\/04\/20151024_195209-scaled.jpg?fit=1200%2C675&ssl=1&resize=350%2C200","width":350,"height":200,"srcset":"https:\/\/i0.wp.com\/oiseauduparadis.ch\/wp-content\/uploads\/2021\/04\/20151024_195209-scaled.jpg?fit=1200%2C675&ssl=1&resize=350%2C200 1x, https:\/\/i0.wp.com\/oiseauduparadis.ch\/wp-content\/uploads\/2021\/04\/20151024_195209-scaled.jpg?fit=1200%2C675&ssl=1&resize=525%2C300 1.5x, https:\/\/i0.wp.com\/oiseauduparadis.ch\/wp-content\/uploads\/2021\/04\/20151024_195209-scaled.jpg?fit=1200%2C675&ssl=1&resize=700%2C400 2x, https:\/\/i0.wp.com\/oiseauduparadis.ch\/wp-content\/uploads\/2021\/04\/20151024_195209-scaled.jpg?fit=1200%2C675&ssl=1&resize=1050%2C600 3x"},"classes":[]}],"jetpack_sharing_enabled":true,"_links":{"self":[{"href":"https:\/\/oiseauduparadis.ch\/de\/wp-json\/wp\/v2\/product\/2596","targetHints":{"allow":["GET"]}}],"collection":[{"href":"https:\/\/oiseauduparadis.ch\/de\/wp-json\/wp\/v2\/product"}],"about":[{"href":"https:\/\/oiseauduparadis.ch\/de\/wp-json\/wp\/v2\/types\/product"}],"replies":[{"embeddable":true,"href":"https:\/\/oiseauduparadis.ch\/de\/wp-json\/wp\/v2\/comments?post=2596"}],"wp:featuredmedia":[{"embeddable":true,"href":"https:\/\/oiseauduparadis.ch\/de\/wp-json\/wp\/v2\/media\/2591"}],"wp:attachment":[{"href":"https:\/\/oiseauduparadis.ch\/de\/wp-json\/wp\/v2\/media?parent=2596"}],"wp:term":[{"taxonomy":"product_brand","embeddable":true,"href":"https:\/\/oiseauduparadis.ch\/de\/wp-json\/wp\/v2\/product_brand?post=2596"},{"taxonomy":"product_cat","embeddable":true,"href":"https:\/\/oiseauduparadis.ch\/de\/wp-json\/wp\/v2\/product_cat?post=2596"},{"taxonomy":"product_tag","embeddable":true,"href":"https:\/\/oiseauduparadis.ch\/de\/wp-json\/wp\/v2\/product_tag?post=2596"}],"curies":[{"name":"wp","href":"https:\/\/api.w.org\/{rel}","templated":true}]}}