{"id":2611,"date":"2025-04-16T16:24:19","date_gmt":"2025-04-16T15:24:19","guid":{"rendered":"https:\/\/oiseauduparadis.ch\/produit\/ruche-tirelire\/"},"modified":"2026-05-16T17:05:38","modified_gmt":"2026-05-16T16:05:38","slug":"ruche-tirelire","status":"publish","type":"product","link":"https:\/\/oiseauduparadis.ch\/de\/produkt\/ruche-tirelire\/","title":{"rendered":"Ruche tirelire"},"content":{"rendered":"<p data-start=\"0\" data-end=\"58\">Offrez bien plus qu\u2019une tirelire\u2026 adoptez une ruche !<\/p>\n<p data-start=\"60\" data-end=\"154\"><strong data-start=\"60\" data-end=\"93\">Ruche tirelire en bois tourn\u00e9<\/strong> \u2013 L\u2019endroit id\u00e9al pour voir vos \u00e9conomies faire leur miel.<\/p>\n<p data-start=\"156\" data-end=\"315\">Fa\u00e7onn\u00e9e avec soin dans un bois noble, cette petite ruche ne produit ni piq\u00fbres\u2026 ni essaims, mais elle sait attirer les pi\u00e8ces et billets comme aucune autre.<\/p>\n<p data-start=\"317\" data-end=\"441\">Parfaite pour petits et grands, elle transforme chaque centime en tr\u00e9sor\u2026 et chaque envie de d\u00e9penser en petite r\u00e9flexion.<\/p>\n<p data-start=\"443\" data-end=\"521\" data-is-last-node=\"\" data-is-only-node=\"\"><strong data-start=\"443\" data-end=\"466\">Les Ruches d\u2019Armand<\/strong> \u2013 Parce que m\u00eame l\u2019argent m\u00e9rite une belle ruche.<\/p>","protected":false},"excerpt":{"rendered":"<p data-start=\"0\" data-end=\"120\"><strong data-start=\"0\" data-end=\"33\">Ruche tirelire en bois tourn\u00e9<\/strong> \u2013 La seule ruche qui ne pique pas\u2026 mais qui garde vos \u00e9conomies bien au chaud !<\/p>\n<p data-start=\"122\" data-end=\"234\" data-is-last-node=\"\" data-is-only-node=\"\">Un objet artisanal, utile et plein de charme, pour voir vos pi\u00e8ces faire leur miel.<\/p>","protected":false},"featured_media":2610,"comment_status":"open","ping_status":"closed","template":"","meta":{"jetpack_publicize_message":"","jetpack_publicize_feature_enabled":true,"jetpack_social_post_already_shared":true,"jetpack_social_options":{"image_generator_settings":{"template":"highway","default_image_id":0,"font":"","enabled":false},"version":2}},"product_brand":[],"product_cat":[68],"product_tag":[],"class_list":{"0":"post-2611","1":"product","2":"type-product","3":"status-publish","4":"has-post-thumbnail","6":"product_cat-les-ruches-darmand","7":"product_shipping_class-ruches-darmand","9":"first","10":"instock","11":"taxable","12":"shipping-taxable","13":"purchasable","14":"product-type-simple"},"jetpack_publicize_connections":[],"jetpack-related-posts":[{"id":1259,"url":"https:\/\/oiseauduparadis.ch\/de\/produkt\/le-cousin-miel-250g-cuvee-de-lhexagone\/","url_meta":{"origin":2611,"position":0},"title":"Le Miel d&rsquo;Armand &#8211; Cuv\u00e9e de l\u2019Hexagone","author":"Armand Gander","date":"1 Dezember 2022","format":false,"excerpt":"Quand le miel suisse fait une pause, le fran\u00e7ais entre en sc\u00e8ne ! Issu de nos 260 ruches, notre miel de fleurs fran\u00e7aises prend le relais avec la m\u00eame qualit\u00e9 et le m\u00eame amour que notre miel suisse, seul le terroir change (et encore, il est mis en pot \u00e0\u2026","rel":"","context":"\u00c4hnlicher Beitrag","block_context":{"text":"\u00c4hnlicher Beitrag","link":""},"img":{"alt_text":"","src":"https:\/\/i0.wp.com\/oiseauduparadis.ch\/wp-content\/uploads\/2022\/12\/7a0cd501-730f-40d7-9c67-0d0c113b7289_1.jpeg?fit=700%2C700&ssl=1&resize=350%2C200","width":350,"height":200,"srcset":"https:\/\/i0.wp.com\/oiseauduparadis.ch\/wp-content\/uploads\/2022\/12\/7a0cd501-730f-40d7-9c67-0d0c113b7289_1.jpeg?fit=700%2C700&ssl=1&resize=350%2C200 1x, https:\/\/i0.wp.com\/oiseauduparadis.ch\/wp-content\/uploads\/2022\/12\/7a0cd501-730f-40d7-9c67-0d0c113b7289_1.jpeg?fit=700%2C700&ssl=1&resize=525%2C300 1.5x, https:\/\/i0.wp.com\/oiseauduparadis.ch\/wp-content\/uploads\/2022\/12\/7a0cd501-730f-40d7-9c67-0d0c113b7289_1.jpeg?fit=700%2C700&ssl=1&resize=700%2C400 2x"},"classes":[]},{"id":965,"url":"https:\/\/oiseauduparadis.ch\/de\/produkt\/sucette-au-miel-15g\/","url_meta":{"origin":2611,"position":1},"title":"Sucette au miel","author":"Armand Gander","date":"11 Januar 2021","format":false,"excerpt":"Sucettes au miel \u2013 La douceur qui ne manque pas de piquant\u2026 enfin presque ! Laissez-vous tenter par nos d\u00e9licieuses sucettes au miel, \u00e9labor\u00e9es avec 15% de miel pour une saveur naturellement douce et r\u00e9confortante. Avec leur b\u00e2ton en bois, elles sont aussi agr\u00e9ables \u00e0 d\u00e9guster que pratiques \u00e0 savourer\u2026","rel":"","context":"\u00c4hnlicher Beitrag","block_context":{"text":"\u00c4hnlicher Beitrag","link":""},"img":{"alt_text":"","src":"","width":0,"height":0},"classes":[]},{"id":2615,"url":"https:\/\/oiseauduparadis.ch\/de\/produkt\/livret-il-etait-une-fois-le-miel\/","url_meta":{"origin":2611,"position":2},"title":"Livret \u00ab\u00a0Il \u00e9tait une fois le miel\u00a0\u00bb","author":"Armand Gander","date":"16 April 2025","format":false,"excerpt":"Un petit livret pour d\u00e9couvrir le grand monde des abeilles et les secrets de fabrication du miel. Ludique, instructif et accessible \u00e0 tous, il r\u00e9pond aux questions que petits et grands se posent\u2026 m\u00eame celles auxquelles vous n\u2019aviez jamais pens\u00e9 ! Parce qu\u2019apr\u00e8s tout, le miel n\u2019appara\u00eet pas par magie\u2026","rel":"","context":"\u00c4hnlicher Beitrag","block_context":{"text":"\u00c4hnlicher Beitrag","link":""},"img":{"alt_text":"","src":"https:\/\/i0.wp.com\/oiseauduparadis.ch\/wp-content\/uploads\/2025\/04\/JPEG_20250416_172638_3544954388485461854-scaled.jpg?fit=1200%2C900&ssl=1&resize=350%2C200","width":350,"height":200,"srcset":"https:\/\/i0.wp.com\/oiseauduparadis.ch\/wp-content\/uploads\/2025\/04\/JPEG_20250416_172638_3544954388485461854-scaled.jpg?fit=1200%2C900&ssl=1&resize=350%2C200 1x, https:\/\/i0.wp.com\/oiseauduparadis.ch\/wp-content\/uploads\/2025\/04\/JPEG_20250416_172638_3544954388485461854-scaled.jpg?fit=1200%2C900&ssl=1&resize=525%2C300 1.5x, https:\/\/i0.wp.com\/oiseauduparadis.ch\/wp-content\/uploads\/2025\/04\/JPEG_20250416_172638_3544954388485461854-scaled.jpg?fit=1200%2C900&ssl=1&resize=700%2C400 2x, https:\/\/i0.wp.com\/oiseauduparadis.ch\/wp-content\/uploads\/2025\/04\/JPEG_20250416_172638_3544954388485461854-scaled.jpg?fit=1200%2C900&ssl=1&resize=1050%2C600 3x"},"classes":[]},{"id":962,"url":"https:\/\/oiseauduparadis.ch\/de\/produkt\/pastilles-au-miel-ovales-200g\/","url_meta":{"origin":2611,"position":3},"title":"Pastilles ovales 20% de miel, 200g","author":"Armand Gander","date":"16 Januar 2021","format":false,"excerpt":"Pastilles au Miel - 200g Savourez nos pastilles au miel (20%), en forme ovale et orn\u00e9es d\u2019une abeille, pour adoucir votre gorge et satisfaire vos envies sucr\u00e9es. Ces bonbons d\u00e9licieux sont parfaits pour des instants gourmands \u00e0 tout moment de la journ\u00e9e. Conditionnement : Paquet de 200g.","rel":"","context":"\u00c4hnlicher Beitrag","block_context":{"text":"\u00c4hnlicher Beitrag","link":""},"img":{"alt_text":"","src":"https:\/\/i0.wp.com\/oiseauduparadis.ch\/wp-content\/uploads\/2021\/01\/10100_PASTILLE_PM_RONDE.jpg?fit=800%2C630&ssl=1&resize=350%2C200","width":350,"height":200,"srcset":"https:\/\/i0.wp.com\/oiseauduparadis.ch\/wp-content\/uploads\/2021\/01\/10100_PASTILLE_PM_RONDE.jpg?fit=800%2C630&ssl=1&resize=350%2C200 1x, https:\/\/i0.wp.com\/oiseauduparadis.ch\/wp-content\/uploads\/2021\/01\/10100_PASTILLE_PM_RONDE.jpg?fit=800%2C630&ssl=1&resize=525%2C300 1.5x, https:\/\/i0.wp.com\/oiseauduparadis.ch\/wp-content\/uploads\/2021\/01\/10100_PASTILLE_PM_RONDE.jpg?fit=800%2C630&ssl=1&resize=700%2C400 2x"},"classes":[]},{"id":963,"url":"https:\/\/oiseauduparadis.ch\/de\/produkt\/pates-dor-propolis-200g\/","url_meta":{"origin":2611,"position":4},"title":"P\u00e2tes d&rsquo;or Propolis &#8211; 20% de miel &#8211; 200g","author":"Armand Gander","date":"11 Januar 2021","format":false,"excerpt":"Savourez notre p\u00e2te d\u2019or artisanale, r\u00e9alis\u00e9e \u00e0 partir de miel et propolis pour un go\u00fbt unique et des bienfaits naturels. Avec 20% de miel et 2,5% de propolis, cette p\u00e2te est d\u00e9licatement d\u00e9coup\u00e9e \u00e0 la main et offre une texture fondante. Parfaite pour allier plaisir et bien-\u00eatre. Conditionnement : Paquet\u2026","rel":"","context":"\u00c4hnlicher Beitrag","block_context":{"text":"\u00c4hnlicher Beitrag","link":""},"img":{"alt_text":"","src":"https:\/\/i0.wp.com\/oiseauduparadis.ch\/wp-content\/uploads\/2021\/01\/50105_PATEDOR_PROPOLIS_SUCRE_DE_CANNE.jpg?fit=800%2C630&ssl=1&resize=350%2C200","width":350,"height":200,"srcset":"https:\/\/i0.wp.com\/oiseauduparadis.ch\/wp-content\/uploads\/2021\/01\/50105_PATEDOR_PROPOLIS_SUCRE_DE_CANNE.jpg?fit=800%2C630&ssl=1&resize=350%2C200 1x, https:\/\/i0.wp.com\/oiseauduparadis.ch\/wp-content\/uploads\/2021\/01\/50105_PATEDOR_PROPOLIS_SUCRE_DE_CANNE.jpg?fit=800%2C630&ssl=1&resize=525%2C300 1.5x, https:\/\/i0.wp.com\/oiseauduparadis.ch\/wp-content\/uploads\/2021\/01\/50105_PATEDOR_PROPOLIS_SUCRE_DE_CANNE.jpg?fit=800%2C630&ssl=1&resize=700%2C400 2x"},"classes":[]},{"id":2497,"url":"https:\/\/oiseauduparadis.ch\/de\/produkt\/bougie-ruche-paille\/","url_meta":{"origin":2611,"position":5},"title":"Bougie ruche paille","author":"Armand Gander","date":"20 November 2024","format":false,"excerpt":"Bougie Ruche Paille en Cire d'Abeille \u00c9clairez votre espace avec cette bougie ruche paille en cire d'abeille. Avec sa m\u00e8che en coton et son design naturel, elle offre une dur\u00e9e de combustion d\u2019environ 8 heures. Son poids de 70g et sa hauteur de 9 cm en font une bougie id\u00e9ale\u2026","rel":"","context":"\u00c4hnlicher Beitrag","block_context":{"text":"\u00c4hnlicher Beitrag","link":""},"img":{"alt_text":"","src":"https:\/\/i0.wp.com\/oiseauduparadis.ch\/wp-content\/uploads\/2024\/11\/ruche-paille-grande.jpg?fit=540%2C540&ssl=1&resize=350%2C200","width":350,"height":200,"srcset":"https:\/\/i0.wp.com\/oiseauduparadis.ch\/wp-content\/uploads\/2024\/11\/ruche-paille-grande.jpg?fit=540%2C540&ssl=1&resize=350%2C200 1x, https:\/\/i0.wp.com\/oiseauduparadis.ch\/wp-content\/uploads\/2024\/11\/ruche-paille-grande.jpg?fit=540%2C540&ssl=1&resize=525%2C300 1.5x"},"classes":[]}],"jetpack_sharing_enabled":true,"_links":{"self":[{"href":"https:\/\/oiseauduparadis.ch\/de\/wp-json\/wp\/v2\/product\/2611","targetHints":{"allow":["GET"]}}],"collection":[{"href":"https:\/\/oiseauduparadis.ch\/de\/wp-json\/wp\/v2\/product"}],"about":[{"href":"https:\/\/oiseauduparadis.ch\/de\/wp-json\/wp\/v2\/types\/product"}],"replies":[{"embeddable":true,"href":"https:\/\/oiseauduparadis.ch\/de\/wp-json\/wp\/v2\/comments?post=2611"}],"wp:featuredmedia":[{"embeddable":true,"href":"https:\/\/oiseauduparadis.ch\/de\/wp-json\/wp\/v2\/media\/2610"}],"wp:attachment":[{"href":"https:\/\/oiseauduparadis.ch\/de\/wp-json\/wp\/v2\/media?parent=2611"}],"wp:term":[{"taxonomy":"product_brand","embeddable":true,"href":"https:\/\/oiseauduparadis.ch\/de\/wp-json\/wp\/v2\/product_brand?post=2611"},{"taxonomy":"product_cat","embeddable":true,"href":"https:\/\/oiseauduparadis.ch\/de\/wp-json\/wp\/v2\/product_cat?post=2611"},{"taxonomy":"product_tag","embeddable":true,"href":"https:\/\/oiseauduparadis.ch\/de\/wp-json\/wp\/v2\/product_tag?post=2611"}],"curies":[{"name":"wp","href":"https:\/\/api.w.org\/{rel}","templated":true}]}}