{"id":2632,"date":"2025-06-26T12:56:31","date_gmt":"2025-06-26T11:56:31","guid":{"rendered":"https:\/\/oiseauduparadis.ch\/produit\/pithiviers-fondant\/"},"modified":"2025-06-26T13:00:21","modified_gmt":"2025-06-26T12:00:21","slug":"pithiviers-fondant","status":"publish","type":"product","link":"https:\/\/oiseauduparadis.ch\/de\/produkt\/pithiviers-fondant\/","title":{"rendered":"Pithiviers fondant"},"content":{"rendered":"<p>Son histoire<br \/>\nLe Pithiviers fondant, dont l\u2019origine se perd dans la nuit des temps, est sans contexte l\u2019expression originale de notre sp\u00e9cialit\u00e9 puisque le feuilletage n\u2019est connu que depuis l\u2019invention du sieur Feuillet, p\u00e2tissier du prince de Cond\u00e9 au XVIIIe si\u00e8cle. Avec ses trois si\u00e8cles d\u2019existence, le Pithiviers feuillet\u00e9 ne peut donc \u00eatre qu\u2019une variante \u00ab moderne \u00bb du g\u00e2teau traditionnel de Pithiviers.<\/p>\n<p>Notre ville, depuis son origine gauloise, a toujours \u00e9t\u00e9 un carrefour important. Les \u00e9tymologistes expliquent d\u2019ailleurs que Pithiviers signifie \u00ab le carrefour des quatre chemins \u00bb dans la langue des Carnutes. A cette \u00e9poque, Pithiviers \u00e9tait d\u00e9j\u00e0 un lieu important d\u2019\u00e9changes commerciaux, il n\u2019est pas surprenant qu\u2019une sp\u00e9cialit\u00e9 gastronomique soit n\u00e9e de ces rencontres car les Carnutes \u00e9taient r\u00e9put\u00e9s dans toute la Gaulle pour la qualit\u00e9 des galettes qu\u2019ils confectionnaient avec le meilleur froment de nos plaines. De la rencontre de ces galettes avec les amandes \u00e9chang\u00e9es par de nombreux commer\u00e7ants romains qui suivaient les arm\u00e9es naquit sans doute la galette carnute aux amandes, anc\u00eatre de notre Pithiviers fondant.<\/p>\n<p>Au XVIIIe si\u00e8cle, la naissance des p\u00e2tissiers succ\u00e9dant aux talmeniers et l\u2019invention du feuilletage d\u00e9bouch\u00e8rent sur la naissance du Pithiviers feuillet\u00e9. Il est certain que l\u2019essor et la diffusion du Pithiviers r\u00e9sultent de cette recette qui donna une renomm\u00e9e nationale \u00e0 notre g\u00e2teau.<\/p>\n<p>Nous savons par une correspondance dat\u00e9e de 1772 du po\u00e8te Collardeau \u00e0 son oncle l\u2019abb\u00e9 R\u00e9gnard, cur\u00e9 de notre ville, que \u00ab les g\u00e2teaux et pourl\u00e8cheries des p\u00e2tissiers de Pithiviers ont une r\u00e9putation bien acquise \u00e0 Paris gr\u00e2ce \u00e0 l\u2019habilet\u00e9 des professionnels et \u00e0 leur usage de la plus fine des farines beauceronnes\u2026 \u00bb<br \/>\nCitant les richesses particuli\u00e8res de nos provinces, Le Magasin pittoresque en 1847 remarquait le g\u00e2teau de Pithiviers parmi les sp\u00e9cialit\u00e9s de nos r\u00e9gions \u00ab que de choses y sont faites pour flatter la vue, le go\u00fbt et l\u2019odorat. Que de produits qui doivent \u00e0 des circonstances particuli\u00e8rement favorables, \u00e0 l\u2019intelligence, \u00e0 l\u2019habilet\u00e9 de ceux qui les pr\u00e9parent, une c\u00e9l\u00e9brit\u00e9 \u00e0 la fois grande et lointaine\u2026 \u00bb. Fondant ou feuillet\u00e9, le g\u00e2teau de Pithiviers m\u00e9rite plus que jamais cette renomm\u00e9e.<\/p>","protected":false},"excerpt":{"rendered":"<p>A d\u00e9guster entre amis un v\u00e9ritable r\u00e9gale. La signature de notre chef p\u00e2tissier amateur et gourmand Armand<\/p>","protected":false},"featured_media":2631,"comment_status":"open","ping_status":"closed","template":"","meta":{"jetpack_publicize_message":"","jetpack_publicize_feature_enabled":true,"jetpack_social_post_already_shared":true,"jetpack_social_options":{"image_generator_settings":{"template":"highway","default_image_id":0,"font":"","enabled":false},"version":2}},"product_brand":[],"product_cat":[28],"product_tag":[],"class_list":{"0":"post-2632","1":"product","2":"type-product","3":"status-publish","4":"has-post-thumbnail","6":"product_cat-les-gourmandise-darmand","8":"first","9":"instock","10":"taxable","11":"shipping-taxable","12":"purchasable","13":"product-type-simple"},"jetpack_publicize_connections":[],"jetpack-related-posts":[{"id":963,"url":"https:\/\/oiseauduparadis.ch\/de\/produkt\/pates-dor-propolis-200g\/","url_meta":{"origin":2632,"position":0},"title":"P\u00e2tes d&rsquo;or Propolis &#8211; 20% de miel &#8211; 200g","author":"Armand Gander","date":"11 Januar 2021","format":false,"excerpt":"Savourez notre p\u00e2te d\u2019or artisanale, r\u00e9alis\u00e9e \u00e0 partir de miel et propolis pour un go\u00fbt unique et des bienfaits naturels. Avec 20% de miel et 2,5% de propolis, cette p\u00e2te est d\u00e9licatement d\u00e9coup\u00e9e \u00e0 la main et offre une texture fondante. Parfaite pour allier plaisir et bien-\u00eatre. Conditionnement : Paquet\u2026","rel":"","context":"\u00c4hnlicher Beitrag","block_context":{"text":"\u00c4hnlicher Beitrag","link":""},"img":{"alt_text":"","src":"https:\/\/i0.wp.com\/oiseauduparadis.ch\/wp-content\/uploads\/2021\/01\/50105_PATEDOR_PROPOLIS_SUCRE_DE_CANNE.jpg?fit=800%2C630&ssl=1&resize=350%2C200","width":350,"height":200,"srcset":"https:\/\/i0.wp.com\/oiseauduparadis.ch\/wp-content\/uploads\/2021\/01\/50105_PATEDOR_PROPOLIS_SUCRE_DE_CANNE.jpg?fit=800%2C630&ssl=1&resize=350%2C200 1x, https:\/\/i0.wp.com\/oiseauduparadis.ch\/wp-content\/uploads\/2021\/01\/50105_PATEDOR_PROPOLIS_SUCRE_DE_CANNE.jpg?fit=800%2C630&ssl=1&resize=525%2C300 1.5x, https:\/\/i0.wp.com\/oiseauduparadis.ch\/wp-content\/uploads\/2021\/01\/50105_PATEDOR_PROPOLIS_SUCRE_DE_CANNE.jpg?fit=800%2C630&ssl=1&resize=700%2C400 2x"},"classes":[]},{"id":1108,"url":"https:\/\/oiseauduparadis.ch\/de\/produkt\/tarte-a-la-raisinee-develyne\/","url_meta":{"origin":2632,"position":1},"title":"Tarte \u00e0 la raisin\u00e9e d&rsquo;Evelyne","author":"Armand Gander","date":"14 April 2021","format":false,"excerpt":"Tarte \u00e0 la Raisin\u00e9e d'Evelyne - 28 cm \u00d8 La Tarte \u00e0 la Raisin\u00e9e d'Evelyne est une vraie sp\u00e9cialit\u00e9 vaudoise qui combine raisin\u00e9e (vin cuit de poires ou pommes) et lait concentr\u00e9 sucr\u00e9 pour un effet miroir irr\u00e9sistible. Avec son go\u00fbt unique, cette tarte est un d\u00e9lice \u00e0 savourer absolument.\u2026","rel":"","context":"\u00c4hnlicher Beitrag","block_context":{"text":"\u00c4hnlicher Beitrag","link":""},"img":{"alt_text":"","src":"https:\/\/i0.wp.com\/oiseauduparadis.ch\/wp-content\/uploads\/2021\/04\/20151024_195209-scaled.jpg?fit=1200%2C675&ssl=1&resize=350%2C200","width":350,"height":200,"srcset":"https:\/\/i0.wp.com\/oiseauduparadis.ch\/wp-content\/uploads\/2021\/04\/20151024_195209-scaled.jpg?fit=1200%2C675&ssl=1&resize=350%2C200 1x, https:\/\/i0.wp.com\/oiseauduparadis.ch\/wp-content\/uploads\/2021\/04\/20151024_195209-scaled.jpg?fit=1200%2C675&ssl=1&resize=525%2C300 1.5x, https:\/\/i0.wp.com\/oiseauduparadis.ch\/wp-content\/uploads\/2021\/04\/20151024_195209-scaled.jpg?fit=1200%2C675&ssl=1&resize=700%2C400 2x, https:\/\/i0.wp.com\/oiseauduparadis.ch\/wp-content\/uploads\/2021\/04\/20151024_195209-scaled.jpg?fit=1200%2C675&ssl=1&resize=1050%2C600 3x"},"classes":[]},{"id":1188,"url":"https:\/\/oiseauduparadis.ch\/de\/produkt\/pain-depice-pur-miel\/","url_meta":{"origin":2632,"position":2},"title":"Pain d\u2019\u00e9pices Pur miel 250g","author":"Armand Gander","date":"5 Oktober 2021","format":false,"excerpt":"Pain d\u2019\u00c9pices Artisanale au Miel - 250g Savourez notre pain d\u2019\u00e9pices artisanal au miel pur (57%), sans lactose, fabriqu\u00e9 avec soin dans nos ateliers. Sa texture moelleuse et ses \u00e9pices d\u00e9licates de cannelle et d\u2019anis en font une gourmandise parfaite, \u00e0 d\u00e9guster nature, avec du beurre ou du foie gras.\u2026","rel":"","context":"\u00c4hnlicher Beitrag","block_context":{"text":"\u00c4hnlicher Beitrag","link":""},"img":{"alt_text":"","src":"https:\/\/i0.wp.com\/oiseauduparadis.ch\/wp-content\/uploads\/2021\/10\/TRANCHE-PE.jpg?fit=1200%2C1190&ssl=1&resize=350%2C200","width":350,"height":200,"srcset":"https:\/\/i0.wp.com\/oiseauduparadis.ch\/wp-content\/uploads\/2021\/10\/TRANCHE-PE.jpg?fit=1200%2C1190&ssl=1&resize=350%2C200 1x, https:\/\/i0.wp.com\/oiseauduparadis.ch\/wp-content\/uploads\/2021\/10\/TRANCHE-PE.jpg?fit=1200%2C1190&ssl=1&resize=525%2C300 1.5x, https:\/\/i0.wp.com\/oiseauduparadis.ch\/wp-content\/uploads\/2021\/10\/TRANCHE-PE.jpg?fit=1200%2C1190&ssl=1&resize=700%2C400 2x, https:\/\/i0.wp.com\/oiseauduparadis.ch\/wp-content\/uploads\/2021\/10\/TRANCHE-PE.jpg?fit=1200%2C1190&ssl=1&resize=1050%2C600 3x"},"classes":[]},{"id":965,"url":"https:\/\/oiseauduparadis.ch\/de\/produkt\/sucette-au-miel-15g\/","url_meta":{"origin":2632,"position":3},"title":"Sucette au miel 15g","author":"Armand Gander","date":"11 Januar 2021","format":false,"excerpt":"Sucette au Miel - 15g Savourez notre sucette au miel \u00e0 15% de miel, parfaite pour une pause sucr\u00e9e. Son b\u00e2ton en bois assure une dur\u00e9e de vie prolong\u00e9e, et son format de 15g est id\u00e9al pour un moment de douceur \u00e0 emporter. Conditionnement : \u00c0 l\u2019unit\u00e9, 15g.","rel":"","context":"\u00c4hnlicher Beitrag","block_context":{"text":"\u00c4hnlicher Beitrag","link":""},"img":{"alt_text":"","src":"","width":0,"height":0},"classes":[]},{"id":962,"url":"https:\/\/oiseauduparadis.ch\/de\/produkt\/pastilles-au-miel-ovales-200g\/","url_meta":{"origin":2632,"position":4},"title":"Pastilles ovales 20% de miel, 200g","author":"Armand Gander","date":"16 Januar 2021","format":false,"excerpt":"Pastilles au Miel - 200g Savourez nos pastilles au miel (20%), en forme ovale et orn\u00e9es d\u2019une abeille, pour adoucir votre gorge et satisfaire vos envies sucr\u00e9es. Ces bonbons d\u00e9licieux sont parfaits pour des instants gourmands \u00e0 tout moment de la journ\u00e9e. Conditionnement : Paquet de 200g.","rel":"","context":"\u00c4hnlicher Beitrag","block_context":{"text":"\u00c4hnlicher Beitrag","link":""},"img":{"alt_text":"","src":"https:\/\/i0.wp.com\/oiseauduparadis.ch\/wp-content\/uploads\/2021\/01\/10100_PASTILLE_PM_RONDE.jpg?fit=800%2C630&ssl=1&resize=350%2C200","width":350,"height":200,"srcset":"https:\/\/i0.wp.com\/oiseauduparadis.ch\/wp-content\/uploads\/2021\/01\/10100_PASTILLE_PM_RONDE.jpg?fit=800%2C630&ssl=1&resize=350%2C200 1x, https:\/\/i0.wp.com\/oiseauduparadis.ch\/wp-content\/uploads\/2021\/01\/10100_PASTILLE_PM_RONDE.jpg?fit=800%2C630&ssl=1&resize=525%2C300 1.5x, https:\/\/i0.wp.com\/oiseauduparadis.ch\/wp-content\/uploads\/2021\/01\/10100_PASTILLE_PM_RONDE.jpg?fit=800%2C630&ssl=1&resize=700%2C400 2x"},"classes":[]},{"id":1406,"url":"https:\/\/oiseauduparadis.ch\/de\/produkt\/plaque-nougat-miel\/","url_meta":{"origin":2632,"position":5},"title":"Plaque de nougat blanc au miel 100g","author":"Armand Gander","date":"4 Oktober 2023","format":false,"excerpt":"La Plaque de Nougat Blanc au miel combine des amandes blanchies, pour une touche originale et subtile. Sa texture souple et le parfum d\u00e9licat de vanille viennent rehausser le go\u00fbt du miel, offrant une douceur gourmande et fondante. Un d\u00e9lice \u00e0 savourer seul ou \u00e0 partager. Ingr\u00e9dients : Sucre, AMANDES\u2026","rel":"","context":"\u00c4hnlicher Beitrag","block_context":{"text":"\u00c4hnlicher Beitrag","link":""},"img":{"alt_text":"","src":"https:\/\/i0.wp.com\/oiseauduparadis.ch\/wp-content\/uploads\/2023\/10\/Nougat-bars-Vital-Almond-540x406-1.jpg?fit=540%2C406&ssl=1&resize=350%2C200","width":350,"height":200,"srcset":"https:\/\/i0.wp.com\/oiseauduparadis.ch\/wp-content\/uploads\/2023\/10\/Nougat-bars-Vital-Almond-540x406-1.jpg?fit=540%2C406&ssl=1&resize=350%2C200 1x, https:\/\/i0.wp.com\/oiseauduparadis.ch\/wp-content\/uploads\/2023\/10\/Nougat-bars-Vital-Almond-540x406-1.jpg?fit=540%2C406&ssl=1&resize=525%2C300 1.5x"},"classes":[]}],"jetpack_sharing_enabled":true,"_links":{"self":[{"href":"https:\/\/oiseauduparadis.ch\/de\/wp-json\/wp\/v2\/product\/2632","targetHints":{"allow":["GET"]}}],"collection":[{"href":"https:\/\/oiseauduparadis.ch\/de\/wp-json\/wp\/v2\/product"}],"about":[{"href":"https:\/\/oiseauduparadis.ch\/de\/wp-json\/wp\/v2\/types\/product"}],"replies":[{"embeddable":true,"href":"https:\/\/oiseauduparadis.ch\/de\/wp-json\/wp\/v2\/comments?post=2632"}],"wp:featuredmedia":[{"embeddable":true,"href":"https:\/\/oiseauduparadis.ch\/de\/wp-json\/wp\/v2\/media\/2631"}],"wp:attachment":[{"href":"https:\/\/oiseauduparadis.ch\/de\/wp-json\/wp\/v2\/media?parent=2632"}],"wp:term":[{"taxonomy":"product_brand","embeddable":true,"href":"https:\/\/oiseauduparadis.ch\/de\/wp-json\/wp\/v2\/product_brand?post=2632"},{"taxonomy":"product_cat","embeddable":true,"href":"https:\/\/oiseauduparadis.ch\/de\/wp-json\/wp\/v2\/product_cat?post=2632"},{"taxonomy":"product_tag","embeddable":true,"href":"https:\/\/oiseauduparadis.ch\/de\/wp-json\/wp\/v2\/product_tag?post=2632"}],"curies":[{"name":"wp","href":"https:\/\/api.w.org\/{rel}","templated":true}]}}