{"id":949,"date":"2021-01-11T21:21:42","date_gmt":"2021-01-11T20:21:42","guid":{"rendered":"http:\/\/www.oiseauduparadis.ch\/?post_type=product&#038;p=949"},"modified":"2026-01-05T17:12:18","modified_gmt":"2026-01-05T16:12:18","slug":"noisymiel-240g","status":"publish","type":"product","link":"https:\/\/oiseauduparadis.ch\/de\/produkt\/noisymiel-240g\/","title":{"rendered":"Noisy\u2019Miel &#8211; 240g"},"content":{"rendered":"<h3 class=\"\" data-start=\"216\" data-end=\"307\"><strong data-start=\"223\" data-end=\"307\">Noisy\u2019Miel \u2013 La p\u00e2te \u00e0 tartiner qui va vous faire reconsid\u00e9rer vos choix de vie.<\/strong><\/h3>\n<p class=\"\" data-start=\"309\" data-end=\"460\">On ne veut pas dire que les autres p\u00e2tes \u00e0 tartiner sont mauvaises\u2026 mais disons qu\u2019apr\u00e8s avoir go\u00fbt\u00e9 <strong data-start=\"410\" data-end=\"424\">Noisy\u2019Miel<\/strong>, elles auront un go\u00fbt de regrets.<\/p>\n<p class=\"\" data-start=\"462\" data-end=\"802\">Imagin\u00e9e \u00e0 Ch\u00e2tel-St-Denis par <strong data-start=\"493\" data-end=\"503\">Armand<\/strong>, notre apiculteur-p\u00e2tissier-amateur-g\u00e9nial (oui, tout \u00e7a), cette recette maison marie <strong data-start=\"590\" data-end=\"626\">le meilleur de nos miels suisses<\/strong> \u00e0 des <strong data-start=\"633\" data-end=\"661\">noisettes du Pi\u00e9mont<\/strong>. Deux ingr\u00e9dients. Pas un de plus. Pas d\u2019huile de palme, pas de conservateurs, pas de trucs impronon\u00e7ables. Juste de la gourmandise honn\u00eate.<\/p>\n<p class=\"\" data-start=\"804\" data-end=\"1104\"><strong data-start=\"807\" data-end=\"907\">\u00c0 tartiner, \u00e0 cuisiner ou \u00e0 d\u00e9guster \u00e0 la petite cuill\u00e8re en cachette dans la chambre \u00e0 coucher<\/strong>,<\/p>\n<p class=\"\" data-start=\"804\" data-end=\"1104\">Noisy\u2019Miel s\u00e9duit autant les enfants que les adultes un peu trop s\u00e9rieux.<\/p>\n<p class=\"\" data-start=\"804\" data-end=\"1104\">C\u2019est doux, c\u2019est intense, c\u2019est fondant, et surtout\u2026 <strong data-start=\"1039\" data-end=\"1066\">c\u2019est bon pour le moral<\/strong> (et un peu pour la conscience aussi).<\/p>\n<hr class=\"\" data-start=\"1106\" data-end=\"1109\" \/>\n<p><strong data-start=\"1111\" data-end=\"1128\">Ingr\u00e9dients :<\/strong> Miel suisse, <strong>noisettes<\/strong> du Pi\u00e9mont.<br data-start=\"1167\" data-end=\"1170\" \/><strong data-start=\"1170\" data-end=\"1181\">Poids :<\/strong> 240g de pur bonheur.<br data-start=\"1202\" data-end=\"1205\" \/><strong data-start=\"1205\" data-end=\"1232\">Fabriqu\u00e9 artisanalement<\/strong> \u00e0 Ch\u00e2tel-St-Denis dans notre atelier, avec amour, miel et un soup\u00e7on d\u2019obsession pour les bonnes choses.<\/p>\n<p>&nbsp;<\/p>\n<hr class=\"\" data-start=\"1106\" data-end=\"1109\" \/>\n<p><strong><span class=\"s5\">Valeurs nutritives par 100g:<\/span><\/strong><span class=\"s5\"><br \/>\n<\/span>\u00c9nergie : 341,9 kJ<br \/>\nLipides : 6,1g<br \/>\nGlucides : 77g<br \/>\nProt\u00e9ines : 2g<br \/>\nFibres : 1,34g<br \/>\nPotassium : 0,12g<br \/>\nSodium : 3,6g<\/p>","protected":false},"excerpt":{"rendered":"<p><strong data-start=\"138\" data-end=\"186\">Noisy\u2019Miel \u2013 Miel &amp; Noisettes, rien de plus.<\/strong><\/p>\n<p>Fabriqu\u00e9 \u00e0 Ch\u00e2tel-St-Denis par Armand, notre apiculteur-p\u00e2tissier passionn\u00e9.<\/p>\n<p>100% naturel. 0% culpabilit\u00e9. 240g de pur bonheur \u00e0 tartiner (ou d\u00e9vorer \u00e0 la cuill\u00e8re).<\/p>\n<p>Fait maison. Fait simple. Fait fondre. Peut provoquer une addiction douce et naturelle.<\/p>","protected":false},"featured_media":2502,"comment_status":"closed","ping_status":"closed","template":"","meta":{"jetpack_publicize_message":"","jetpack_publicize_feature_enabled":true,"jetpack_social_post_already_shared":false,"jetpack_social_options":{"image_generator_settings":{"template":"highway","default_image_id":0,"font":"","enabled":false},"version":2}},"product_brand":[],"product_cat":[68],"product_tag":[],"class_list":{"0":"post-949","1":"product","2":"type-product","3":"status-publish","4":"has-post-thumbnail","6":"product_cat-les-ruches-darmand","7":"product_shipping_class-ruches-darmand","9":"first","10":"instock","11":"taxable","12":"shipping-taxable","13":"purchasable","14":"product-type-simple"},"jetpack_publicize_connections":[],"jetpack-related-posts":[{"id":959,"url":"https:\/\/oiseauduparadis.ch\/de\/produkt\/miel-aas-250g\/","url_meta":{"origin":949,"position":0},"title":"Les 2 AA &#8211; Miel de Ch\u00e2tel-St-Denis","author":"Armand Gander","date":"16 Januar 2021","format":false,"excerpt":"Les 2 AA \u2013 Du miel, de l\u2019amiti\u00e9 et beaucoup d\u2019amour ! Armand et Alexandre, deux apiculteurs ins\u00e9parables\u2026 et nos abeilles, des coll\u00e8gues infatigables ! Ensemble, on fabrique un miel aussi doux que notre amiti\u00e9 et aussi dor\u00e9 que nos fous rires. 100% naturel, 100% artisanal et 200% bon \u2013\u2026","rel":"","context":"\u00c4hnlicher Beitrag","block_context":{"text":"\u00c4hnlicher Beitrag","link":""},"img":{"alt_text":"","src":"https:\/\/i0.wp.com\/oiseauduparadis.ch\/wp-content\/uploads\/2023\/10\/honey-jar-beehives-meadow-springtime.webp?fit=1200%2C800&ssl=1&resize=350%2C200","width":350,"height":200,"srcset":"https:\/\/i0.wp.com\/oiseauduparadis.ch\/wp-content\/uploads\/2023\/10\/honey-jar-beehives-meadow-springtime.webp?fit=1200%2C800&ssl=1&resize=350%2C200 1x, https:\/\/i0.wp.com\/oiseauduparadis.ch\/wp-content\/uploads\/2023\/10\/honey-jar-beehives-meadow-springtime.webp?fit=1200%2C800&ssl=1&resize=525%2C300 1.5x, https:\/\/i0.wp.com\/oiseauduparadis.ch\/wp-content\/uploads\/2023\/10\/honey-jar-beehives-meadow-springtime.webp?fit=1200%2C800&ssl=1&resize=700%2C400 2x, https:\/\/i0.wp.com\/oiseauduparadis.ch\/wp-content\/uploads\/2023\/10\/honey-jar-beehives-meadow-springtime.webp?fit=1200%2C800&ssl=1&resize=1050%2C600 3x"},"classes":[]},{"id":1259,"url":"https:\/\/oiseauduparadis.ch\/de\/produkt\/le-cousin-miel-250g-cuvee-de-lhexagone\/","url_meta":{"origin":949,"position":1},"title":"Le Miel d&rsquo;Armand &#8211; Cuv\u00e9e de l\u2019Hexagone","author":"Armand Gander","date":"1 Dezember 2022","format":false,"excerpt":"Quand le miel suisse fait une pause, le fran\u00e7ais entre en sc\u00e8ne ! Issu de nos 460 ruches, notre miel de fleurs fran\u00e7aises prend le relais avec la m\u00eame qualit\u00e9 et le m\u00eame amour que notre miel suisse, seul le terroir change (et encore, il est mis en pot \u00e0\u2026","rel":"","context":"\u00c4hnlicher Beitrag","block_context":{"text":"\u00c4hnlicher Beitrag","link":""},"img":{"alt_text":"","src":"https:\/\/i0.wp.com\/oiseauduparadis.ch\/wp-content\/uploads\/2022\/12\/7a0cd501-730f-40d7-9c67-0d0c113b7289_1.jpeg?fit=700%2C700&ssl=1&resize=350%2C200","width":350,"height":200,"srcset":"https:\/\/i0.wp.com\/oiseauduparadis.ch\/wp-content\/uploads\/2022\/12\/7a0cd501-730f-40d7-9c67-0d0c113b7289_1.jpeg?fit=700%2C700&ssl=1&resize=350%2C200 1x, https:\/\/i0.wp.com\/oiseauduparadis.ch\/wp-content\/uploads\/2022\/12\/7a0cd501-730f-40d7-9c67-0d0c113b7289_1.jpeg?fit=700%2C700&ssl=1&resize=525%2C300 1.5x, https:\/\/i0.wp.com\/oiseauduparadis.ch\/wp-content\/uploads\/2022\/12\/7a0cd501-730f-40d7-9c67-0d0c113b7289_1.jpeg?fit=700%2C700&ssl=1&resize=700%2C400 2x"},"classes":[]},{"id":2403,"url":"https:\/\/oiseauduparadis.ch\/de\/produkt\/pot-en-verre-a-bougie-en-cire-dabeille\/","url_meta":{"origin":949,"position":2},"title":"Pot en verre \u00e0 bougie en cire d&rsquo;abeille","author":"Armand Gander","date":"30 November 2023","format":false,"excerpt":"Bougie en Cire d'Abeilles Biodynamique - Pot en Verre Cr\u00e9ez une ambiance chaleureuse et naturelle avec cette bougie en cire d'abeilles biodynamique, fabriqu\u00e9e avec amour dans notre atelier de Ch\u00e2tel-St-Denis. La m\u00e8che en coton et la cire biodynamique issue de notre exploitation garantissent une combustion propre et agr\u00e9able. Conditionnement :\u2026","rel":"","context":"\u00c4hnlicher Beitrag","block_context":{"text":"\u00c4hnlicher Beitrag","link":""},"img":{"alt_text":"","src":"https:\/\/i0.wp.com\/oiseauduparadis.ch\/wp-content\/uploads\/2023\/11\/WhatsApp-Image-2024-11-29-a-10.16.39_12cf2107.jpg?fit=564%2C426&ssl=1&resize=350%2C200","width":350,"height":200,"srcset":"https:\/\/i0.wp.com\/oiseauduparadis.ch\/wp-content\/uploads\/2023\/11\/WhatsApp-Image-2024-11-29-a-10.16.39_12cf2107.jpg?fit=564%2C426&ssl=1&resize=350%2C200 1x, https:\/\/i0.wp.com\/oiseauduparadis.ch\/wp-content\/uploads\/2023\/11\/WhatsApp-Image-2024-11-29-a-10.16.39_12cf2107.jpg?fit=564%2C426&ssl=1&resize=525%2C300 1.5x"},"classes":[]},{"id":2404,"url":"https:\/\/oiseauduparadis.ch\/de\/produkt\/armandines\/","url_meta":{"origin":949,"position":3},"title":"Armandines 100g","author":"Armand Gander","date":"30 November 2023","format":false,"excerpt":"Armandines \u2013 Amandes au Sucre Artisanales Laissez-vous tenter par nos Armandines : des amandes croquantes si gourmandes qu\u2019elles risquent de dispara\u00eetre myst\u00e9rieusement\u2026 souvent juste apr\u00e8s l\u2019ouverture du sachet ! Enrob\u00e9es de sucre, de cannelle et d\u2019une pointe de sucre vanill\u00e9, elles sont pr\u00e9par\u00e9es avec soin dans notre atelier de Ch\u00e2tel-St-Denis.\u2026","rel":"","context":"\u00c4hnlicher Beitrag","block_context":{"text":"\u00c4hnlicher Beitrag","link":""},"img":{"alt_text":"","src":"https:\/\/i0.wp.com\/oiseauduparadis.ch\/wp-content\/uploads\/2023\/11\/amandes-sucrees-caramelisees.jpg?fit=1000%2C1000&ssl=1&resize=350%2C200","width":350,"height":200,"srcset":"https:\/\/i0.wp.com\/oiseauduparadis.ch\/wp-content\/uploads\/2023\/11\/amandes-sucrees-caramelisees.jpg?fit=1000%2C1000&ssl=1&resize=350%2C200 1x, https:\/\/i0.wp.com\/oiseauduparadis.ch\/wp-content\/uploads\/2023\/11\/amandes-sucrees-caramelisees.jpg?fit=1000%2C1000&ssl=1&resize=525%2C300 1.5x, https:\/\/i0.wp.com\/oiseauduparadis.ch\/wp-content\/uploads\/2023\/11\/amandes-sucrees-caramelisees.jpg?fit=1000%2C1000&ssl=1&resize=700%2C400 2x"},"classes":[]},{"id":963,"url":"https:\/\/oiseauduparadis.ch\/de\/produkt\/pates-dor-propolis-200g\/","url_meta":{"origin":949,"position":4},"title":"P\u00e2tes d&rsquo;or Propolis &#8211; 20% de miel &#8211; 200g","author":"Armand Gander","date":"11 Januar 2021","format":false,"excerpt":"Savourez notre p\u00e2te d\u2019or artisanale, r\u00e9alis\u00e9e \u00e0 partir de miel et propolis pour un go\u00fbt unique et des bienfaits naturels. Avec 20% de miel et 2,5% de propolis, cette p\u00e2te est d\u00e9licatement d\u00e9coup\u00e9e \u00e0 la main et offre une texture fondante. Parfaite pour allier plaisir et bien-\u00eatre. Conditionnement : Paquet\u2026","rel":"","context":"\u00c4hnlicher Beitrag","block_context":{"text":"\u00c4hnlicher Beitrag","link":""},"img":{"alt_text":"","src":"https:\/\/i0.wp.com\/oiseauduparadis.ch\/wp-content\/uploads\/2021\/01\/50105_PATEDOR_PROPOLIS_SUCRE_DE_CANNE.jpg?fit=800%2C630&ssl=1&resize=350%2C200","width":350,"height":200,"srcset":"https:\/\/i0.wp.com\/oiseauduparadis.ch\/wp-content\/uploads\/2021\/01\/50105_PATEDOR_PROPOLIS_SUCRE_DE_CANNE.jpg?fit=800%2C630&ssl=1&resize=350%2C200 1x, https:\/\/i0.wp.com\/oiseauduparadis.ch\/wp-content\/uploads\/2021\/01\/50105_PATEDOR_PROPOLIS_SUCRE_DE_CANNE.jpg?fit=800%2C630&ssl=1&resize=525%2C300 1.5x, https:\/\/i0.wp.com\/oiseauduparadis.ch\/wp-content\/uploads\/2021\/01\/50105_PATEDOR_PROPOLIS_SUCRE_DE_CANNE.jpg?fit=800%2C630&ssl=1&resize=700%2C400 2x"},"classes":[]},{"id":2581,"url":"https:\/\/oiseauduparadis.ch\/de\/produkt\/hydromel-clos-des-sentinelles-petillant-cuvee-impertinent-75cl\/","url_meta":{"origin":949,"position":5},"title":"Hydromel Clos Des Sentinelles P\u00e9tillant, cuv\u00e9e \u00ab\u00a0impertinent\u00a0\u00bb, 75cl","author":"Armand Gander","date":"10 April 2025","format":false,"excerpt":"Impertinent \u2013 L\u2019hydromel qui p\u00e9tille d\u2019audace ! Un apiculteur a eu une id\u00e9e un peu folle : faire buller le miel. R\u00e9sultat ? Un nectar effervescent, 100 % nature et 200 % style. \u00c0 boire frais, avec des potes\u2026 ou des poulpes (oui, \u00e7a marche avec la tielle s\u00e9toise).","rel":"","context":"\u00c4hnlicher Beitrag","block_context":{"text":"\u00c4hnlicher Beitrag","link":""},"img":{"alt_text":"","src":"https:\/\/i0.wp.com\/oiseauduparadis.ch\/wp-content\/uploads\/2025\/04\/CLOS-DES-SENTINELLES-scaled-e1735507490876.jpg?fit=970%2C1200&ssl=1&resize=350%2C200","width":350,"height":200,"srcset":"https:\/\/i0.wp.com\/oiseauduparadis.ch\/wp-content\/uploads\/2025\/04\/CLOS-DES-SENTINELLES-scaled-e1735507490876.jpg?fit=970%2C1200&ssl=1&resize=350%2C200 1x, https:\/\/i0.wp.com\/oiseauduparadis.ch\/wp-content\/uploads\/2025\/04\/CLOS-DES-SENTINELLES-scaled-e1735507490876.jpg?fit=970%2C1200&ssl=1&resize=525%2C300 1.5x, https:\/\/i0.wp.com\/oiseauduparadis.ch\/wp-content\/uploads\/2025\/04\/CLOS-DES-SENTINELLES-scaled-e1735507490876.jpg?fit=970%2C1200&ssl=1&resize=700%2C400 2x"},"classes":[]}],"jetpack_sharing_enabled":true,"_links":{"self":[{"href":"https:\/\/oiseauduparadis.ch\/de\/wp-json\/wp\/v2\/product\/949","targetHints":{"allow":["GET"]}}],"collection":[{"href":"https:\/\/oiseauduparadis.ch\/de\/wp-json\/wp\/v2\/product"}],"about":[{"href":"https:\/\/oiseauduparadis.ch\/de\/wp-json\/wp\/v2\/types\/product"}],"replies":[{"embeddable":true,"href":"https:\/\/oiseauduparadis.ch\/de\/wp-json\/wp\/v2\/comments?post=949"}],"wp:featuredmedia":[{"embeddable":true,"href":"https:\/\/oiseauduparadis.ch\/de\/wp-json\/wp\/v2\/media\/2502"}],"wp:attachment":[{"href":"https:\/\/oiseauduparadis.ch\/de\/wp-json\/wp\/v2\/media?parent=949"}],"wp:term":[{"taxonomy":"product_brand","embeddable":true,"href":"https:\/\/oiseauduparadis.ch\/de\/wp-json\/wp\/v2\/product_brand?post=949"},{"taxonomy":"product_cat","embeddable":true,"href":"https:\/\/oiseauduparadis.ch\/de\/wp-json\/wp\/v2\/product_cat?post=949"},{"taxonomy":"product_tag","embeddable":true,"href":"https:\/\/oiseauduparadis.ch\/de\/wp-json\/wp\/v2\/product_tag?post=949"}],"curies":[{"name":"wp","href":"https:\/\/api.w.org\/{rel}","templated":true}]}}