{"id":951,"date":"2021-01-11T21:33:46","date_gmt":"2021-01-11T20:33:46","guid":{"rendered":"http:\/\/www.oiseauduparadis.ch\/?post_type=product&#038;p=951"},"modified":"2026-01-05T17:04:37","modified_gmt":"2026-01-05T16:04:37","slug":"hydromel-clos-des-sentinelles-demi-sec-immuable-75cl","status":"publish","type":"product","link":"https:\/\/oiseauduparadis.ch\/de\/produkt\/hydromel-clos-des-sentinelles-demi-sec-immuable-75cl\/","title":{"rendered":"Hydromel Clos Des Sentinelles Moelleux, cuv\u00e9e \u00ab\u00a0immuable\u00a0\u00bb, 75cl"},"content":{"rendered":"<p style=\"text-align: center;\"><strong>L&rsquo;hydromel qui traverse les \u00e2ges<\/strong><\/p>\n<p>J\u2019ai en t\u00eate des images anciennes, morceaux d\u2019images antiques, brides mythologiques&#8230; Si j\u2019avais v\u00e9cu aux premiers temps, j\u2019aurais go\u00fbt\u00e9 \u00e0 l\u2019hydromel servi par les Walkyries au festin des dieux celtes, j\u2019aurais particip\u00e9 aux libations des dieux grecs. j\u2019aurais connu ce premier bouillonnement des forces de la nature. Immuable, en toute modestie, gr\u00e2ce aux techniques \u0153nologiques modernes&#8230; Je vis avec mon temps.<\/p>\n<p>Robe brillante, l\u00e9g\u00e8rement dor\u00e9e. Nez ouvert et avenant sur les essences de fleurs, l\u2019eau de vie de poire, le genet d\u2019Espagne en fleur puis la violette et la mangue confite. Beau toucher de bouche, \u00e9quilibr\u00e9, sans mollesse. A servir, par exemple, sur un sorbet \u00e0 la lavande et son pain d\u2019\u00e9pice snack\u00e9.<\/p>\n<p style=\"text-align: center;\"><strong>Hydromel moelleux 12,5% Vol. &#8211; 75cl.<\/strong><\/p>\n<p style=\"text-align: center;\"><strong>Fromages affin\u00e9s<\/strong><\/p>\n<p style=\"text-align: center;\"><strong>Temp\u00e9rature de d\u00e9gustation : 14\u00b0 C.<\/strong><\/p>\n<p style=\"text-align: center;\"><strong>Miel de lavande, miel de Foret, miel de garrigue et miel de tilleul<\/strong><\/p>\n<p style=\"text-align: center;\"><em>L\u2019abus d\u2019alcool est dangereux pour la sant\u00e9, \u00e0 consommer avec mod\u00e9ration.<\/em><\/p>","protected":false},"excerpt":{"rendered":"<p style=\"text-align: center;\"><strong data-start=\"83\" data-end=\"123\">Hydromel Moelleux \u2013 Cuv\u00e9e \u00ab\u00a0Immuable\u00a0\u00bb<\/strong><\/p>\n<p>Un hommage liquide aux festins des dieux, revisit\u00e9 avec \u00e9l\u00e9gance.<\/p>\n<p>Floral, fruit\u00e9, subtilement \u00e9pic\u00e9, il traverse les \u00e2ges avec modernit\u00e9.<\/p>\n<p>\u00c0 d\u00e9guster avec des fromages affin\u00e9s ou un sorbet \u00e0 la lavande.<\/p>\n<p style=\"text-align: center;\"><strong data-start=\"334\" data-end=\"371\">Intemporel. Raffin\u00e9. Inoubliable.<\/strong><\/p>","protected":false},"featured_media":2510,"comment_status":"closed","ping_status":"closed","template":"","meta":{"jetpack_publicize_message":"","jetpack_publicize_feature_enabled":true,"jetpack_social_post_already_shared":false,"jetpack_social_options":{"image_generator_settings":{"template":"highway","default_image_id":0,"font":"","enabled":false},"version":2}},"product_brand":[],"product_cat":[24],"product_tag":[],"class_list":{"0":"post-951","1":"product","2":"type-product","3":"status-publish","4":"has-post-thumbnail","6":"product_cat-les-breuvages-darmand","7":"product_shipping_class-breuvages","9":"first","10":"instock","11":"taxable","12":"shipping-taxable","13":"purchasable","14":"product-type-simple"},"jetpack_publicize_connections":[],"jetpack-related-posts":[{"id":953,"url":"https:\/\/oiseauduparadis.ch\/de\/produkt\/hydromel-clos-des-sentinelles-moelleux-image-inee\/","url_meta":{"origin":951,"position":0},"title":"Hydromel Clos Des Sentinelles Moelleux \u2013 Cuv\u00e9e \u00ab\u00a0Image inn\u00e9e\u00a0\u00bb, 75cl","author":"Armand Gander","date":"11 Januar 2021","format":false,"excerpt":"Hydromel Moelleux \u2013 Cuv\u00e9e \"Image inn\u00e9e\" Un r\u00eave liquoreux aux parfums de fleurs et d\u2019\u00e9pices. D\u00e9licat, pur et d\u00e9salt\u00e9rant, il marie le miel au divin pour \u00e9veiller les sens. Floral, balsamique, tactile \u2013 un voyage gustatif entre lavande, garrigue et for\u00eat. \u00c0 savourer avec foie gras, fruits de mer ou\u2026","rel":"","context":"\u00c4hnlicher Beitrag","block_context":{"text":"\u00c4hnlicher Beitrag","link":""},"img":{"alt_text":"","src":"https:\/\/i0.wp.com\/oiseauduparadis.ch\/wp-content\/uploads\/2021\/01\/image-innee.jpg?fit=452%2C452&ssl=1&resize=350%2C200","width":350,"height":200},"classes":[]},{"id":952,"url":"https:\/\/oiseauduparadis.ch\/de\/produkt\/hydromel-clos-des-sentinelles-moelleux-elixir-de-dragon-75cl\/","url_meta":{"origin":951,"position":1},"title":"Hydromel Clos Des Sentinelles L\u2019\u00c9lixir de Dragon, un hydromel de L\u00e9gende, 75cl","author":"Armand Gander","date":"11 Januar 2021","format":false,"excerpt":"L\u2019\u00c9lixir de Dragon est un hydromel moelleux d\u2019exception, n\u00e9 du savoir-faire d\u2019Alexandre Sintes \u00e0 Viols-le-Fort. Sa robe ambr\u00e9e, son nez gourmand de tarte tatin, de caramel et de mangue m\u00fbre, et sa bouche charnue en font une cuv\u00e9e raffin\u00e9e, parfaitement \u00e9quilibr\u00e9e entre douceur et fra\u00eecheur. Id\u00e9al \u00e0 l\u2019ap\u00e9ritif ou en\u2026","rel":"","context":"\u00c4hnlicher Beitrag","block_context":{"text":"\u00c4hnlicher Beitrag","link":""},"img":{"alt_text":"","src":"https:\/\/i0.wp.com\/oiseauduparadis.ch\/wp-content\/uploads\/2021\/01\/Illustration-dragon-avec-grotte-1024x734-1.jpg?fit=1024%2C734&ssl=1&resize=350%2C200","width":350,"height":200,"srcset":"https:\/\/i0.wp.com\/oiseauduparadis.ch\/wp-content\/uploads\/2021\/01\/Illustration-dragon-avec-grotte-1024x734-1.jpg?fit=1024%2C734&ssl=1&resize=350%2C200 1x, https:\/\/i0.wp.com\/oiseauduparadis.ch\/wp-content\/uploads\/2021\/01\/Illustration-dragon-avec-grotte-1024x734-1.jpg?fit=1024%2C734&ssl=1&resize=525%2C300 1.5x, https:\/\/i0.wp.com\/oiseauduparadis.ch\/wp-content\/uploads\/2021\/01\/Illustration-dragon-avec-grotte-1024x734-1.jpg?fit=1024%2C734&ssl=1&resize=700%2C400 2x"},"classes":[]},{"id":954,"url":"https:\/\/oiseauduparadis.ch\/de\/produkt\/hydromel-moelleux-immoral-50cl\/","url_meta":{"origin":951,"position":2},"title":"Hydromel Clos des Sentinelles Moelleux &#8211; cuv\u00e9e \u00ab\u00a0immoral\u00a0\u00bb, 50cl","author":"Armand Gander","date":"11 Januar 2021","format":false,"excerpt":"P\u00e9ch\u00e9 de douceur. \u00c9l\u00e9gance sans remords. N\u00e9 du nectar des fleurs, \u00e9lev\u00e9 par nos abeilles, ce breuvage dor\u00e9 trouble les sens et flatte le palais. Entre mirabelle et mangue, griotte et guigne\u2026 chaque gorg\u00e9e fr\u00f4le l\u2019interdit. Dense, raffin\u00e9, sans lourdeur, il s\u2019offre sans excuse \u2014 et surtout sans mod\u00e9ration morale.\u2026","rel":"","context":"\u00c4hnlicher Beitrag","block_context":{"text":"\u00c4hnlicher Beitrag","link":""},"img":{"alt_text":"","src":"https:\/\/i0.wp.com\/oiseauduparadis.ch\/wp-content\/uploads\/2021\/01\/immoral.jpg?fit=800%2C800&ssl=1&resize=350%2C200","width":350,"height":200,"srcset":"https:\/\/i0.wp.com\/oiseauduparadis.ch\/wp-content\/uploads\/2021\/01\/immoral.jpg?fit=800%2C800&ssl=1&resize=350%2C200 1x, https:\/\/i0.wp.com\/oiseauduparadis.ch\/wp-content\/uploads\/2021\/01\/immoral.jpg?fit=800%2C800&ssl=1&resize=525%2C300 1.5x, https:\/\/i0.wp.com\/oiseauduparadis.ch\/wp-content\/uploads\/2021\/01\/immoral.jpg?fit=800%2C800&ssl=1&resize=700%2C400 2x"},"classes":[]},{"id":2581,"url":"https:\/\/oiseauduparadis.ch\/de\/produkt\/hydromel-clos-des-sentinelles-petillant-cuvee-impertinent-75cl\/","url_meta":{"origin":951,"position":3},"title":"Hydromel Clos Des Sentinelles P\u00e9tillant, cuv\u00e9e \u00ab\u00a0impertinent\u00a0\u00bb, 75cl","author":"Armand Gander","date":"10 April 2025","format":false,"excerpt":"Impertinent \u2013 L\u2019hydromel qui p\u00e9tille d\u2019audace ! Un apiculteur a eu une id\u00e9e un peu folle : faire buller le miel. R\u00e9sultat ? Un nectar effervescent, 100 % nature et 200 % style. \u00c0 boire frais, avec des potes\u2026 ou des poulpes (oui, \u00e7a marche avec la tielle s\u00e9toise).","rel":"","context":"\u00c4hnlicher Beitrag","block_context":{"text":"\u00c4hnlicher Beitrag","link":""},"img":{"alt_text":"","src":"https:\/\/i0.wp.com\/oiseauduparadis.ch\/wp-content\/uploads\/2025\/04\/CLOS-DES-SENTINELLES-scaled-e1735507490876.jpg?fit=970%2C1200&ssl=1&resize=350%2C200","width":350,"height":200,"srcset":"https:\/\/i0.wp.com\/oiseauduparadis.ch\/wp-content\/uploads\/2025\/04\/CLOS-DES-SENTINELLES-scaled-e1735507490876.jpg?fit=970%2C1200&ssl=1&resize=350%2C200 1x, https:\/\/i0.wp.com\/oiseauduparadis.ch\/wp-content\/uploads\/2025\/04\/CLOS-DES-SENTINELLES-scaled-e1735507490876.jpg?fit=970%2C1200&ssl=1&resize=525%2C300 1.5x, https:\/\/i0.wp.com\/oiseauduparadis.ch\/wp-content\/uploads\/2025\/04\/CLOS-DES-SENTINELLES-scaled-e1735507490876.jpg?fit=970%2C1200&ssl=1&resize=700%2C400 2x"},"classes":[]},{"id":2452,"url":"https:\/\/oiseauduparadis.ch\/de\/produkt\/champagne-brut-maison-de-champagne-dominique-foureur-75cl\/","url_meta":{"origin":951,"position":4},"title":"Champagne Brut Maison de Champagne Dominique Foureur, 75cl","author":"Armand Gander","date":"5 April 2024","format":false,"excerpt":"N\u00e9s au c\u0153ur du Grand Cru d\u2019Ambonnay, nos champagnes allient finesse, caract\u00e8re et authenticit\u00e9. Le Brut, \u00e9quilibr\u00e9 et rafra\u00eechissant, r\u00e9v\u00e8le des ar\u00f4mes fruit\u00e9s et une belle longueur.Le Ros\u00e9, plus intense, s\u00e9duit par sa g\u00e9n\u00e9rosit\u00e9 et sa d\u00e9licate touche de Pinot Noir. Deux cuv\u00e9es d\u2019exception pour c\u00e9l\u00e9brer chaque instant avec \u00e9l\u00e9gance.","rel":"","context":"\u00c4hnlicher Beitrag","block_context":{"text":"\u00c4hnlicher Beitrag","link":""},"img":{"alt_text":"","src":"https:\/\/i0.wp.com\/oiseauduparadis.ch\/wp-content\/uploads\/2024\/04\/img7.jpg?fit=425%2C282&ssl=1&resize=350%2C200","width":350,"height":200},"classes":[]},{"id":1188,"url":"https:\/\/oiseauduparadis.ch\/de\/produkt\/pain-depice-pur-miel\/","url_meta":{"origin":951,"position":5},"title":"Pain d\u2019\u00e9pices Pur miel 250g","author":"Armand Gander","date":"5 Oktober 2021","format":false,"excerpt":"Pain d\u2019\u00c9pices Artisanale au Miel - 250g Savourez notre pain d\u2019\u00e9pices artisanal au miel pur (57%), sans lactose, fabriqu\u00e9 avec soin dans nos ateliers. Sa texture moelleuse et ses \u00e9pices d\u00e9licates de cannelle et d\u2019anis en font une gourmandise parfaite, \u00e0 d\u00e9guster nature, avec du beurre ou du foie gras.\u2026","rel":"","context":"\u00c4hnlicher Beitrag","block_context":{"text":"\u00c4hnlicher Beitrag","link":""},"img":{"alt_text":"","src":"https:\/\/i0.wp.com\/oiseauduparadis.ch\/wp-content\/uploads\/2021\/10\/TRANCHE-PE.jpg?fit=1200%2C1190&ssl=1&resize=350%2C200","width":350,"height":200,"srcset":"https:\/\/i0.wp.com\/oiseauduparadis.ch\/wp-content\/uploads\/2021\/10\/TRANCHE-PE.jpg?fit=1200%2C1190&ssl=1&resize=350%2C200 1x, https:\/\/i0.wp.com\/oiseauduparadis.ch\/wp-content\/uploads\/2021\/10\/TRANCHE-PE.jpg?fit=1200%2C1190&ssl=1&resize=525%2C300 1.5x, https:\/\/i0.wp.com\/oiseauduparadis.ch\/wp-content\/uploads\/2021\/10\/TRANCHE-PE.jpg?fit=1200%2C1190&ssl=1&resize=700%2C400 2x, https:\/\/i0.wp.com\/oiseauduparadis.ch\/wp-content\/uploads\/2021\/10\/TRANCHE-PE.jpg?fit=1200%2C1190&ssl=1&resize=1050%2C600 3x"},"classes":[]}],"jetpack_sharing_enabled":true,"_links":{"self":[{"href":"https:\/\/oiseauduparadis.ch\/de\/wp-json\/wp\/v2\/product\/951","targetHints":{"allow":["GET"]}}],"collection":[{"href":"https:\/\/oiseauduparadis.ch\/de\/wp-json\/wp\/v2\/product"}],"about":[{"href":"https:\/\/oiseauduparadis.ch\/de\/wp-json\/wp\/v2\/types\/product"}],"replies":[{"embeddable":true,"href":"https:\/\/oiseauduparadis.ch\/de\/wp-json\/wp\/v2\/comments?post=951"}],"wp:featuredmedia":[{"embeddable":true,"href":"https:\/\/oiseauduparadis.ch\/de\/wp-json\/wp\/v2\/media\/2510"}],"wp:attachment":[{"href":"https:\/\/oiseauduparadis.ch\/de\/wp-json\/wp\/v2\/media?parent=951"}],"wp:term":[{"taxonomy":"product_brand","embeddable":true,"href":"https:\/\/oiseauduparadis.ch\/de\/wp-json\/wp\/v2\/product_brand?post=951"},{"taxonomy":"product_cat","embeddable":true,"href":"https:\/\/oiseauduparadis.ch\/de\/wp-json\/wp\/v2\/product_cat?post=951"},{"taxonomy":"product_tag","embeddable":true,"href":"https:\/\/oiseauduparadis.ch\/de\/wp-json\/wp\/v2\/product_tag?post=951"}],"curies":[{"name":"wp","href":"https:\/\/api.w.org\/{rel}","templated":true}]}}