{"id":953,"date":"2021-01-11T21:29:04","date_gmt":"2021-01-11T20:29:04","guid":{"rendered":"http:\/\/www.oiseauduparadis.ch\/?post_type=product&#038;p=953"},"modified":"2026-01-05T17:04:10","modified_gmt":"2026-01-05T16:04:10","slug":"hydromel-clos-des-sentinelles-moelleux-image-inee","status":"publish","type":"product","link":"https:\/\/oiseauduparadis.ch\/de\/produkt\/hydromel-clos-des-sentinelles-moelleux-image-inee\/","title":{"rendered":"Hydromel Clos Des Sentinelles Moelleux \u2013 Cuv\u00e9e \u00ab\u00a0Image inn\u00e9e\u00a0\u00bb, 75cl"},"content":{"rendered":"<p style=\"text-align: center;\"><strong>Imaginez-vous l&rsquo;harmonie parfaite entre miel et di-vin.<\/strong><\/p>\n<p>Imaginez\u2026 Fermez les yeux. Imaginez-vous le bruissement de la ruche quand les abeilles ass\u00e8chent le nectar\u2026 Imaginez-vous les effluves qu\u2019exhale le miel fra\u00eechement extrait. Suivez pr\u00e9cieusement ce fil imaginaire, la soif venant, r\u00eavez d\u2019un hydromel qui l\u2019apaisera agr\u00e9ablement.<br \/>\nVoil\u00e0 c\u2019est facile. Image inn\u00e9e est n\u00e9!<\/p>\n<p>Robe pale et limpide, aux reflets jaune paille. Tr\u00e8s expressif \u00e0 l\u2019ouverture, sur un registre floral, entre gen\u00eat d\u2019Espagne et yuzu en fleur et l\u2019iris. On retrouve les notes balsamiques d\u2019eucalyptus, poivre de Sichuan, fleur de menthe. La bouche est tactile et d\u00e9licate, d\u2019une grande puret\u00e9. Finale saline, d\u00e9salt\u00e9rante. Ravira les papilles sur une baudroie en sauce ou bien un ramen au gyoza.<\/p>\n<p style=\"text-align: center;\"><strong>Hydromel moelleux 12,5% Vol. &#8211; 75cl.<\/strong><\/p>\n<p style=\"text-align: center;\"><strong>Foie gras mi-cuit, Noix de St jacques, salade d&rsquo;endive, roquefort et noix, sorbet<\/strong><\/p>\n<p style=\"text-align: center;\"><strong>Miel de lavande, miel de Foret, miel de garrigue et miel de tilleul<\/strong><\/p>\n<p style=\"text-align: center;\"><strong>Temp\u00e9rature de d\u00e9gustation : 14\u00b0 C.<\/strong><\/p>\n<p style=\"text-align: center;\"><em>L\u2019abus d\u2019alcool est dangereux pour la sant\u00e9, \u00e0 consommer avec mod\u00e9ration.<\/em><\/p>","protected":false},"excerpt":{"rendered":"<p style=\"text-align: center;\"><strong>Hydromel Moelleux \u2013 Cuv\u00e9e \u00ab\u00a0Image inn\u00e9e\u00a0\u00bb<\/strong><\/p>\n<p>Un r\u00eave liquoreux aux parfums de fleurs et d\u2019\u00e9pices.<\/p>\n<p>D\u00e9licat, pur et d\u00e9salt\u00e9rant, il marie le miel au divin pour \u00e9veiller les sens.<\/p>\n<p>Floral, balsamique, tactile \u2013 un voyage gustatif entre lavande, garrigue et for\u00eat.<\/p>\n<p>\u00c0 savourer avec foie gras, fruits de mer ou une touche sucr\u00e9e.<\/p>","protected":false},"featured_media":2514,"comment_status":"closed","ping_status":"closed","template":"","meta":{"jetpack_publicize_message":"","jetpack_publicize_feature_enabled":true,"jetpack_social_post_already_shared":false,"jetpack_social_options":{"image_generator_settings":{"template":"highway","default_image_id":0,"font":"","enabled":false},"version":2}},"product_brand":[],"product_cat":[24],"product_tag":[],"class_list":{"0":"post-953","1":"product","2":"type-product","3":"status-publish","4":"has-post-thumbnail","6":"product_cat-les-breuvages-darmand","7":"product_shipping_class-breuvages","9":"first","10":"instock","11":"featured","12":"taxable","13":"shipping-taxable","14":"purchasable","15":"product-type-simple"},"jetpack_publicize_connections":[],"jetpack-related-posts":[{"id":951,"url":"https:\/\/oiseauduparadis.ch\/de\/produkt\/hydromel-clos-des-sentinelles-demi-sec-immuable-75cl\/","url_meta":{"origin":953,"position":0},"title":"Hydromel Clos Des Sentinelles Moelleux, cuv\u00e9e \u00ab\u00a0immuable\u00a0\u00bb, 75cl","author":"Armand Gander","date":"11 Januar 2021","format":false,"excerpt":"Hydromel Moelleux \u2013 Cuv\u00e9e \"Immuable\" Un hommage liquide aux festins des dieux, revisit\u00e9 avec \u00e9l\u00e9gance. Floral, fruit\u00e9, subtilement \u00e9pic\u00e9, il traverse les \u00e2ges avec modernit\u00e9. \u00c0 d\u00e9guster avec des fromages affin\u00e9s ou un sorbet \u00e0 la lavande. Intemporel. Raffin\u00e9. Inoubliable.","rel":"","context":"\u00c4hnlicher Beitrag","block_context":{"text":"\u00c4hnlicher Beitrag","link":""},"img":{"alt_text":"","src":"https:\/\/i0.wp.com\/oiseauduparadis.ch\/wp-content\/uploads\/2021\/01\/12292.png?fit=567%2C728&ssl=1&resize=350%2C200","width":350,"height":200,"srcset":"https:\/\/i0.wp.com\/oiseauduparadis.ch\/wp-content\/uploads\/2021\/01\/12292.png?fit=567%2C728&ssl=1&resize=350%2C200 1x, https:\/\/i0.wp.com\/oiseauduparadis.ch\/wp-content\/uploads\/2021\/01\/12292.png?fit=567%2C728&ssl=1&resize=525%2C300 1.5x"},"classes":[]},{"id":952,"url":"https:\/\/oiseauduparadis.ch\/de\/produkt\/hydromel-clos-des-sentinelles-moelleux-elixir-de-dragon-75cl\/","url_meta":{"origin":953,"position":1},"title":"Hydromel Clos Des Sentinelles L\u2019\u00c9lixir de Dragon, un hydromel de L\u00e9gende, 75cl","author":"Armand Gander","date":"11 Januar 2021","format":false,"excerpt":"L\u2019\u00c9lixir de Dragon est un hydromel moelleux d\u2019exception, n\u00e9 du savoir-faire d\u2019Alexandre Sintes \u00e0 Viols-le-Fort. Sa robe ambr\u00e9e, son nez gourmand de tarte tatin, de caramel et de mangue m\u00fbre, et sa bouche charnue en font une cuv\u00e9e raffin\u00e9e, parfaitement \u00e9quilibr\u00e9e entre douceur et fra\u00eecheur. Id\u00e9al \u00e0 l\u2019ap\u00e9ritif ou en\u2026","rel":"","context":"\u00c4hnlicher Beitrag","block_context":{"text":"\u00c4hnlicher Beitrag","link":""},"img":{"alt_text":"","src":"https:\/\/i0.wp.com\/oiseauduparadis.ch\/wp-content\/uploads\/2021\/01\/Illustration-dragon-avec-grotte-1024x734-1.jpg?fit=1024%2C734&ssl=1&resize=350%2C200","width":350,"height":200,"srcset":"https:\/\/i0.wp.com\/oiseauduparadis.ch\/wp-content\/uploads\/2021\/01\/Illustration-dragon-avec-grotte-1024x734-1.jpg?fit=1024%2C734&ssl=1&resize=350%2C200 1x, https:\/\/i0.wp.com\/oiseauduparadis.ch\/wp-content\/uploads\/2021\/01\/Illustration-dragon-avec-grotte-1024x734-1.jpg?fit=1024%2C734&ssl=1&resize=525%2C300 1.5x, https:\/\/i0.wp.com\/oiseauduparadis.ch\/wp-content\/uploads\/2021\/01\/Illustration-dragon-avec-grotte-1024x734-1.jpg?fit=1024%2C734&ssl=1&resize=700%2C400 2x"},"classes":[]},{"id":954,"url":"https:\/\/oiseauduparadis.ch\/de\/produkt\/hydromel-moelleux-immoral-50cl\/","url_meta":{"origin":953,"position":2},"title":"Hydromel Clos des Sentinelles Moelleux &#8211; cuv\u00e9e \u00ab\u00a0immoral\u00a0\u00bb, 50cl","author":"Armand Gander","date":"11 Januar 2021","format":false,"excerpt":"P\u00e9ch\u00e9 de douceur. \u00c9l\u00e9gance sans remords. N\u00e9 du nectar des fleurs, \u00e9lev\u00e9 par nos abeilles, ce breuvage dor\u00e9 trouble les sens et flatte le palais. Entre mirabelle et mangue, griotte et guigne\u2026 chaque gorg\u00e9e fr\u00f4le l\u2019interdit. Dense, raffin\u00e9, sans lourdeur, il s\u2019offre sans excuse \u2014 et surtout sans mod\u00e9ration morale.\u2026","rel":"","context":"\u00c4hnlicher Beitrag","block_context":{"text":"\u00c4hnlicher Beitrag","link":""},"img":{"alt_text":"","src":"https:\/\/i0.wp.com\/oiseauduparadis.ch\/wp-content\/uploads\/2021\/01\/immoral.jpg?fit=800%2C800&ssl=1&resize=350%2C200","width":350,"height":200,"srcset":"https:\/\/i0.wp.com\/oiseauduparadis.ch\/wp-content\/uploads\/2021\/01\/immoral.jpg?fit=800%2C800&ssl=1&resize=350%2C200 1x, https:\/\/i0.wp.com\/oiseauduparadis.ch\/wp-content\/uploads\/2021\/01\/immoral.jpg?fit=800%2C800&ssl=1&resize=525%2C300 1.5x, https:\/\/i0.wp.com\/oiseauduparadis.ch\/wp-content\/uploads\/2021\/01\/immoral.jpg?fit=800%2C800&ssl=1&resize=700%2C400 2x"},"classes":[]},{"id":2581,"url":"https:\/\/oiseauduparadis.ch\/de\/produkt\/hydromel-clos-des-sentinelles-petillant-cuvee-impertinent-75cl\/","url_meta":{"origin":953,"position":3},"title":"Hydromel Clos Des Sentinelles P\u00e9tillant, cuv\u00e9e \u00ab\u00a0impertinent\u00a0\u00bb, 75cl","author":"Armand Gander","date":"10 April 2025","format":false,"excerpt":"Impertinent \u2013 L\u2019hydromel qui p\u00e9tille d\u2019audace ! Un apiculteur a eu une id\u00e9e un peu folle : faire buller le miel. R\u00e9sultat ? Un nectar effervescent, 100 % nature et 200 % style. \u00c0 boire frais, avec des potes\u2026 ou des poulpes (oui, \u00e7a marche avec la tielle s\u00e9toise).","rel":"","context":"\u00c4hnlicher Beitrag","block_context":{"text":"\u00c4hnlicher Beitrag","link":""},"img":{"alt_text":"","src":"https:\/\/i0.wp.com\/oiseauduparadis.ch\/wp-content\/uploads\/2025\/04\/CLOS-DES-SENTINELLES-scaled-e1735507490876.jpg?fit=970%2C1200&ssl=1&resize=350%2C200","width":350,"height":200,"srcset":"https:\/\/i0.wp.com\/oiseauduparadis.ch\/wp-content\/uploads\/2025\/04\/CLOS-DES-SENTINELLES-scaled-e1735507490876.jpg?fit=970%2C1200&ssl=1&resize=350%2C200 1x, https:\/\/i0.wp.com\/oiseauduparadis.ch\/wp-content\/uploads\/2025\/04\/CLOS-DES-SENTINELLES-scaled-e1735507490876.jpg?fit=970%2C1200&ssl=1&resize=525%2C300 1.5x, https:\/\/i0.wp.com\/oiseauduparadis.ch\/wp-content\/uploads\/2025\/04\/CLOS-DES-SENTINELLES-scaled-e1735507490876.jpg?fit=970%2C1200&ssl=1&resize=700%2C400 2x"},"classes":[]},{"id":1188,"url":"https:\/\/oiseauduparadis.ch\/de\/produkt\/pain-depice-pur-miel\/","url_meta":{"origin":953,"position":4},"title":"Pain d\u2019\u00e9pices Pur miel 250g","author":"Armand Gander","date":"5 Oktober 2021","format":false,"excerpt":"Pain d\u2019\u00c9pices Artisanale au Miel - 250g Savourez notre pain d\u2019\u00e9pices artisanal au miel pur (57%), sans lactose, fabriqu\u00e9 avec soin dans nos ateliers. Sa texture moelleuse et ses \u00e9pices d\u00e9licates de cannelle et d\u2019anis en font une gourmandise parfaite, \u00e0 d\u00e9guster nature, avec du beurre ou du foie gras.\u2026","rel":"","context":"\u00c4hnlicher Beitrag","block_context":{"text":"\u00c4hnlicher Beitrag","link":""},"img":{"alt_text":"","src":"https:\/\/i0.wp.com\/oiseauduparadis.ch\/wp-content\/uploads\/2021\/10\/TRANCHE-PE.jpg?fit=1200%2C1190&ssl=1&resize=350%2C200","width":350,"height":200,"srcset":"https:\/\/i0.wp.com\/oiseauduparadis.ch\/wp-content\/uploads\/2021\/10\/TRANCHE-PE.jpg?fit=1200%2C1190&ssl=1&resize=350%2C200 1x, https:\/\/i0.wp.com\/oiseauduparadis.ch\/wp-content\/uploads\/2021\/10\/TRANCHE-PE.jpg?fit=1200%2C1190&ssl=1&resize=525%2C300 1.5x, https:\/\/i0.wp.com\/oiseauduparadis.ch\/wp-content\/uploads\/2021\/10\/TRANCHE-PE.jpg?fit=1200%2C1190&ssl=1&resize=700%2C400 2x, https:\/\/i0.wp.com\/oiseauduparadis.ch\/wp-content\/uploads\/2021\/10\/TRANCHE-PE.jpg?fit=1200%2C1190&ssl=1&resize=1050%2C600 3x"},"classes":[]},{"id":1259,"url":"https:\/\/oiseauduparadis.ch\/de\/produkt\/le-cousin-miel-250g-cuvee-de-lhexagone\/","url_meta":{"origin":953,"position":5},"title":"Le Miel d&rsquo;Armand &#8211; Cuv\u00e9e de l\u2019Hexagone","author":"Armand Gander","date":"1 Dezember 2022","format":false,"excerpt":"Quand le miel suisse fait une pause, le fran\u00e7ais entre en sc\u00e8ne ! Issu de nos 460 ruches, notre miel de fleurs fran\u00e7aises prend le relais avec la m\u00eame qualit\u00e9 et le m\u00eame amour que notre miel suisse, seul le terroir change (et encore, il est mis en pot \u00e0\u2026","rel":"","context":"\u00c4hnlicher Beitrag","block_context":{"text":"\u00c4hnlicher Beitrag","link":""},"img":{"alt_text":"","src":"https:\/\/i0.wp.com\/oiseauduparadis.ch\/wp-content\/uploads\/2022\/12\/7a0cd501-730f-40d7-9c67-0d0c113b7289_1.jpeg?fit=700%2C700&ssl=1&resize=350%2C200","width":350,"height":200,"srcset":"https:\/\/i0.wp.com\/oiseauduparadis.ch\/wp-content\/uploads\/2022\/12\/7a0cd501-730f-40d7-9c67-0d0c113b7289_1.jpeg?fit=700%2C700&ssl=1&resize=350%2C200 1x, https:\/\/i0.wp.com\/oiseauduparadis.ch\/wp-content\/uploads\/2022\/12\/7a0cd501-730f-40d7-9c67-0d0c113b7289_1.jpeg?fit=700%2C700&ssl=1&resize=525%2C300 1.5x, https:\/\/i0.wp.com\/oiseauduparadis.ch\/wp-content\/uploads\/2022\/12\/7a0cd501-730f-40d7-9c67-0d0c113b7289_1.jpeg?fit=700%2C700&ssl=1&resize=700%2C400 2x"},"classes":[]}],"jetpack_sharing_enabled":true,"_links":{"self":[{"href":"https:\/\/oiseauduparadis.ch\/de\/wp-json\/wp\/v2\/product\/953","targetHints":{"allow":["GET"]}}],"collection":[{"href":"https:\/\/oiseauduparadis.ch\/de\/wp-json\/wp\/v2\/product"}],"about":[{"href":"https:\/\/oiseauduparadis.ch\/de\/wp-json\/wp\/v2\/types\/product"}],"replies":[{"embeddable":true,"href":"https:\/\/oiseauduparadis.ch\/de\/wp-json\/wp\/v2\/comments?post=953"}],"wp:featuredmedia":[{"embeddable":true,"href":"https:\/\/oiseauduparadis.ch\/de\/wp-json\/wp\/v2\/media\/2514"}],"wp:attachment":[{"href":"https:\/\/oiseauduparadis.ch\/de\/wp-json\/wp\/v2\/media?parent=953"}],"wp:term":[{"taxonomy":"product_brand","embeddable":true,"href":"https:\/\/oiseauduparadis.ch\/de\/wp-json\/wp\/v2\/product_brand?post=953"},{"taxonomy":"product_cat","embeddable":true,"href":"https:\/\/oiseauduparadis.ch\/de\/wp-json\/wp\/v2\/product_cat?post=953"},{"taxonomy":"product_tag","embeddable":true,"href":"https:\/\/oiseauduparadis.ch\/de\/wp-json\/wp\/v2\/product_tag?post=953"}],"curies":[{"name":"wp","href":"https:\/\/api.w.org\/{rel}","templated":true}]}}