{"id":954,"date":"2021-01-11T21:30:38","date_gmt":"2021-01-11T20:30:38","guid":{"rendered":"http:\/\/www.oiseauduparadis.ch\/?post_type=product&#038;p=954"},"modified":"2025-11-30T11:34:32","modified_gmt":"2025-11-30T10:34:32","slug":"hydromel-moelleux-immoral-50cl","status":"publish","type":"product","link":"https:\/\/oiseauduparadis.ch\/de\/produkt\/hydromel-moelleux-immoral-50cl\/","title":{"rendered":"Hydromel Clos des Sentinelles Moelleux &#8211; cuv\u00e9e \u00ab\u00a0immoral\u00a0\u00bb, 50cl"},"content":{"rendered":"<p style=\"text-align: center;\"><strong>Immoral : P\u00e9ch\u00e9 de douceur, \u00e9l\u00e9gance sans remords<\/strong><\/p>\n<p>Issu des nectars les plus profonds, suc ador\u00e9 de nos abeilles, se retrouvant ainsi invit\u00e9es, tous les sens en \u00e9veil, \u00e0 la partie subtile qui, au sein du calice, se joue entre pistil et \u00e9tamines.<\/p>\n<p>Cet hydromel divin appelle le d\u00e9sir\u2026 Est-ce Immoral ?<\/p>\n<p>Robe dor\u00e9e, brillante, aux reflets argent\u00e9s. Quel Eclat ! On retrouve au nez, excusez du peu, les fruits \u00e0 chair jaune : mirabelle, p\u00eache de vigne, mangue fraiche, puis \u00e0 chair rouge : griotte et guigne. Bouche dense et profonde, sans lourdeur, finale originale sur l\u2019amande fraiche et le camphre.<\/p>\n<p style=\"text-align: center;\"><strong>Hydromel moelleux 12,5% Vol. &#8211; 50 cl.<\/strong><\/p>\n<p style=\"text-align: center;\"><strong>Cet hydromel se suffit \u00e0 lui-m\u00eame &#8230;<\/strong><\/p>\n<p style=\"text-align: center;\"><strong>Temp\u00e9rature de d\u00e9gustation : 14\u00b0 C.<\/strong><\/p>\n<p style=\"text-align: center;\"><strong>Miel de Toutes Fleurs<\/strong><\/p>\n<p style=\"text-align: center;\"><em>L\u2019abus d\u2019alcool est dangereux pour la sant\u00e9, \u00e0 consommer avec mod\u00e9ration.<\/em><\/p>","protected":false},"excerpt":{"rendered":"<p style=\"text-align: center;\"><strong data-start=\"251\" data-end=\"295\">P\u00e9ch\u00e9 de douceur. \u00c9l\u00e9gance sans remords.<\/strong><\/p>\n<p style=\"text-align: left;\">N\u00e9 du nectar des fleurs, \u00e9lev\u00e9 par nos abeilles, ce breuvage dor\u00e9 trouble les sens et flatte le palais.<\/p>\n<p style=\"text-align: left;\">Entre mirabelle et mangue, griotte et guigne\u2026 chaque gorg\u00e9e fr\u00f4le l\u2019interdit.<\/p>\n<p style=\"text-align: left;\">Dense, raffin\u00e9, sans lourdeur, il s\u2019offre sans excuse \u2014 et surtout sans mod\u00e9ration morale.<\/p>\n<p style=\"text-align: center;\"><strong data-start=\"577\" data-end=\"641\">Est-ce immoral d\u2019aimer autant ? Peut-\u00eatre. Mais quel d\u00e9lice.<\/strong><\/p>","protected":false},"featured_media":2513,"comment_status":"closed","ping_status":"closed","template":"","meta":{"jetpack_publicize_message":"","jetpack_publicize_feature_enabled":true,"jetpack_social_post_already_shared":false,"jetpack_social_options":{"image_generator_settings":{"template":"highway","default_image_id":0,"font":"","enabled":false},"version":2}},"product_brand":[],"product_cat":[24],"product_tag":[],"class_list":{"0":"post-954","1":"product","2":"type-product","3":"status-publish","4":"has-post-thumbnail","6":"product_cat-les-breuvages-darmand","7":"product_shipping_class-breuvages","9":"first","10":"outofstock","11":"taxable","12":"shipping-taxable","13":"purchasable","14":"product-type-simple"},"jetpack_publicize_connections":[],"jetpack-related-posts":[{"id":953,"url":"https:\/\/oiseauduparadis.ch\/de\/produkt\/hydromel-clos-des-sentinelles-moelleux-image-inee\/","url_meta":{"origin":954,"position":0},"title":"Hydromel Clos Des Sentinelles Moelleux \u2013 Cuv\u00e9e \u00ab\u00a0Image inn\u00e9e\u00a0\u00bb, 75cl","author":"Armand Gander","date":"11 Januar 2021","format":false,"excerpt":"Hydromel Moelleux \u2013 Cuv\u00e9e \"Image inn\u00e9e\" Un r\u00eave liquoreux aux parfums de fleurs et d\u2019\u00e9pices. D\u00e9licat, pur et d\u00e9salt\u00e9rant, il marie le miel au divin pour \u00e9veiller les sens. Floral, balsamique, tactile \u2013 un voyage gustatif entre lavande, garrigue et for\u00eat. \u00c0 savourer avec foie gras, fruits de mer ou\u2026","rel":"","context":"\u00c4hnlicher Beitrag","block_context":{"text":"\u00c4hnlicher Beitrag","link":""},"img":{"alt_text":"","src":"https:\/\/i0.wp.com\/oiseauduparadis.ch\/wp-content\/uploads\/2021\/01\/image-innee.jpg?fit=452%2C452&ssl=1&resize=350%2C200","width":350,"height":200},"classes":[]},{"id":951,"url":"https:\/\/oiseauduparadis.ch\/de\/produkt\/hydromel-clos-des-sentinelles-demi-sec-immuable-75cl\/","url_meta":{"origin":954,"position":1},"title":"Hydromel Clos Des Sentinelles Moelleux, cuv\u00e9e \u00ab\u00a0immuable\u00a0\u00bb, 75cl","author":"Armand Gander","date":"11 Januar 2021","format":false,"excerpt":"Hydromel Moelleux \u2013 Cuv\u00e9e \"Immuable\" Un hommage liquide aux festins des dieux, revisit\u00e9 avec \u00e9l\u00e9gance. Floral, fruit\u00e9, subtilement \u00e9pic\u00e9, il traverse les \u00e2ges avec modernit\u00e9. \u00c0 d\u00e9guster avec des fromages affin\u00e9s ou un sorbet \u00e0 la lavande. Intemporel. Raffin\u00e9. Inoubliable.","rel":"","context":"\u00c4hnlicher Beitrag","block_context":{"text":"\u00c4hnlicher Beitrag","link":""},"img":{"alt_text":"","src":"https:\/\/i0.wp.com\/oiseauduparadis.ch\/wp-content\/uploads\/2021\/01\/12292.png?fit=567%2C728&ssl=1&resize=350%2C200","width":350,"height":200,"srcset":"https:\/\/i0.wp.com\/oiseauduparadis.ch\/wp-content\/uploads\/2021\/01\/12292.png?fit=567%2C728&ssl=1&resize=350%2C200 1x, https:\/\/i0.wp.com\/oiseauduparadis.ch\/wp-content\/uploads\/2021\/01\/12292.png?fit=567%2C728&ssl=1&resize=525%2C300 1.5x"},"classes":[]},{"id":952,"url":"https:\/\/oiseauduparadis.ch\/de\/produkt\/hydromel-clos-des-sentinelles-moelleux-elixir-de-dragon-75cl\/","url_meta":{"origin":954,"position":2},"title":"Hydromel Clos Des Sentinelles L\u2019\u00c9lixir de Dragon, un hydromel de L\u00e9gende, 75cl","author":"Armand Gander","date":"11 Januar 2021","format":false,"excerpt":"L\u2019\u00c9lixir de Dragon est un hydromel moelleux d\u2019exception, n\u00e9 du savoir-faire d\u2019Alexandre Sintes \u00e0 Viols-le-Fort. Sa robe ambr\u00e9e, son nez gourmand de tarte tatin, de caramel et de mangue m\u00fbre, et sa bouche charnue en font une cuv\u00e9e raffin\u00e9e, parfaitement \u00e9quilibr\u00e9e entre douceur et fra\u00eecheur. Id\u00e9al \u00e0 l\u2019ap\u00e9ritif ou en\u2026","rel":"","context":"\u00c4hnlicher Beitrag","block_context":{"text":"\u00c4hnlicher Beitrag","link":""},"img":{"alt_text":"","src":"https:\/\/i0.wp.com\/oiseauduparadis.ch\/wp-content\/uploads\/2021\/01\/Illustration-dragon-avec-grotte-1024x734-1.jpg?fit=1024%2C734&ssl=1&resize=350%2C200","width":350,"height":200,"srcset":"https:\/\/i0.wp.com\/oiseauduparadis.ch\/wp-content\/uploads\/2021\/01\/Illustration-dragon-avec-grotte-1024x734-1.jpg?fit=1024%2C734&ssl=1&resize=350%2C200 1x, https:\/\/i0.wp.com\/oiseauduparadis.ch\/wp-content\/uploads\/2021\/01\/Illustration-dragon-avec-grotte-1024x734-1.jpg?fit=1024%2C734&ssl=1&resize=525%2C300 1.5x, https:\/\/i0.wp.com\/oiseauduparadis.ch\/wp-content\/uploads\/2021\/01\/Illustration-dragon-avec-grotte-1024x734-1.jpg?fit=1024%2C734&ssl=1&resize=700%2C400 2x"},"classes":[]},{"id":2581,"url":"https:\/\/oiseauduparadis.ch\/de\/produkt\/hydromel-clos-des-sentinelles-petillant-cuvee-impertinent-75cl\/","url_meta":{"origin":954,"position":3},"title":"Hydromel Clos Des Sentinelles P\u00e9tillant, cuv\u00e9e \u00ab\u00a0impertinent\u00a0\u00bb, 75cl","author":"Armand Gander","date":"10 April 2025","format":false,"excerpt":"Impertinent \u2013 L\u2019hydromel qui p\u00e9tille d\u2019audace ! Un apiculteur a eu une id\u00e9e un peu folle : faire buller le miel. R\u00e9sultat ? Un nectar effervescent, 100 % nature et 200 % style. \u00c0 boire frais, avec des potes\u2026 ou des poulpes (oui, \u00e7a marche avec la tielle s\u00e9toise).","rel":"","context":"\u00c4hnlicher Beitrag","block_context":{"text":"\u00c4hnlicher Beitrag","link":""},"img":{"alt_text":"","src":"https:\/\/i0.wp.com\/oiseauduparadis.ch\/wp-content\/uploads\/2025\/04\/CLOS-DES-SENTINELLES-scaled-e1735507490876.jpg?fit=970%2C1200&ssl=1&resize=350%2C200","width":350,"height":200,"srcset":"https:\/\/i0.wp.com\/oiseauduparadis.ch\/wp-content\/uploads\/2025\/04\/CLOS-DES-SENTINELLES-scaled-e1735507490876.jpg?fit=970%2C1200&ssl=1&resize=350%2C200 1x, https:\/\/i0.wp.com\/oiseauduparadis.ch\/wp-content\/uploads\/2025\/04\/CLOS-DES-SENTINELLES-scaled-e1735507490876.jpg?fit=970%2C1200&ssl=1&resize=525%2C300 1.5x, https:\/\/i0.wp.com\/oiseauduparadis.ch\/wp-content\/uploads\/2025\/04\/CLOS-DES-SENTINELLES-scaled-e1735507490876.jpg?fit=970%2C1200&ssl=1&resize=700%2C400 2x"},"classes":[]},{"id":959,"url":"https:\/\/oiseauduparadis.ch\/de\/produkt\/miel-aas-250g\/","url_meta":{"origin":954,"position":4},"title":"Les 2 AA &#8211; Miel de Ch\u00e2tel-St-Denis","author":"Armand Gander","date":"16 Januar 2021","format":false,"excerpt":"Les 2 AA \u2013 Du miel, de l\u2019amiti\u00e9 et beaucoup d\u2019amour ! Armand et Alexandre, deux apiculteurs ins\u00e9parables\u2026 et nos abeilles, des coll\u00e8gues infatigables ! Ensemble, on fabrique un miel aussi doux que notre amiti\u00e9 et aussi dor\u00e9 que nos fous rires. 100% naturel, 100% artisanal et 200% bon \u2013\u2026","rel":"","context":"\u00c4hnlicher Beitrag","block_context":{"text":"\u00c4hnlicher Beitrag","link":""},"img":{"alt_text":"","src":"https:\/\/i0.wp.com\/oiseauduparadis.ch\/wp-content\/uploads\/2023\/10\/honey-jar-beehives-meadow-springtime.webp?fit=1200%2C800&ssl=1&resize=350%2C200","width":350,"height":200,"srcset":"https:\/\/i0.wp.com\/oiseauduparadis.ch\/wp-content\/uploads\/2023\/10\/honey-jar-beehives-meadow-springtime.webp?fit=1200%2C800&ssl=1&resize=350%2C200 1x, https:\/\/i0.wp.com\/oiseauduparadis.ch\/wp-content\/uploads\/2023\/10\/honey-jar-beehives-meadow-springtime.webp?fit=1200%2C800&ssl=1&resize=525%2C300 1.5x, https:\/\/i0.wp.com\/oiseauduparadis.ch\/wp-content\/uploads\/2023\/10\/honey-jar-beehives-meadow-springtime.webp?fit=1200%2C800&ssl=1&resize=700%2C400 2x, https:\/\/i0.wp.com\/oiseauduparadis.ch\/wp-content\/uploads\/2023\/10\/honey-jar-beehives-meadow-springtime.webp?fit=1200%2C800&ssl=1&resize=1050%2C600 3x"},"classes":[]},{"id":1188,"url":"https:\/\/oiseauduparadis.ch\/de\/produkt\/pain-depice-pur-miel\/","url_meta":{"origin":954,"position":5},"title":"Pain d\u2019\u00e9pices Pur miel 250g","author":"Armand Gander","date":"5 Oktober 2021","format":false,"excerpt":"Pain d\u2019\u00c9pices Artisanale au Miel - 250g Savourez notre pain d\u2019\u00e9pices artisanal au miel pur (57%), sans lactose, fabriqu\u00e9 avec soin dans nos ateliers. Sa texture moelleuse et ses \u00e9pices d\u00e9licates de cannelle et d\u2019anis en font une gourmandise parfaite, \u00e0 d\u00e9guster nature, avec du beurre ou du foie gras.\u2026","rel":"","context":"\u00c4hnlicher Beitrag","block_context":{"text":"\u00c4hnlicher Beitrag","link":""},"img":{"alt_text":"","src":"https:\/\/i0.wp.com\/oiseauduparadis.ch\/wp-content\/uploads\/2021\/10\/TRANCHE-PE.jpg?fit=1200%2C1190&ssl=1&resize=350%2C200","width":350,"height":200,"srcset":"https:\/\/i0.wp.com\/oiseauduparadis.ch\/wp-content\/uploads\/2021\/10\/TRANCHE-PE.jpg?fit=1200%2C1190&ssl=1&resize=350%2C200 1x, https:\/\/i0.wp.com\/oiseauduparadis.ch\/wp-content\/uploads\/2021\/10\/TRANCHE-PE.jpg?fit=1200%2C1190&ssl=1&resize=525%2C300 1.5x, https:\/\/i0.wp.com\/oiseauduparadis.ch\/wp-content\/uploads\/2021\/10\/TRANCHE-PE.jpg?fit=1200%2C1190&ssl=1&resize=700%2C400 2x, https:\/\/i0.wp.com\/oiseauduparadis.ch\/wp-content\/uploads\/2021\/10\/TRANCHE-PE.jpg?fit=1200%2C1190&ssl=1&resize=1050%2C600 3x"},"classes":[]}],"jetpack_sharing_enabled":true,"_links":{"self":[{"href":"https:\/\/oiseauduparadis.ch\/de\/wp-json\/wp\/v2\/product\/954","targetHints":{"allow":["GET"]}}],"collection":[{"href":"https:\/\/oiseauduparadis.ch\/de\/wp-json\/wp\/v2\/product"}],"about":[{"href":"https:\/\/oiseauduparadis.ch\/de\/wp-json\/wp\/v2\/types\/product"}],"replies":[{"embeddable":true,"href":"https:\/\/oiseauduparadis.ch\/de\/wp-json\/wp\/v2\/comments?post=954"}],"wp:featuredmedia":[{"embeddable":true,"href":"https:\/\/oiseauduparadis.ch\/de\/wp-json\/wp\/v2\/media\/2513"}],"wp:attachment":[{"href":"https:\/\/oiseauduparadis.ch\/de\/wp-json\/wp\/v2\/media?parent=954"}],"wp:term":[{"taxonomy":"product_brand","embeddable":true,"href":"https:\/\/oiseauduparadis.ch\/de\/wp-json\/wp\/v2\/product_brand?post=954"},{"taxonomy":"product_cat","embeddable":true,"href":"https:\/\/oiseauduparadis.ch\/de\/wp-json\/wp\/v2\/product_cat?post=954"},{"taxonomy":"product_tag","embeddable":true,"href":"https:\/\/oiseauduparadis.ch\/de\/wp-json\/wp\/v2\/product_tag?post=954"}],"curies":[{"name":"wp","href":"https:\/\/api.w.org\/{rel}","templated":true}]}}