{"id":963,"date":"2021-01-11T22:12:28","date_gmt":"2021-01-11T21:12:28","guid":{"rendered":"http:\/\/www.oiseauduparadis.ch\/?post_type=product&#038;p=963"},"modified":"2026-03-17T16:27:57","modified_gmt":"2026-03-17T15:27:57","slug":"pates-dor-propolis-200g","status":"publish","type":"product","link":"https:\/\/oiseauduparadis.ch\/de\/produkt\/pates-dor-propolis-200g\/","title":{"rendered":"P\u00e2tes d&rsquo;or Propolis &#8211; 20% de miel &#8211; 200g"},"content":{"rendered":"<p><strong>P\u00e2te d\u2019Or au Miel et Propolis &#8211; 200g<\/strong><\/p>\n<p>D\u00e9couvrez <strong>la p\u00e2te d\u2019or<\/strong>, une de nos sp\u00e9cialit\u00e9s artisanales, qui combine le meilleur du <strong>miel<\/strong> et de la <strong>propolis<\/strong> dans une texture d\u00e9licate et fondante. R\u00e9alis\u00e9e avec soin, cette p\u00e2te est \u00e9labor\u00e9e \u00e0 partir de <strong>pectine de pomme<\/strong> et de <strong>miel<\/strong>, ce qui lui conf\u00e8re une consistance agr\u00e9able, parfaite pour vos moments gourmands. D\u00e9coup\u00e9e \u00e0 la main, chaque morceau est une petite merveille de douceur, offrant \u00e0 la fois la richesse des saveurs naturelles et les bienfaits exceptionnels de la <strong>propolis<\/strong>.<\/p>\n<p>La p\u00e2te d\u2019or n\u2019est pas seulement une gourmandise, mais un v\u00e9ritable concentr\u00e9 de bienfaits. Enrichie avec <strong>2,5% de propolis<\/strong>, elle profite des propri\u00e9t\u00e9s apaisantes et protectrices de cette substance naturelle. La <strong>propolis<\/strong>, souvent utilis\u00e9e pour ses vertus sur le syst\u00e8me immunitaire et la gorge, se marie ici parfaitement avec la douceur du miel pour vous offrir une exp\u00e9rience unique. Vous serez surpris de d\u00e9couvrir les multiples vertus de la propolis, un ingr\u00e9dient naturel qui fait toute la diff\u00e9rence.<\/p>\n<p><strong>Conditionnement<\/strong> : Paquet de 200g.<br \/>\n<strong>Ingr\u00e9dients<\/strong> : Sucre, sirop de glucose, 20% miel, pectine, 2.5% propolis, acide citrique.<\/p>","protected":false},"excerpt":{"rendered":"<p>Savourez notre <strong>p\u00e2te d\u2019or artisanale<\/strong>, r\u00e9alis\u00e9e \u00e0 partir de <strong>miel<\/strong> et <strong>propolis<\/strong> pour un go\u00fbt unique et des bienfaits naturels. Avec 20% de miel et 2,5% de propolis, cette p\u00e2te est d\u00e9licatement d\u00e9coup\u00e9e \u00e0 la main et offre une texture fondante. Parfaite pour allier plaisir et bien-\u00eatre.<br \/>\n<strong>Conditionnement<\/strong> : Paquet de 200g.<\/p>","protected":false},"featured_media":978,"comment_status":"closed","ping_status":"closed","template":"","meta":{"jetpack_publicize_message":"","jetpack_publicize_feature_enabled":true,"jetpack_social_post_already_shared":false,"jetpack_social_options":{"image_generator_settings":{"template":"highway","default_image_id":0,"font":"","enabled":false},"version":2}},"product_brand":[],"product_cat":[68],"product_tag":[],"class_list":{"0":"post-963","1":"product","2":"type-product","3":"status-publish","4":"has-post-thumbnail","6":"product_cat-les-ruches-darmand","7":"product_shipping_class-ruches-darmand","9":"first","10":"instock","11":"purchasable","12":"product-type-simple"},"jetpack_publicize_connections":[],"jetpack-related-posts":[{"id":962,"url":"https:\/\/oiseauduparadis.ch\/de\/produkt\/pastilles-au-miel-ovales-200g\/","url_meta":{"origin":963,"position":0},"title":"Pastilles ovales 20% de miel, 200g","author":"Armand Gander","date":"16 Januar 2021","format":false,"excerpt":"Pastilles au Miel - 200g Savourez nos pastilles au miel (20%), en forme ovale et orn\u00e9es d\u2019une abeille, pour adoucir votre gorge et satisfaire vos envies sucr\u00e9es. Ces bonbons d\u00e9licieux sont parfaits pour des instants gourmands \u00e0 tout moment de la journ\u00e9e. Conditionnement : Paquet de 200g.","rel":"","context":"\u00c4hnlicher Beitrag","block_context":{"text":"\u00c4hnlicher Beitrag","link":""},"img":{"alt_text":"","src":"https:\/\/i0.wp.com\/oiseauduparadis.ch\/wp-content\/uploads\/2021\/01\/10100_PASTILLE_PM_RONDE.jpg?fit=800%2C630&ssl=1&resize=350%2C200","width":350,"height":200,"srcset":"https:\/\/i0.wp.com\/oiseauduparadis.ch\/wp-content\/uploads\/2021\/01\/10100_PASTILLE_PM_RONDE.jpg?fit=800%2C630&ssl=1&resize=350%2C200 1x, https:\/\/i0.wp.com\/oiseauduparadis.ch\/wp-content\/uploads\/2021\/01\/10100_PASTILLE_PM_RONDE.jpg?fit=800%2C630&ssl=1&resize=525%2C300 1.5x, https:\/\/i0.wp.com\/oiseauduparadis.ch\/wp-content\/uploads\/2021\/01\/10100_PASTILLE_PM_RONDE.jpg?fit=800%2C630&ssl=1&resize=700%2C400 2x"},"classes":[]},{"id":949,"url":"https:\/\/oiseauduparadis.ch\/de\/produkt\/noisymiel-240g\/","url_meta":{"origin":963,"position":1},"title":"Noisy\u2019Miel &#8211; 240g","author":"Armand Gander","date":"11 Januar 2021","format":false,"excerpt":"Noisy\u2019Miel \u2013 Miel & Noisettes, rien de plus. Fabriqu\u00e9 \u00e0 Ch\u00e2tel-St-Denis par Armand, notre apiculteur-p\u00e2tissier passionn\u00e9. 100% naturel. 0% culpabilit\u00e9. 240g de pur bonheur \u00e0 tartiner (ou d\u00e9vorer \u00e0 la cuill\u00e8re). Fait maison. Fait simple. Fait fondre. Peut provoquer une addiction douce et naturelle.","rel":"","context":"\u00c4hnlicher Beitrag","block_context":{"text":"\u00c4hnlicher Beitrag","link":""},"img":{"alt_text":"","src":"https:\/\/i0.wp.com\/oiseauduparadis.ch\/wp-content\/uploads\/2021\/01\/39712749.webp?fit=750%2C500&ssl=1&resize=350%2C200","width":350,"height":200,"srcset":"https:\/\/i0.wp.com\/oiseauduparadis.ch\/wp-content\/uploads\/2021\/01\/39712749.webp?fit=750%2C500&ssl=1&resize=350%2C200 1x, https:\/\/i0.wp.com\/oiseauduparadis.ch\/wp-content\/uploads\/2021\/01\/39712749.webp?fit=750%2C500&ssl=1&resize=525%2C300 1.5x, https:\/\/i0.wp.com\/oiseauduparadis.ch\/wp-content\/uploads\/2021\/01\/39712749.webp?fit=750%2C500&ssl=1&resize=700%2C400 2x"},"classes":[]},{"id":965,"url":"https:\/\/oiseauduparadis.ch\/de\/produkt\/sucette-au-miel-15g\/","url_meta":{"origin":963,"position":2},"title":"Sucette au miel 15g","author":"Armand Gander","date":"11 Januar 2021","format":false,"excerpt":"Sucette au Miel - 15g Savourez notre sucette au miel \u00e0 15% de miel, parfaite pour une pause sucr\u00e9e. Son b\u00e2ton en bois assure une dur\u00e9e de vie prolong\u00e9e, et son format de 15g est id\u00e9al pour un moment de douceur \u00e0 emporter. Conditionnement : \u00c0 l\u2019unit\u00e9, 15g.","rel":"","context":"\u00c4hnlicher Beitrag","block_context":{"text":"\u00c4hnlicher Beitrag","link":""},"img":{"alt_text":"","src":"","width":0,"height":0},"classes":[]},{"id":1406,"url":"https:\/\/oiseauduparadis.ch\/de\/produkt\/plaque-nougat-miel\/","url_meta":{"origin":963,"position":3},"title":"Plaque de nougat blanc au miel 100g","author":"Armand Gander","date":"4 Oktober 2023","format":false,"excerpt":"La Plaque de Nougat Blanc au miel combine des amandes blanchies, pour une touche originale et subtile. Sa texture souple et le parfum d\u00e9licat de vanille viennent rehausser le go\u00fbt du miel, offrant une douceur gourmande et fondante. Un d\u00e9lice \u00e0 savourer seul ou \u00e0 partager. Ingr\u00e9dients : Sucre, AMANDES\u2026","rel":"","context":"\u00c4hnlicher Beitrag","block_context":{"text":"\u00c4hnlicher Beitrag","link":""},"img":{"alt_text":"","src":"https:\/\/i0.wp.com\/oiseauduparadis.ch\/wp-content\/uploads\/2023\/10\/Nougat-bars-Vital-Almond-540x406-1.jpg?fit=540%2C406&ssl=1&resize=350%2C200","width":350,"height":200,"srcset":"https:\/\/i0.wp.com\/oiseauduparadis.ch\/wp-content\/uploads\/2023\/10\/Nougat-bars-Vital-Almond-540x406-1.jpg?fit=540%2C406&ssl=1&resize=350%2C200 1x, https:\/\/i0.wp.com\/oiseauduparadis.ch\/wp-content\/uploads\/2023\/10\/Nougat-bars-Vital-Almond-540x406-1.jpg?fit=540%2C406&ssl=1&resize=525%2C300 1.5x"},"classes":[]},{"id":1058,"url":"https:\/\/oiseauduparadis.ch\/de\/produkt\/paquet-de-5-sucettes-au-miel\/","url_meta":{"origin":963,"position":4},"title":"Paquet de 5 Sucettes au miel","author":"Armand Gander","date":"15 M\u00e4rz 2021","format":false,"excerpt":"Savourez nos sucettes au miel (15%), avec un b\u00e2ton en bois pour plus de confort et une dur\u00e9e de vie prolong\u00e9e. Pr\u00e9par\u00e9es avec amour, elles offrent une douceur naturelle et sucr\u00e9e. Pratique, le paquet refermable contient 5 sucettes \u00e0 d\u00e9guster \u00e0 tout moment.","rel":"","context":"\u00c4hnlicher Beitrag","block_context":{"text":"\u00c4hnlicher Beitrag","link":""},"img":{"alt_text":"","src":"https:\/\/i0.wp.com\/oiseauduparadis.ch\/wp-content\/uploads\/2021\/03\/1694615096745737758900047275150-scaled-e1694615199185.jpg?fit=797%2C1200&ssl=1&resize=350%2C200","width":350,"height":200,"srcset":"https:\/\/i0.wp.com\/oiseauduparadis.ch\/wp-content\/uploads\/2021\/03\/1694615096745737758900047275150-scaled-e1694615199185.jpg?fit=797%2C1200&ssl=1&resize=350%2C200 1x, https:\/\/i0.wp.com\/oiseauduparadis.ch\/wp-content\/uploads\/2021\/03\/1694615096745737758900047275150-scaled-e1694615199185.jpg?fit=797%2C1200&ssl=1&resize=525%2C300 1.5x, https:\/\/i0.wp.com\/oiseauduparadis.ch\/wp-content\/uploads\/2021\/03\/1694615096745737758900047275150-scaled-e1694615199185.jpg?fit=797%2C1200&ssl=1&resize=700%2C400 2x"},"classes":[]},{"id":1259,"url":"https:\/\/oiseauduparadis.ch\/de\/produkt\/le-cousin-miel-250g-cuvee-de-lhexagone\/","url_meta":{"origin":963,"position":5},"title":"Le Miel d&rsquo;Armand &#8211; Cuv\u00e9e de l\u2019Hexagone","author":"Armand Gander","date":"1 Dezember 2022","format":false,"excerpt":"Quand le miel suisse fait une pause, le fran\u00e7ais entre en sc\u00e8ne ! Issu de nos 460 ruches, notre miel de fleurs fran\u00e7aises prend le relais avec la m\u00eame qualit\u00e9 et le m\u00eame amour que notre miel suisse, seul le terroir change (et encore, il est mis en pot \u00e0\u2026","rel":"","context":"\u00c4hnlicher Beitrag","block_context":{"text":"\u00c4hnlicher Beitrag","link":""},"img":{"alt_text":"","src":"https:\/\/i0.wp.com\/oiseauduparadis.ch\/wp-content\/uploads\/2022\/12\/7a0cd501-730f-40d7-9c67-0d0c113b7289_1.jpeg?fit=700%2C700&ssl=1&resize=350%2C200","width":350,"height":200,"srcset":"https:\/\/i0.wp.com\/oiseauduparadis.ch\/wp-content\/uploads\/2022\/12\/7a0cd501-730f-40d7-9c67-0d0c113b7289_1.jpeg?fit=700%2C700&ssl=1&resize=350%2C200 1x, https:\/\/i0.wp.com\/oiseauduparadis.ch\/wp-content\/uploads\/2022\/12\/7a0cd501-730f-40d7-9c67-0d0c113b7289_1.jpeg?fit=700%2C700&ssl=1&resize=525%2C300 1.5x, https:\/\/i0.wp.com\/oiseauduparadis.ch\/wp-content\/uploads\/2022\/12\/7a0cd501-730f-40d7-9c67-0d0c113b7289_1.jpeg?fit=700%2C700&ssl=1&resize=700%2C400 2x"},"classes":[]}],"jetpack_sharing_enabled":true,"_links":{"self":[{"href":"https:\/\/oiseauduparadis.ch\/de\/wp-json\/wp\/v2\/product\/963","targetHints":{"allow":["GET"]}}],"collection":[{"href":"https:\/\/oiseauduparadis.ch\/de\/wp-json\/wp\/v2\/product"}],"about":[{"href":"https:\/\/oiseauduparadis.ch\/de\/wp-json\/wp\/v2\/types\/product"}],"replies":[{"embeddable":true,"href":"https:\/\/oiseauduparadis.ch\/de\/wp-json\/wp\/v2\/comments?post=963"}],"wp:featuredmedia":[{"embeddable":true,"href":"https:\/\/oiseauduparadis.ch\/de\/wp-json\/wp\/v2\/media\/978"}],"wp:attachment":[{"href":"https:\/\/oiseauduparadis.ch\/de\/wp-json\/wp\/v2\/media?parent=963"}],"wp:term":[{"taxonomy":"product_brand","embeddable":true,"href":"https:\/\/oiseauduparadis.ch\/de\/wp-json\/wp\/v2\/product_brand?post=963"},{"taxonomy":"product_cat","embeddable":true,"href":"https:\/\/oiseauduparadis.ch\/de\/wp-json\/wp\/v2\/product_cat?post=963"},{"taxonomy":"product_tag","embeddable":true,"href":"https:\/\/oiseauduparadis.ch\/de\/wp-json\/wp\/v2\/product_tag?post=963"}],"curies":[{"name":"wp","href":"https:\/\/api.w.org\/{rel}","templated":true}]}}