{"id":965,"date":"2021-01-11T22:15:24","date_gmt":"2021-01-11T21:15:24","guid":{"rendered":"http:\/\/www.oiseauduparadis.ch\/?post_type=product&#038;p=965"},"modified":"2026-02-09T14:58:04","modified_gmt":"2026-02-09T13:58:04","slug":"sucette-au-miel-15g","status":"publish","type":"product","link":"https:\/\/oiseauduparadis.ch\/de\/produkt\/sucette-au-miel-15g\/","title":{"rendered":"Sucette au miel 15g"},"content":{"rendered":"<p><strong>Sucette au Miel &#8211; 15g<\/strong><\/p>\n<p>Offrez-vous un moment de douceur avec notre <strong>sucette au miel<\/strong>, un petit plaisir sucr\u00e9 \u00e0 savourer \u00e0 tout moment de la journ\u00e9e. Chaque sucette est fabriqu\u00e9e \u00e0 partir de <strong>15% de miel<\/strong> pour une touche naturelle et d\u00e9licate qui ravira vos papilles. Gr\u00e2ce \u00e0 son <strong>b\u00e2ton en bois<\/strong>, cette sucette est non seulement pratique \u00e0 d\u00e9guster, mais \u00e9galement con\u00e7ue pour durer plus longtemps, vous permettant de profiter de sa douceur sans vous presser.<\/p>\n<p>Le m\u00e9lange de <strong>sucre<\/strong> et de <strong>sirop de glucose<\/strong> cr\u00e9e une texture lisse et fondante, id\u00e9ale pour un petit go\u00fbter ou pour apaiser la gorge. Le format <strong>15g<\/strong> est parfait pour une consommation individuelle, tout en \u00e9tant facile \u00e0 emporter dans votre sac. Une touche de miel pour apporter une note naturelle et r\u00e9confortante \u00e0 vos pauses sucr\u00e9es !<\/p>\n<p><strong>Ingr\u00e9dients<\/strong> : Sucre, sirop de glucose, 15% miel.<br \/>\n<strong>Conditionnement<\/strong> : \u00c0 l\u2019unit\u00e9, 15g.<\/p>","protected":false},"excerpt":{"rendered":"<p><strong>Sucette au Miel &#8211; 15g<\/strong><\/p>\n<p>Savourez notre <strong>sucette au miel<\/strong> \u00e0 15% de miel, parfaite pour une pause sucr\u00e9e. Son <strong>b\u00e2ton en bois<\/strong> assure une dur\u00e9e de vie prolong\u00e9e, et son format de <strong>15g<\/strong> est id\u00e9al pour un moment de douceur \u00e0 emporter.<br \/>\n<strong>Conditionnement<\/strong> : \u00c0 l\u2019unit\u00e9, 15g.<\/p>","protected":false},"featured_media":976,"comment_status":"closed","ping_status":"closed","template":"","meta":{"jetpack_publicize_message":"","jetpack_publicize_feature_enabled":true,"jetpack_social_post_already_shared":false,"jetpack_social_options":{"image_generator_settings":{"template":"highway","default_image_id":0,"font":"","enabled":false},"version":2}},"product_brand":[],"product_cat":[68],"product_tag":[],"class_list":{"0":"post-965","1":"product","2":"type-product","3":"status-publish","4":"has-post-thumbnail","6":"product_cat-les-ruches-darmand","7":"product_shipping_class-ruches-darmand","9":"first","10":"instock","11":"taxable","12":"shipping-taxable","13":"purchasable","14":"product-type-simple"},"jetpack_publicize_connections":[],"jetpack-related-posts":[{"id":1058,"url":"https:\/\/oiseauduparadis.ch\/de\/produkt\/paquet-de-5-sucettes-au-miel\/","url_meta":{"origin":965,"position":0},"title":"Paquet de 5 Sucettes au miel","author":"Armand Gander","date":"15 M\u00e4rz 2021","format":false,"excerpt":"Savourez nos sucettes au miel (15%), avec un b\u00e2ton en bois pour plus de confort et une dur\u00e9e de vie prolong\u00e9e. Pr\u00e9par\u00e9es avec amour, elles offrent une douceur naturelle et sucr\u00e9e. Pratique, le paquet refermable contient 5 sucettes \u00e0 d\u00e9guster \u00e0 tout moment.","rel":"","context":"\u00c4hnlicher Beitrag","block_context":{"text":"\u00c4hnlicher Beitrag","link":""},"img":{"alt_text":"","src":"https:\/\/i0.wp.com\/oiseauduparadis.ch\/wp-content\/uploads\/2021\/03\/1694615096745737758900047275150-scaled-e1694615199185.jpg?fit=797%2C1200&ssl=1&resize=350%2C200","width":350,"height":200,"srcset":"https:\/\/i0.wp.com\/oiseauduparadis.ch\/wp-content\/uploads\/2021\/03\/1694615096745737758900047275150-scaled-e1694615199185.jpg?fit=797%2C1200&ssl=1&resize=350%2C200 1x, https:\/\/i0.wp.com\/oiseauduparadis.ch\/wp-content\/uploads\/2021\/03\/1694615096745737758900047275150-scaled-e1694615199185.jpg?fit=797%2C1200&ssl=1&resize=525%2C300 1.5x, https:\/\/i0.wp.com\/oiseauduparadis.ch\/wp-content\/uploads\/2021\/03\/1694615096745737758900047275150-scaled-e1694615199185.jpg?fit=797%2C1200&ssl=1&resize=700%2C400 2x"},"classes":[]},{"id":962,"url":"https:\/\/oiseauduparadis.ch\/de\/produkt\/pastilles-au-miel-ovales-200g\/","url_meta":{"origin":965,"position":1},"title":"Pastilles ovales 20% de miel, 200g","author":"Armand Gander","date":"16 Januar 2021","format":false,"excerpt":"Pastilles au Miel - 200g Savourez nos pastilles au miel (20%), en forme ovale et orn\u00e9es d\u2019une abeille, pour adoucir votre gorge et satisfaire vos envies sucr\u00e9es. Ces bonbons d\u00e9licieux sont parfaits pour des instants gourmands \u00e0 tout moment de la journ\u00e9e. Conditionnement : Paquet de 200g.","rel":"","context":"\u00c4hnlicher Beitrag","block_context":{"text":"\u00c4hnlicher Beitrag","link":""},"img":{"alt_text":"","src":"https:\/\/i0.wp.com\/oiseauduparadis.ch\/wp-content\/uploads\/2021\/01\/10100_PASTILLE_PM_RONDE.jpg?fit=800%2C630&ssl=1&resize=350%2C200","width":350,"height":200,"srcset":"https:\/\/i0.wp.com\/oiseauduparadis.ch\/wp-content\/uploads\/2021\/01\/10100_PASTILLE_PM_RONDE.jpg?fit=800%2C630&ssl=1&resize=350%2C200 1x, https:\/\/i0.wp.com\/oiseauduparadis.ch\/wp-content\/uploads\/2021\/01\/10100_PASTILLE_PM_RONDE.jpg?fit=800%2C630&ssl=1&resize=525%2C300 1.5x, https:\/\/i0.wp.com\/oiseauduparadis.ch\/wp-content\/uploads\/2021\/01\/10100_PASTILLE_PM_RONDE.jpg?fit=800%2C630&ssl=1&resize=700%2C400 2x"},"classes":[]},{"id":1406,"url":"https:\/\/oiseauduparadis.ch\/de\/produkt\/plaque-nougat-miel\/","url_meta":{"origin":965,"position":2},"title":"Plaque de nougat blanc au miel 100g","author":"Armand Gander","date":"4 Oktober 2023","format":false,"excerpt":"La Plaque de Nougat Blanc au miel combine des amandes blanchies, pour une touche originale et subtile. Sa texture souple et le parfum d\u00e9licat de vanille viennent rehausser le go\u00fbt du miel, offrant une douceur gourmande et fondante. Un d\u00e9lice \u00e0 savourer seul ou \u00e0 partager. Ingr\u00e9dients : Sucre, AMANDES\u2026","rel":"","context":"\u00c4hnlicher Beitrag","block_context":{"text":"\u00c4hnlicher Beitrag","link":""},"img":{"alt_text":"","src":"https:\/\/i0.wp.com\/oiseauduparadis.ch\/wp-content\/uploads\/2023\/10\/Nougat-bars-Vital-Almond-540x406-1.jpg?fit=540%2C406&ssl=1&resize=350%2C200","width":350,"height":200,"srcset":"https:\/\/i0.wp.com\/oiseauduparadis.ch\/wp-content\/uploads\/2023\/10\/Nougat-bars-Vital-Almond-540x406-1.jpg?fit=540%2C406&ssl=1&resize=350%2C200 1x, https:\/\/i0.wp.com\/oiseauduparadis.ch\/wp-content\/uploads\/2023\/10\/Nougat-bars-Vital-Almond-540x406-1.jpg?fit=540%2C406&ssl=1&resize=525%2C300 1.5x"},"classes":[]},{"id":963,"url":"https:\/\/oiseauduparadis.ch\/de\/produkt\/pates-dor-propolis-200g\/","url_meta":{"origin":965,"position":3},"title":"P\u00e2tes d&rsquo;or Propolis &#8211; 20% de miel &#8211; 200g","author":"Armand Gander","date":"11 Januar 2021","format":false,"excerpt":"Savourez notre p\u00e2te d\u2019or artisanale, r\u00e9alis\u00e9e \u00e0 partir de miel et propolis pour un go\u00fbt unique et des bienfaits naturels. Avec 20% de miel et 2,5% de propolis, cette p\u00e2te est d\u00e9licatement d\u00e9coup\u00e9e \u00e0 la main et offre une texture fondante. Parfaite pour allier plaisir et bien-\u00eatre. Conditionnement : Paquet\u2026","rel":"","context":"\u00c4hnlicher Beitrag","block_context":{"text":"\u00c4hnlicher Beitrag","link":""},"img":{"alt_text":"","src":"https:\/\/i0.wp.com\/oiseauduparadis.ch\/wp-content\/uploads\/2021\/01\/50105_PATEDOR_PROPOLIS_SUCRE_DE_CANNE.jpg?fit=800%2C630&ssl=1&resize=350%2C200","width":350,"height":200,"srcset":"https:\/\/i0.wp.com\/oiseauduparadis.ch\/wp-content\/uploads\/2021\/01\/50105_PATEDOR_PROPOLIS_SUCRE_DE_CANNE.jpg?fit=800%2C630&ssl=1&resize=350%2C200 1x, https:\/\/i0.wp.com\/oiseauduparadis.ch\/wp-content\/uploads\/2021\/01\/50105_PATEDOR_PROPOLIS_SUCRE_DE_CANNE.jpg?fit=800%2C630&ssl=1&resize=525%2C300 1.5x, https:\/\/i0.wp.com\/oiseauduparadis.ch\/wp-content\/uploads\/2021\/01\/50105_PATEDOR_PROPOLIS_SUCRE_DE_CANNE.jpg?fit=800%2C630&ssl=1&resize=700%2C400 2x"},"classes":[]},{"id":2390,"url":"https:\/\/oiseauduparadis.ch\/de\/produkt\/moutarde-a-lancienne-au-miel\/","url_meta":{"origin":965,"position":4},"title":"Moutarde \u00e0 l&rsquo;ancienne au miel 180g","author":"Armand Gander","date":"13 November 2023","format":false,"excerpt":"Moutarde \u00e0 l\u2019Ancienne au Miel \u2013 Douceur et Caract\u00e8re \u00c9labor\u00e9e avec des graines de moutarde jaunes et noires, cette moutarde est adoucie par 10% de miel issu de nos ruchers fran\u00e7ais. Id\u00e9ale pour badigeonner viandes, r\u00f4tis, ou pour rehausser vinaigrettes et sauces maison. Ingr\u00e9dients Vinaigre de cidre*, graines de MOUTARDE,\u2026","rel":"","context":"\u00c4hnlicher Beitrag","block_context":{"text":"\u00c4hnlicher Beitrag","link":""},"img":{"alt_text":"","src":"https:\/\/i0.wp.com\/oiseauduparadis.ch\/wp-content\/uploads\/2023\/11\/20231114_104610-scaled.jpg?fit=733%2C1200&ssl=1&resize=350%2C200","width":350,"height":200,"srcset":"https:\/\/i0.wp.com\/oiseauduparadis.ch\/wp-content\/uploads\/2023\/11\/20231114_104610-scaled.jpg?fit=733%2C1200&ssl=1&resize=350%2C200 1x, https:\/\/i0.wp.com\/oiseauduparadis.ch\/wp-content\/uploads\/2023\/11\/20231114_104610-scaled.jpg?fit=733%2C1200&ssl=1&resize=525%2C300 1.5x, https:\/\/i0.wp.com\/oiseauduparadis.ch\/wp-content\/uploads\/2023\/11\/20231114_104610-scaled.jpg?fit=733%2C1200&ssl=1&resize=700%2C400 2x"},"classes":[]},{"id":959,"url":"https:\/\/oiseauduparadis.ch\/de\/produkt\/miel-aas-250g\/","url_meta":{"origin":965,"position":5},"title":"Les 2 AA &#8211; Miel de Ch\u00e2tel-St-Denis","author":"Armand Gander","date":"16 Januar 2021","format":false,"excerpt":"Les 2 AA \u2013 Du miel, de l\u2019amiti\u00e9 et beaucoup d\u2019amour ! Armand et Alexandre, deux apiculteurs ins\u00e9parables\u2026 et nos abeilles, des coll\u00e8gues infatigables ! Ensemble, on fabrique un miel aussi doux que notre amiti\u00e9 et aussi dor\u00e9 que nos fous rires. 100% naturel, 100% artisanal et 200% bon \u2013\u2026","rel":"","context":"\u00c4hnlicher Beitrag","block_context":{"text":"\u00c4hnlicher Beitrag","link":""},"img":{"alt_text":"","src":"https:\/\/i0.wp.com\/oiseauduparadis.ch\/wp-content\/uploads\/2023\/10\/honey-jar-beehives-meadow-springtime.webp?fit=1200%2C800&ssl=1&resize=350%2C200","width":350,"height":200,"srcset":"https:\/\/i0.wp.com\/oiseauduparadis.ch\/wp-content\/uploads\/2023\/10\/honey-jar-beehives-meadow-springtime.webp?fit=1200%2C800&ssl=1&resize=350%2C200 1x, https:\/\/i0.wp.com\/oiseauduparadis.ch\/wp-content\/uploads\/2023\/10\/honey-jar-beehives-meadow-springtime.webp?fit=1200%2C800&ssl=1&resize=525%2C300 1.5x, https:\/\/i0.wp.com\/oiseauduparadis.ch\/wp-content\/uploads\/2023\/10\/honey-jar-beehives-meadow-springtime.webp?fit=1200%2C800&ssl=1&resize=700%2C400 2x, https:\/\/i0.wp.com\/oiseauduparadis.ch\/wp-content\/uploads\/2023\/10\/honey-jar-beehives-meadow-springtime.webp?fit=1200%2C800&ssl=1&resize=1050%2C600 3x"},"classes":[]}],"jetpack_sharing_enabled":true,"_links":{"self":[{"href":"https:\/\/oiseauduparadis.ch\/de\/wp-json\/wp\/v2\/product\/965","targetHints":{"allow":["GET"]}}],"collection":[{"href":"https:\/\/oiseauduparadis.ch\/de\/wp-json\/wp\/v2\/product"}],"about":[{"href":"https:\/\/oiseauduparadis.ch\/de\/wp-json\/wp\/v2\/types\/product"}],"replies":[{"embeddable":true,"href":"https:\/\/oiseauduparadis.ch\/de\/wp-json\/wp\/v2\/comments?post=965"}],"wp:featuredmedia":[{"embeddable":true,"href":"https:\/\/oiseauduparadis.ch\/de\/wp-json\/wp\/v2\/media\/976"}],"wp:attachment":[{"href":"https:\/\/oiseauduparadis.ch\/de\/wp-json\/wp\/v2\/media?parent=965"}],"wp:term":[{"taxonomy":"product_brand","embeddable":true,"href":"https:\/\/oiseauduparadis.ch\/de\/wp-json\/wp\/v2\/product_brand?post=965"},{"taxonomy":"product_cat","embeddable":true,"href":"https:\/\/oiseauduparadis.ch\/de\/wp-json\/wp\/v2\/product_cat?post=965"},{"taxonomy":"product_tag","embeddable":true,"href":"https:\/\/oiseauduparadis.ch\/de\/wp-json\/wp\/v2\/product_tag?post=965"}],"curies":[{"name":"wp","href":"https:\/\/api.w.org\/{rel}","templated":true}]}}